{"id":28961,"date":"2017-09-08T11:59:40","date_gmt":"2017-09-08T11:59:40","guid":{"rendered":"https:\/\/www.gbchampionship.com\/kubata\/?page_id=28961"},"modified":"2017-09-14T18:00:00","modified_gmt":"2017-09-14T18:00:00","slug":"danielo","status":"publish","type":"page","link":"https:\/\/www.gbchampionship.com\/kubata\/danielo\/","title":{"rendered":"Danielo"},"content":{"rendered":"<p>[et_pb_section bb_built=\u00bb1&#8243;][et_pb_row][et_pb_column type=\u00bb1_4&#8243;][et_pb_image _builder_version=\u00bb3.0.64&#8243; src=\u00bbhttps:\/\/www.gbchampionship.com\/kubata\/wp-content\/uploads\/2017\/09\/danielo.jpg\u00bb show_in_lightbox=\u00bboff\u00bb url_new_window=\u00bboff\u00bb use_overlay=\u00bboff\u00bb sticky=\u00bboff\u00bb align=\u00bbleft\u00bb always_center_on_mobile=\u00bbon\u00bb border_style=\u00bbsolid\u00bb force_fullwidth=\u00bboff\u00bb \/][et_pb_button _builder_version=\u00bb3.0.64&#8243; button_text=\u00bbVer m\u00e1s h\u00e9roes\u00bb button_url=\u00bb\/kubata\/los-heroes\/\u00bb url_new_window=\u00bboff\u00bb button_alignment=\u00bbleft\u00bb background_layout=\u00bblight\u00bb custom_button=\u00bboff\u00bb button_letter_spacing=\u00bb0&#8243; button_icon_placement=\u00bbright\u00bb button_letter_spacing_hover=\u00bb0&#8243; \/][\/et_pb_column][et_pb_column type=\u00bb3_4&#8243;][et_pb_text _builder_version=\u00bb3.0.64&#8243; background_layout=\u00bblight\u00bb text_orientation=\u00bbleft\u00bb border_style=\u00bbsolid\u00bb]<\/p>\n<h1>Danielo<\/h1>\n<p><strong>1. \u00bfCuantos a\u00f1os llevas en esto de los dardos?<\/strong><br \/>\nLlevo m\u00e1s de lo que parece<br \/>\n<strong>2. \u00bfCual es tu MPR y PPD aprox.?<\/strong><br \/>\nMPR sobre un 2,5 2,70 y en PPD un 20 alto<br \/>\n<strong>3. \u00bfCu\u00e1l ha sido tu mayor victoria en el Kubata?<\/strong><br \/>\nTengo especial cari\u00f1o a un doble 11 para cerrar una partida que nos daba el 6-6 y que los Dart Vaders pues conseguimos el segundo puesto y la clasificaci\u00f3n para el pr\u00f3ximo nacional<br \/>\n<strong>4. \u00bfY cual fuera del Kubata?<\/strong><br \/>\nEn la \u00e9poca de Vadelsa, una partida en el Club de dardos Dejav\u00fa con Holajata Tropellen, equipo hist\u00f3rico y muy laureado. Un 41,75 en 501, creo que cerr\u00e9 con triple 17, pero no estoy del todo seguro, pero fue mi mejor partida en una partida oficial en 501<br \/>\n<strong>5. \u00bfEntrenas?<\/strong><br \/>\nSi bueno cuando bajo al Kubata, para mi el Kubata es pasar el rato con mis amigos, cervezas, chupitos y jugar a los dardos<br \/>\n<strong>6. \u00bfCual es tu pauta de entrenamiento?<\/strong><br \/>\nPasarlo bien, jugar siempre disfrutando y en el momento y aprendiendo todo lo que se pueda, la mejor manera es estar disfruitando siempre<br \/>\n<strong>7. \u00bfQui\u00e9n es tu \u00eddolo en el Kubata?<\/strong><br \/>\nEs coplicado pues hay muy buenos jugadores, uno que me impresione por edad y juego, Don Pablito Cort\u00e9s<br \/>\n<strong>8. \u00bfCual es tu n\u00famero favorito?<\/strong><br \/>\nEl 15 sin lugar a dudas<br \/>\n<strong>9. \u00bfQu\u00e9 n\u00famero te da m\u00e1s rabia?<\/strong><br \/>\nTodos los n\u00fameros que no me aportan nada en una partida de dardos, es decir, varios. quiz\u00e1s entre el 1 y el 5 por eso de estar al lado del 20, putean bastente, sobran.<br \/>\n<strong>10. \u00bfSabr\u00edas dibujar un c\u00edrculo y poner los n\u00fameros correctamente sin mirar a la diana?<\/strong><br \/>\nSabr\u00eda poner los n\u00fameros sin dudarlo, con los ojos cerrados, el c\u00edrculo no se si lo sabr\u00eda dibujar<br \/>\n<strong>11. \u00bfQu\u00e9 es lo que te da m\u00e1s rabia al jugar?<\/strong><br \/>\nEspecialmente que est\u00e9 alguien continuamente habl\u00e1ndote, atosigando en voz alta con la intenci\u00f3n de distraerte. No que haya gente alrededor teniendo sus conversaciones. No es del todo correcto.<br \/>\n<strong>12. \u00bfEn qu\u00e9 momento de la partida disfrutas m\u00e1s jugando a los dardos?<\/strong><br \/>\nCuando se necesita sumar en el cricket para ganar una partida, sobre todo en parejas, que me parece la modalidad m\u00e1s bonita. tirar para sumar lo que la pareja necesita para ganar la partida, me gusta mich\u00edsimo, sobre todo cuando sale.<br \/>\n<strong>13. \u00bfQui\u00e9n dir\u00edas que es la nueva promesa del Kubata?<\/strong><br \/>\nEs complicado. Ultimamente veo jugar muy bien a Julito y a Edgar, que ha variado su forma de tiro y se le ha visto una mejora muy grande. Mucha m\u00e1s seguridad en su tiro. La \u00faltima temporada de Gon con New kids ha sido muy prometedora.<br \/>\n<strong>14. \u00bfQu\u00e9 prefieres beber mientras juegas?<\/strong><br \/>\nCervezas encadenando con chupitos de Tequila y el \u00faltimo descubrimiento Thunder Bitch, que me da bastante menos resaca<br \/>\n<strong>15. \u00bfCon qu\u00e9 jugador llevas un pique personal?<\/strong><br \/>\nNing\u00fan pique personal, pero disfruto especialmente con dos jugadores, con M\u00e1gico y Soldado. Luego habr\u00eda muchos, disfruto con casi todo el mundo. Cuando hay buen rollo,mola mucho jugar a los dardos y disfrutar con una cerveza.<br \/>\n<strong>16. \u00bfSabr\u00edas explicarnos tu t\u00e9cnica de tiro?\u00bfQu\u00e9 haces, c\u00f3mo apuntas, c\u00f3mo tiras?<\/strong><br \/>\nApuntar y no pensar. intentar concentrarte es una de las m\u00e1ximas. Un 80, 90% est\u00e1 en la cabeza cuando llevas mucho tiempo. Si piensas te pueden entrar dudas, si utilizas el tiempo para concentrarte, ganas mucho. Es lo m\u00e1s complicado<br \/>\n<strong>17. \u00bfHasta qu\u00e9 punto el ruido te molesta a la hora de tirar?<\/strong><br \/>\nNo me molesta nada. Al final te acostumbras. El silencio absoluto de estar en casa jugando solo, no me gusta. El murmullo del bar no me molesta en absoiluto.<\/p>\n<p>[\/et_pb_text][\/et_pb_column][\/et_pb_row][\/et_pb_section][et_pb_section bb_built=\u00bb1&#8243; fullwidth=\u00bboff\u00bb specialty=\u00bboff\u00bb _builder_version=\u00bb3.0.64&#8243; global_module=\u00bb29132&#8243;][et_pb_row global_parent=\u00bb29132&#8243;][et_pb_column type=\u00bb4_4&#8243;][et_pb_comments global_parent=\u00bb29132&#8243; _builder_version=\u00bb3.0.64&#8243; show_avatar=\u00bbon\u00bb show_reply=\u00bbon\u00bb show_count=\u00bbon\u00bb background_layout=\u00bblight\u00bb border_style=\u00bbsolid\u00bb custom_button=\u00bboff\u00bb button_letter_spacing=\u00bb0&#8243; button_icon_placement=\u00bbright\u00bb button_letter_spacing_hover=\u00bb0&#8243; \/][\/et_pb_column][\/et_pb_row][\/et_pb_section]<\/p>\n<!-- AddThis Advanced Settings generic via filter on the_content --><!-- AddThis Share Buttons generic via filter on the_content -->","protected":false},"excerpt":{"rendered":"<p><div class=\"et_pb_row et_pb_row_0 et_pb_row_empty\">\n\t\t\t\t\n\t\t\t\t\n\t\t\t\t\n\t\t\t\t\n\t\t\t\t\n\t\t\t<\/div> Danielo 1. \u00bfCuantos a\u00f1os llevas en esto de los dardos? Llevo m\u00e1s de lo que parece 2. \u00bfCual es tu MPR y PPD aprox.? MPR sobre un 2,5 2,70 y en PPD un 20 alto 3. \u00bfCu\u00e1l ha sido tu mayor victoria en el Kubata? Tengo especial cari\u00f1o a un doble 11 para cerrar [&hellip;]<\/p>\n<p><!-- AddThis Advanced Settings generic via filter on get_the_excerpt --><!-- AddThis Share Buttons generic via filter on get_the_excerpt --><\/p>\n","protected":false},"author":7,"featured_media":0,"parent":0,"menu_order":0,"comment_status":"open","ping_status":"closed","template":"","meta":{"_et_pb_use_builder":"on","_et_pb_old_content":"","_et_gb_content_width":"","footnotes":""},"class_list":["post-28961","page","type-page","status-publish","hentry"],"yoast_head":"<!-- This site is optimized with the Yoast SEO plugin v24.9 - https:\/\/yoast.com\/wordpress\/plugins\/seo\/ -->\n<title>Danielo - Kubata de Hojalata<\/title>\n<meta name=\"robots\" content=\"index, follow, max-snippet:-1, max-image-preview:large, max-video-preview:-1\" \/>\n<link rel=\"canonical\" href=\"https:\/\/www.gbchampionship.com\/kubata\/danielo\/\" \/>\n<meta property=\"og:locale\" content=\"es_ES\" \/>\n<meta property=\"og:type\" content=\"article\" \/>\n<meta property=\"og:title\" content=\"Danielo - Kubata de Hojalata\" \/>\n<meta property=\"og:description\" content=\"Danielo 1. \u00bfCuantos a\u00f1os llevas en esto de los dardos? Llevo m\u00e1s de lo que parece 2. \u00bfCual es tu MPR y PPD aprox.? MPR sobre un 2,5 2,70 y en PPD un 20 alto 3. \u00bfCu\u00e1l ha sido tu mayor victoria en el Kubata? Tengo especial cari\u00f1o a un doble 11 para cerrar [&hellip;]\" \/>\n<meta property=\"og:url\" content=\"https:\/\/www.gbchampionship.com\/kubata\/danielo\/\" \/>\n<meta property=\"og:site_name\" content=\"Kubata de Hojalata\" \/>\n<meta property=\"article:modified_time\" content=\"2017-09-14T18:00:00+00:00\" \/>\n<meta name=\"twitter:card\" content=\"summary_large_image\" \/>\n<meta name=\"twitter:label1\" content=\"Tiempo de lectura\" \/>\n\t<meta name=\"twitter:data1\" content=\"4 minutos\" \/>\n<script type=\"application\/ld+json\" class=\"yoast-schema-graph\">{\"@context\":\"https:\/\/schema.org\",\"@graph\":[{\"@type\":\"WebPage\",\"@id\":\"https:\/\/www.gbchampionship.com\/kubata\/danielo\/\",\"url\":\"https:\/\/www.gbchampionship.com\/kubata\/danielo\/\",\"name\":\"Danielo - Kubata de Hojalata\",\"isPartOf\":{\"@id\":\"https:\/\/www.gbchampionship.com\/kubata\/#website\"},\"datePublished\":\"2017-09-08T11:59:40+00:00\",\"dateModified\":\"2017-09-14T18:00:00+00:00\",\"breadcrumb\":{\"@id\":\"https:\/\/www.gbchampionship.com\/kubata\/danielo\/#breadcrumb\"},\"inLanguage\":\"es\",\"potentialAction\":[{\"@type\":\"ReadAction\",\"target\":[\"https:\/\/www.gbchampionship.com\/kubata\/danielo\/\"]}]},{\"@type\":\"BreadcrumbList\",\"@id\":\"https:\/\/www.gbchampionship.com\/kubata\/danielo\/#breadcrumb\",\"itemListElement\":[{\"@type\":\"ListItem\",\"position\":1,\"name\":\"Portada\",\"item\":\"https:\/\/www.gbchampionship.com\/kubata\/\"},{\"@type\":\"ListItem\",\"position\":2,\"name\":\"Danielo\"}]},{\"@type\":\"WebSite\",\"@id\":\"https:\/\/www.gbchampionship.com\/kubata\/#website\",\"url\":\"https:\/\/www.gbchampionship.com\/kubata\/\",\"name\":\"Kubata de Hojalata\",\"description\":\"\",\"potentialAction\":[{\"@type\":\"SearchAction\",\"target\":{\"@type\":\"EntryPoint\",\"urlTemplate\":\"https:\/\/www.gbchampionship.com\/kubata\/?s={search_term_string}\"},\"query-input\":{\"@type\":\"PropertyValueSpecification\",\"valueRequired\":true,\"valueName\":\"search_term_string\"}}],\"inLanguage\":\"es\"}]}<\/script>\n<!-- \/ Yoast SEO plugin. -->","yoast_head_json":{"title":"Danielo - Kubata de Hojalata","robots":{"index":"index","follow":"follow","max-snippet":"max-snippet:-1","max-image-preview":"max-image-preview:large","max-video-preview":"max-video-preview:-1"},"canonical":"https:\/\/www.gbchampionship.com\/kubata\/danielo\/","og_locale":"es_ES","og_type":"article","og_title":"Danielo - Kubata de Hojalata","og_description":"Danielo 1. \u00bfCuantos a\u00f1os llevas en esto de los dardos? Llevo m\u00e1s de lo que parece 2. \u00bfCual es tu MPR y PPD aprox.? MPR sobre un 2,5 2,70 y en PPD un 20 alto 3. \u00bfCu\u00e1l ha sido tu mayor victoria en el Kubata? Tengo especial cari\u00f1o a un doble 11 para cerrar [&hellip;]","og_url":"https:\/\/www.gbchampionship.com\/kubata\/danielo\/","og_site_name":"Kubata de Hojalata","article_modified_time":"2017-09-14T18:00:00+00:00","twitter_card":"summary_large_image","twitter_misc":{"Tiempo de lectura":"4 minutos"},"schema":{"@context":"https:\/\/schema.org","@graph":[{"@type":"WebPage","@id":"https:\/\/www.gbchampionship.com\/kubata\/danielo\/","url":"https:\/\/www.gbchampionship.com\/kubata\/danielo\/","name":"Danielo - Kubata de Hojalata","isPartOf":{"@id":"https:\/\/www.gbchampionship.com\/kubata\/#website"},"datePublished":"2017-09-08T11:59:40+00:00","dateModified":"2017-09-14T18:00:00+00:00","breadcrumb":{"@id":"https:\/\/www.gbchampionship.com\/kubata\/danielo\/#breadcrumb"},"inLanguage":"es","potentialAction":[{"@type":"ReadAction","target":["https:\/\/www.gbchampionship.com\/kubata\/danielo\/"]}]},{"@type":"BreadcrumbList","@id":"https:\/\/www.gbchampionship.com\/kubata\/danielo\/#breadcrumb","itemListElement":[{"@type":"ListItem","position":1,"name":"Portada","item":"https:\/\/www.gbchampionship.com\/kubata\/"},{"@type":"ListItem","position":2,"name":"Danielo"}]},{"@type":"WebSite","@id":"https:\/\/www.gbchampionship.com\/kubata\/#website","url":"https:\/\/www.gbchampionship.com\/kubata\/","name":"Kubata de Hojalata","description":"","potentialAction":[{"@type":"SearchAction","target":{"@type":"EntryPoint","urlTemplate":"https:\/\/www.gbchampionship.com\/kubata\/?s={search_term_string}"},"query-input":{"@type":"PropertyValueSpecification","valueRequired":true,"valueName":"search_term_string"}}],"inLanguage":"es"}]}},"_links":{"self":[{"href":"https:\/\/www.gbchampionship.com\/kubata\/wp-json\/wp\/v2\/pages\/28961","targetHints":{"allow":["GET"]}}],"collection":[{"href":"https:\/\/www.gbchampionship.com\/kubata\/wp-json\/wp\/v2\/pages"}],"about":[{"href":"https:\/\/www.gbchampionship.com\/kubata\/wp-json\/wp\/v2\/types\/page"}],"author":[{"embeddable":true,"href":"https:\/\/www.gbchampionship.com\/kubata\/wp-json\/wp\/v2\/users\/7"}],"replies":[{"embeddable":true,"href":"https:\/\/www.gbchampionship.com\/kubata\/wp-json\/wp\/v2\/comments?post=28961"}],"version-history":[{"count":4,"href":"https:\/\/www.gbchampionship.com\/kubata\/wp-json\/wp\/v2\/pages\/28961\/revisions"}],"predecessor-version":[{"id":29136,"href":"https:\/\/www.gbchampionship.com\/kubata\/wp-json\/wp\/v2\/pages\/28961\/revisions\/29136"}],"wp:attachment":[{"href":"https:\/\/www.gbchampionship.com\/kubata\/wp-json\/wp\/v2\/media?parent=28961"}],"curies":[{"name":"wp","href":"https:\/\/api.w.org\/{rel}","templated":true}]}}