{"id":28965,"date":"2017-09-08T15:07:39","date_gmt":"2017-09-08T15:07:39","guid":{"rendered":"https:\/\/www.gbchampionship.com\/kubata\/?page_id=28965"},"modified":"2017-09-14T18:02:30","modified_gmt":"2017-09-14T18:02:30","slug":"pineda","status":"publish","type":"page","link":"https:\/\/www.gbchampionship.com\/kubata\/pineda\/","title":{"rendered":"Pineda"},"content":{"rendered":"<p>[et_pb_section bb_built=\u00bb1&#8243;][et_pb_row][et_pb_column type=\u00bb1_4&#8243;][et_pb_image _builder_version=\u00bb3.0.64&#8243; src=\u00bbhttps:\/\/www.gbchampionship.com\/kubata\/wp-content\/uploads\/2017\/09\/pineda.jpg\u00bb show_in_lightbox=\u00bboff\u00bb url_new_window=\u00bboff\u00bb use_overlay=\u00bboff\u00bb sticky=\u00bboff\u00bb align=\u00bbleft\u00bb always_center_on_mobile=\u00bbon\u00bb border_style=\u00bbsolid\u00bb force_fullwidth=\u00bboff\u00bb \/][et_pb_button _builder_version=\u00bb3.0.64&#8243; button_text=\u00bbVer m\u00e1s h\u00e9roes\u00bb button_url=\u00bb\/kubata\/los-heroes\/\u00bb url_new_window=\u00bboff\u00bb button_alignment=\u00bbleft\u00bb background_layout=\u00bblight\u00bb custom_button=\u00bboff\u00bb button_letter_spacing=\u00bb0&#8243; button_icon_placement=\u00bbright\u00bb button_letter_spacing_hover=\u00bb0&#8243; \/][\/et_pb_column][et_pb_column type=\u00bb3_4&#8243;][et_pb_text _builder_version=\u00bb3.0.64&#8243; background_layout=\u00bblight\u00bb text_orientation=\u00bbleft\u00bb border_style=\u00bbsolid\u00bb]<\/p>\n<h1>Pineda<\/h1>\n<p><strong>1. \u00bfCuantos a\u00f1os llevas en esto de los dardos?<\/strong><br \/>\nUn a\u00f1o y medio<br \/>\n<strong>2. \u00bfCual es tu MPR y PPD aprox.?<\/strong><br \/>\nHe bajado un poco pero en 22 y 2,60 &#8211; 2,70 cuando estoy entrenando bien.<br \/>\n<strong>3. \u00bfCu\u00e1l ha sido tu mayor victoria en el Kubata?<\/strong><br \/>\nEn cuanto a PPD o MPR jugando con Danielo, hice un 5,60 o algo as\u00ed. La m\u00e1s satisfactoria fue una contra Oscar porque me estaba dando por culo y cuando cerr\u00e9 me qued\u00e9 muy agusto y le met\u00ed un grito en la cara incre\u00edble. A\u00fan se acuerda \u00e9l, seguro.<br \/>\n<strong>4. \u00bfY cual fuera del Kubata?<\/strong><br \/>\nUna partida contra Aulaso que nos vacilaron en plan \u00abno, tu no tires porque total est\u00e1n congelados y el chico no va a cerrar\u00bb. Fue la \u00fanica partida que ganamos de primera liga de la BullShooter. 3 doble era para cerrar y Pam, a la primera. Eso fue gratificante<br \/>\n<strong>5. \u00bfEntrenas?<\/strong><br \/>\nAntes m\u00e1s, cuando me romp\u00ed la mano<br \/>\n<strong>6. \u00bfCual es tu pauta de entrenamiento?<\/strong><br \/>\nLa que me pas\u00f3 \u00c1lvaro Giner. Empieza con 50 dianas, despu\u00e9s un juego que es el cierre del cierre y hacer los n\u00fameros del cricket en un m\u00e1ximo de 6 tiradas. Ese es el entrenamiento que hago.<br \/>\n<strong>7. \u00bfQui\u00e9n es tu \u00eddolo en el Kubata?<\/strong><br \/>\nMetaf\u00f3ricamente hablando, Gon. En cuanto a juego, Pablo y Carlos para mi son los mejores.<br \/>\n<strong>8. \u00bfCual es tu n\u00famero favorito?<\/strong><br \/>\nEl 17 triple<br \/>\n<strong>9. \u00bfQu\u00e9 n\u00famero te da m\u00e1s rabia?<\/strong><br \/>\nDel cricket el 18, es el que m\u00e1s me cuesta.<br \/>\n<strong>10. \u00bfSabr\u00edas dibujar un c\u00edrculo y poner los n\u00fameros correctamente sin mirar a la diana?<\/strong><br \/>\nSi, de hecho ya lo he hecho muchas veces&#8230; Muy friki, ya lo se.<br \/>\n<strong>11. \u00bfQu\u00e9 es lo que te da m\u00e1s rabia al jugar?<\/strong><br \/>\nEl p\u00edxel, el puto p\u00edxel. Me pone de los putos nervios.<br \/>\n<strong>12. \u00bfEn qu\u00e9 momento de la partida disfrutas m\u00e1s jugando a los dardos?<\/strong><br \/>\nDisfruto de principio a fin. Soy un dardero de raza.<br \/>\n<strong>13. \u00bfQui\u00e9n dir\u00edas que es la nueva promesa del Kubata?<\/strong><br \/>\n\u00a1Mika! Con sus donuts.<br \/>\n<strong>14. \u00bfQu\u00e9 prefieres beber mientras juegas?<\/strong><br \/>\nCerveza y ron.<br \/>\n<strong>15. \u00bfCon qu\u00e9 jugador llevas un pique personal?<\/strong><br \/>\nCon varios, con Varo en su d\u00eda lo llev\u00e9, pero me super\u00f3 porque yo me romp\u00ed la mano. Con Danielo.tengo tambi\u00e9n mi pique.<br \/>\n<strong>16. \u00bfSabr\u00edas explicarnos tu t\u00e9cnica de tiro?\u00bfQu\u00e9 haces, c\u00f3mo apuntas, c\u00f3mo tiras?<\/strong><br \/>\nMe coloco, tiro de lado, apunto y disparo.<br \/>\n<strong>17. \u00bfHasta qu\u00e9 punto el ruido te molesta a la hora de tirar?<\/strong><br \/>\nNo me molesta una puta mierda. Me puedo pasar horas y horas jugando y no me canso. Lo \u00fanico, m\u00e1s que el ruido es cuando el puto \u00d3scar se queda apoyado en la m\u00e1quina de tabaco y te mira y se pone con psicolog\u00eda de esta rara. Es un capullo, un calvete adem\u00e1s&#8230;\u00d3scar te quiero.<\/p>\n<p>[\/et_pb_text][\/et_pb_column][\/et_pb_row][\/et_pb_section][et_pb_section bb_built=\u00bb1&#8243; fullwidth=\u00bboff\u00bb specialty=\u00bboff\u00bb _builder_version=\u00bb3.0.64&#8243; global_module=\u00bb29132&#8243;][et_pb_row global_parent=\u00bb29132&#8243;][et_pb_column type=\u00bb4_4&#8243;][et_pb_comments global_parent=\u00bb29132&#8243; _builder_version=\u00bb3.0.64&#8243; show_avatar=\u00bbon\u00bb show_reply=\u00bbon\u00bb show_count=\u00bbon\u00bb background_layout=\u00bblight\u00bb border_style=\u00bbsolid\u00bb custom_button=\u00bboff\u00bb button_letter_spacing=\u00bb0&#8243; button_icon_placement=\u00bbright\u00bb button_letter_spacing_hover=\u00bb0&#8243; \/][\/et_pb_column][\/et_pb_row][\/et_pb_section]<\/p>\n<!-- AddThis Advanced Settings generic via filter on the_content --><!-- AddThis Share Buttons generic via filter on the_content -->","protected":false},"excerpt":{"rendered":"<p><div class=\"et_pb_row et_pb_row_0 et_pb_row_empty\">\n\t\t\t\t\n\t\t\t\t\n\t\t\t\t\n\t\t\t\t\n\t\t\t\t\n\t\t\t<\/div> Pineda 1. \u00bfCuantos a\u00f1os llevas en esto de los dardos? Un a\u00f1o y medio 2. \u00bfCual es tu MPR y PPD aprox.? He bajado un poco pero en 22 y 2,60 &#8211; 2,70 cuando estoy entrenando bien. 3. \u00bfCu\u00e1l ha sido tu mayor victoria en el Kubata? En cuanto a PPD o MPR jugando [&hellip;]<\/p>\n<p><!-- AddThis Advanced Settings generic via filter on get_the_excerpt --><!-- AddThis Share Buttons generic via filter on get_the_excerpt --><\/p>\n","protected":false},"author":7,"featured_media":0,"parent":0,"menu_order":0,"comment_status":"open","ping_status":"closed","template":"","meta":{"_et_pb_use_builder":"on","_et_pb_old_content":"","_et_gb_content_width":"","footnotes":""},"class_list":["post-28965","page","type-page","status-publish","hentry"],"yoast_head":"<!-- This site is optimized with the Yoast SEO plugin v24.9 - https:\/\/yoast.com\/wordpress\/plugins\/seo\/ -->\n<title>Pineda - Kubata de Hojalata<\/title>\n<meta name=\"robots\" content=\"index, follow, max-snippet:-1, max-image-preview:large, max-video-preview:-1\" \/>\n<link rel=\"canonical\" href=\"https:\/\/www.gbchampionship.com\/kubata\/pineda\/\" \/>\n<meta property=\"og:locale\" content=\"es_ES\" \/>\n<meta property=\"og:type\" content=\"article\" \/>\n<meta property=\"og:title\" content=\"Pineda - Kubata de Hojalata\" \/>\n<meta property=\"og:description\" content=\"Pineda 1. \u00bfCuantos a\u00f1os llevas en esto de los dardos? Un a\u00f1o y medio 2. \u00bfCual es tu MPR y PPD aprox.? He bajado un poco pero en 22 y 2,60 - 2,70 cuando estoy entrenando bien. 3. \u00bfCu\u00e1l ha sido tu mayor victoria en el Kubata? En cuanto a PPD o MPR jugando [&hellip;]\" \/>\n<meta property=\"og:url\" content=\"https:\/\/www.gbchampionship.com\/kubata\/pineda\/\" \/>\n<meta property=\"og:site_name\" content=\"Kubata de Hojalata\" \/>\n<meta property=\"article:modified_time\" content=\"2017-09-14T18:02:30+00:00\" \/>\n<meta name=\"twitter:card\" content=\"summary_large_image\" \/>\n<meta name=\"twitter:label1\" content=\"Tiempo de lectura\" \/>\n\t<meta name=\"twitter:data1\" content=\"3 minutos\" \/>\n<script type=\"application\/ld+json\" class=\"yoast-schema-graph\">{\"@context\":\"https:\/\/schema.org\",\"@graph\":[{\"@type\":\"WebPage\",\"@id\":\"https:\/\/www.gbchampionship.com\/kubata\/pineda\/\",\"url\":\"https:\/\/www.gbchampionship.com\/kubata\/pineda\/\",\"name\":\"Pineda - Kubata de Hojalata\",\"isPartOf\":{\"@id\":\"https:\/\/www.gbchampionship.com\/kubata\/#website\"},\"datePublished\":\"2017-09-08T15:07:39+00:00\",\"dateModified\":\"2017-09-14T18:02:30+00:00\",\"breadcrumb\":{\"@id\":\"https:\/\/www.gbchampionship.com\/kubata\/pineda\/#breadcrumb\"},\"inLanguage\":\"es\",\"potentialAction\":[{\"@type\":\"ReadAction\",\"target\":[\"https:\/\/www.gbchampionship.com\/kubata\/pineda\/\"]}]},{\"@type\":\"BreadcrumbList\",\"@id\":\"https:\/\/www.gbchampionship.com\/kubata\/pineda\/#breadcrumb\",\"itemListElement\":[{\"@type\":\"ListItem\",\"position\":1,\"name\":\"Portada\",\"item\":\"https:\/\/www.gbchampionship.com\/kubata\/\"},{\"@type\":\"ListItem\",\"position\":2,\"name\":\"Pineda\"}]},{\"@type\":\"WebSite\",\"@id\":\"https:\/\/www.gbchampionship.com\/kubata\/#website\",\"url\":\"https:\/\/www.gbchampionship.com\/kubata\/\",\"name\":\"Kubata de Hojalata\",\"description\":\"\",\"potentialAction\":[{\"@type\":\"SearchAction\",\"target\":{\"@type\":\"EntryPoint\",\"urlTemplate\":\"https:\/\/www.gbchampionship.com\/kubata\/?s={search_term_string}\"},\"query-input\":{\"@type\":\"PropertyValueSpecification\",\"valueRequired\":true,\"valueName\":\"search_term_string\"}}],\"inLanguage\":\"es\"}]}<\/script>\n<!-- \/ Yoast SEO plugin. -->","yoast_head_json":{"title":"Pineda - Kubata de Hojalata","robots":{"index":"index","follow":"follow","max-snippet":"max-snippet:-1","max-image-preview":"max-image-preview:large","max-video-preview":"max-video-preview:-1"},"canonical":"https:\/\/www.gbchampionship.com\/kubata\/pineda\/","og_locale":"es_ES","og_type":"article","og_title":"Pineda - Kubata de Hojalata","og_description":"Pineda 1. \u00bfCuantos a\u00f1os llevas en esto de los dardos? Un a\u00f1o y medio 2. \u00bfCual es tu MPR y PPD aprox.? He bajado un poco pero en 22 y 2,60 - 2,70 cuando estoy entrenando bien. 3. \u00bfCu\u00e1l ha sido tu mayor victoria en el Kubata? En cuanto a PPD o MPR jugando [&hellip;]","og_url":"https:\/\/www.gbchampionship.com\/kubata\/pineda\/","og_site_name":"Kubata de Hojalata","article_modified_time":"2017-09-14T18:02:30+00:00","twitter_card":"summary_large_image","twitter_misc":{"Tiempo de lectura":"3 minutos"},"schema":{"@context":"https:\/\/schema.org","@graph":[{"@type":"WebPage","@id":"https:\/\/www.gbchampionship.com\/kubata\/pineda\/","url":"https:\/\/www.gbchampionship.com\/kubata\/pineda\/","name":"Pineda - Kubata de Hojalata","isPartOf":{"@id":"https:\/\/www.gbchampionship.com\/kubata\/#website"},"datePublished":"2017-09-08T15:07:39+00:00","dateModified":"2017-09-14T18:02:30+00:00","breadcrumb":{"@id":"https:\/\/www.gbchampionship.com\/kubata\/pineda\/#breadcrumb"},"inLanguage":"es","potentialAction":[{"@type":"ReadAction","target":["https:\/\/www.gbchampionship.com\/kubata\/pineda\/"]}]},{"@type":"BreadcrumbList","@id":"https:\/\/www.gbchampionship.com\/kubata\/pineda\/#breadcrumb","itemListElement":[{"@type":"ListItem","position":1,"name":"Portada","item":"https:\/\/www.gbchampionship.com\/kubata\/"},{"@type":"ListItem","position":2,"name":"Pineda"}]},{"@type":"WebSite","@id":"https:\/\/www.gbchampionship.com\/kubata\/#website","url":"https:\/\/www.gbchampionship.com\/kubata\/","name":"Kubata de Hojalata","description":"","potentialAction":[{"@type":"SearchAction","target":{"@type":"EntryPoint","urlTemplate":"https:\/\/www.gbchampionship.com\/kubata\/?s={search_term_string}"},"query-input":{"@type":"PropertyValueSpecification","valueRequired":true,"valueName":"search_term_string"}}],"inLanguage":"es"}]}},"_links":{"self":[{"href":"https:\/\/www.gbchampionship.com\/kubata\/wp-json\/wp\/v2\/pages\/28965","targetHints":{"allow":["GET"]}}],"collection":[{"href":"https:\/\/www.gbchampionship.com\/kubata\/wp-json\/wp\/v2\/pages"}],"about":[{"href":"https:\/\/www.gbchampionship.com\/kubata\/wp-json\/wp\/v2\/types\/page"}],"author":[{"embeddable":true,"href":"https:\/\/www.gbchampionship.com\/kubata\/wp-json\/wp\/v2\/users\/7"}],"replies":[{"embeddable":true,"href":"https:\/\/www.gbchampionship.com\/kubata\/wp-json\/wp\/v2\/comments?post=28965"}],"version-history":[{"count":4,"href":"https:\/\/www.gbchampionship.com\/kubata\/wp-json\/wp\/v2\/pages\/28965\/revisions"}],"predecessor-version":[{"id":29154,"href":"https:\/\/www.gbchampionship.com\/kubata\/wp-json\/wp\/v2\/pages\/28965\/revisions\/29154"}],"wp:attachment":[{"href":"https:\/\/www.gbchampionship.com\/kubata\/wp-json\/wp\/v2\/media?parent=28965"}],"curies":[{"name":"wp","href":"https:\/\/api.w.org\/{rel}","templated":true}]}}