{"id":28968,"date":"2017-09-08T15:11:22","date_gmt":"2017-09-08T15:11:22","guid":{"rendered":"https:\/\/www.gbchampionship.com\/kubata\/?page_id=28968"},"modified":"2018-01-25T10:34:42","modified_gmt":"2018-01-25T10:34:42","slug":"los-heroes","status":"publish","type":"page","link":"https:\/\/www.gbchampionship.com\/kubata\/los-heroes\/","title":{"rendered":"Los h\u00e9roes"},"content":{"rendered":"<p>[et_pb_section bb_built=\u00bb1&#8243; fullwidth=\u00bboff\u00bb specialty=\u00bboff\u00bb][et_pb_row][et_pb_column type=\u00bb1_3&#8243;][et_pb_image _builder_version=\u00bb3.0.64&#8243; src=\u00bbhttps:\/\/www.gbchampionship.com\/kubata\/wp-content\/uploads\/2017\/09\/heroeskubata.jpg\u00bb show_in_lightbox=\u00bboff\u00bb url_new_window=\u00bboff\u00bb use_overlay=\u00bboff\u00bb sticky=\u00bboff\u00bb align=\u00bbleft\u00bb always_center_on_mobile=\u00bbon\u00bb border_style=\u00bbsolid\u00bb force_fullwidth=\u00bboff\u00bb \/][\/et_pb_column][et_pb_column type=\u00bb2_3&#8243;][et_pb_text _builder_version=\u00bb3.0.64&#8243; background_layout=\u00bblight\u00bb text_orientation=\u00bbleft\u00bb border_style=\u00bbsolid\u00bb]<\/p>\n<h1>H\u00e9roes del Kubata<\/h1>\n<p>[\/et_pb_text][et_pb_text _builder_version=\u00bb3.0.64&#8243; background_layout=\u00bblight\u00bb text_orientation=\u00bbleft\u00bb border_style=\u00bbsolid\u00bb custom_css_main_element=\u00bbtext-indent: 30px\u00bb]<\/p>\n<p>En esta secci\u00f3n del Blog Kubatero, y a trav\u00e9s de un estupendo cuestionario creado por iniciativa de Jorge, van a tomar relevancia los aut\u00e9nticos protagonistas del Kubata de Hojalata. Y no son los torneos, ni los resultados, ni los dardos \u00a1eh!, \u00a1son los que los tiran!. Somos afortunados de ya constituir un n\u00famero de darderos, que al ser tan considerable, de muchos de ellos apenas sabemos su nombre, equipo, y poco m\u00e1s.<\/p>\n<p>Aqu\u00ed l@s m\u00e1s marujon@s podreis disfrutar husmeando en las filias y fobias de los entrevistados, su trayectoria, e incluso conocer sus trucos. Y todo de primera mano. Son los <a href=\"https:\/\/www.gbchampionship.com\/kubata\/fotos\/\">darderos<\/a>, ellos mismos, los que gener\u00f3samente desmenuzan sus secretos y los comparten. Afables y alegres unos, serios y enigm\u00e1ticos otros, muchos los ver\u00e1n como simples desconocidos con los que coinciden mientras se toman algo echando unas partidas, pero en este blog sabemos que, lejos de ser simples seres humanos, ellos siempre ser\u00e1n para nosotros, nuestros \u00abH\u00e9roes del Kubata\u00bb. <em>Pac<\/em>.<\/p>\n<p>[\/et_pb_text][\/et_pb_column][\/et_pb_row][et_pb_row][et_pb_column type=\u00bb1_4&#8243;][et_pb_image _builder_version=\u00bb3.0.64&#8243; src=\u00bbhttps:\/\/www.gbchampionship.com\/kubata\/wp-content\/uploads\/2017\/09\/oskar.jpg\u00bb show_in_lightbox=\u00bboff\u00bb url=\u00bb\/kubata\/oskar\u00bb url_new_window=\u00bboff\u00bb use_overlay=\u00bbon\u00bb hover_overlay_color=\u00bbrgba(255,255,255,0.76)\u00bb sticky=\u00bboff\u00bb align=\u00bbleft\u00bb always_center_on_mobile=\u00bbon\u00bb border_style=\u00bbsolid\u00bb force_fullwidth=\u00bboff\u00bb \/][et_pb_image _builder_version=\u00bb3.0.64&#8243; src=\u00bbhttps:\/\/www.gbchampionship.com\/kubata\/wp-content\/uploads\/2017\/09\/edu.jpg\u00bb show_in_lightbox=\u00bboff\u00bb url=\u00bb\/kubata\/edu\u00bb url_new_window=\u00bboff\u00bb use_overlay=\u00bbon\u00bb hover_overlay_color=\u00bbrgba(255,255,255,0.76)\u00bb sticky=\u00bboff\u00bb align=\u00bbleft\u00bb always_center_on_mobile=\u00bbon\u00bb border_style=\u00bbsolid\u00bb force_fullwidth=\u00bboff\u00bb \/][et_pb_image _builder_version=\u00bb3.0.64&#8243; src=\u00bbhttps:\/\/www.gbchampionship.com\/kubata\/wp-content\/uploads\/2017\/09\/marta-1.jpg\u00bb show_in_lightbox=\u00bboff\u00bb url=\u00bb\/kubata\/marta\u00bb url_new_window=\u00bboff\u00bb use_overlay=\u00bbon\u00bb hover_overlay_color=\u00bbrgba(255,255,255,0.76)\u00bb sticky=\u00bboff\u00bb align=\u00bbleft\u00bb always_center_on_mobile=\u00bbon\u00bb border_style=\u00bbsolid\u00bb force_fullwidth=\u00bboff\u00bb \/][et_pb_image _builder_version=\u00bb3.0.64&#8243; src=\u00bbhttps:\/\/www.gbchampionship.com\/kubata\/wp-content\/uploads\/2017\/09\/edgar-1.jpg\u00bb show_in_lightbox=\u00bboff\u00bb url=\u00bb\/kubata\/edgar\u00bb url_new_window=\u00bboff\u00bb use_overlay=\u00bbon\u00bb hover_overlay_color=\u00bbrgba(255,255,255,0.76)\u00bb sticky=\u00bboff\u00bb align=\u00bbleft\u00bb always_center_on_mobile=\u00bbon\u00bb border_style=\u00bbsolid\u00bb force_fullwidth=\u00bboff\u00bb \/][et_pb_image _builder_version=\u00bb3.0.64&#8243; src=\u00bbhttps:\/\/www.gbchampionship.com\/kubata\/wp-content\/uploads\/2017\/11\/soldado.jpg\u00bb show_in_lightbox=\u00bboff\u00bb url=\u00bb\/kubata\/soldado\u00bb url_new_window=\u00bboff\u00bb use_overlay=\u00bbon\u00bb hover_overlay_color=\u00bbrgba(255,255,255,0.76)\u00bb sticky=\u00bboff\u00bb align=\u00bbleft\u00bb always_center_on_mobile=\u00bbon\u00bb border_style=\u00bbsolid\u00bb force_fullwidth=\u00bboff\u00bb \/][et_pb_image _builder_version=\u00bb3.0.64&#8243; src=\u00bbhttps:\/\/www.gbchampionship.com\/kubata\/wp-content\/uploads\/2017\/11\/migue.jpg\u00bb show_in_lightbox=\u00bboff\u00bb url=\u00bb\/kubata\/miquel\u00bb url_new_window=\u00bboff\u00bb use_overlay=\u00bbon\u00bb hover_overlay_color=\u00bbrgba(255,255,255,0.76)\u00bb sticky=\u00bboff\u00bb align=\u00bbleft\u00bb always_center_on_mobile=\u00bbon\u00bb border_style=\u00bbsolid\u00bb force_fullwidth=\u00bboff\u00bb \/][et_pb_image _builder_version=\u00bb3.0.64&#8243; src=\u00bbhttps:\/\/www.gbchampionship.com\/kubata\/wp-content\/uploads\/2017\/12\/carlossan.jpg\u00bb show_in_lightbox=\u00bboff\u00bb url=\u00bb\/kubata\/carlos-sanchez\u00bb url_new_window=\u00bboff\u00bb use_overlay=\u00bbon\u00bb hover_overlay_color=\u00bbrgba(255,255,255,0.76)\u00bb sticky=\u00bboff\u00bb align=\u00bbleft\u00bb always_center_on_mobile=\u00bbon\u00bb border_style=\u00bbsolid\u00bb force_fullwidth=\u00bboff\u00bb \/][et_pb_image _builder_version=\u00bb3.0.64&#8243; src=\u00bbhttps:\/\/www.gbchampionship.com\/kubata\/wp-content\/uploads\/2018\/01\/raul.jpg\u00bb show_in_lightbox=\u00bboff\u00bb url=\u00bb\/kubata\/raul\u00bb url_new_window=\u00bboff\u00bb use_overlay=\u00bbon\u00bb hover_overlay_color=\u00bbrgba(255,255,255,0.76)\u00bb sticky=\u00bboff\u00bb align=\u00bbleft\u00bb always_center_on_mobile=\u00bbon\u00bb border_style=\u00bbsolid\u00bb force_fullwidth=\u00bboff\u00bb \/][\/et_pb_column][et_pb_column type=\u00bb1_4&#8243;][et_pb_image _builder_version=\u00bb3.0.64&#8243; src=\u00bbhttps:\/\/www.gbchampionship.com\/kubata\/wp-content\/uploads\/2017\/09\/sandra.jpg\u00bb show_in_lightbox=\u00bboff\u00bb url=\u00bb\/kubata\/sandra\u00bb url_new_window=\u00bboff\u00bb use_overlay=\u00bbon\u00bb hover_overlay_color=\u00bbrgba(255,255,255,0.76)\u00bb sticky=\u00bboff\u00bb align=\u00bbleft\u00bb always_center_on_mobile=\u00bbon\u00bb border_style=\u00bbsolid\u00bb force_fullwidth=\u00bboff\u00bb \/][et_pb_image _builder_version=\u00bb3.0.64&#8243; src=\u00bbhttps:\/\/www.gbchampionship.com\/kubata\/wp-content\/uploads\/2017\/09\/magico.jpg\u00bb show_in_lightbox=\u00bboff\u00bb url=\u00bb\/kubata\/magico\u00bb url_new_window=\u00bboff\u00bb use_overlay=\u00bbon\u00bb hover_overlay_color=\u00bbrgba(255,255,255,0.76)\u00bb sticky=\u00bboff\u00bb align=\u00bbleft\u00bb always_center_on_mobile=\u00bbon\u00bb border_style=\u00bbsolid\u00bb force_fullwidth=\u00bboff\u00bb \/][et_pb_image _builder_version=\u00bb3.0.64&#8243; src=\u00bbhttps:\/\/www.gbchampionship.com\/kubata\/wp-content\/uploads\/2017\/09\/pelao.jpg\u00bb show_in_lightbox=\u00bboff\u00bb url=\u00bb\/kubata\/david\u00bb url_new_window=\u00bboff\u00bb use_overlay=\u00bbon\u00bb hover_overlay_color=\u00bbrgba(255,255,255,0.76)\u00bb sticky=\u00bboff\u00bb align=\u00bbleft\u00bb always_center_on_mobile=\u00bbon\u00bb border_style=\u00bbsolid\u00bb force_fullwidth=\u00bboff\u00bb \/][et_pb_image _builder_version=\u00bb3.0.64&#8243; src=\u00bbhttps:\/\/www.gbchampionship.com\/kubata\/wp-content\/uploads\/2017\/09\/pablo.jpg\u00bb show_in_lightbox=\u00bboff\u00bb url=\u00bb\/kubata\/pablo\u00bb url_new_window=\u00bboff\u00bb use_overlay=\u00bbon\u00bb hover_overlay_color=\u00bbrgba(255,255,255,0.76)\u00bb sticky=\u00bboff\u00bb align=\u00bbleft\u00bb always_center_on_mobile=\u00bbon\u00bb border_style=\u00bbsolid\u00bb force_fullwidth=\u00bboff\u00bb \/][et_pb_image _builder_version=\u00bb3.0.64&#8243; src=\u00bbhttps:\/\/www.gbchampionship.com\/kubata\/wp-content\/uploads\/2017\/09\/tuno.jpg\u00bb show_in_lightbox=\u00bboff\u00bb url=\u00bb\/kubata\/tuno\u00bb url_new_window=\u00bboff\u00bb use_overlay=\u00bbon\u00bb hover_overlay_color=\u00bbrgba(255,255,255,0.76)\u00bb sticky=\u00bboff\u00bb align=\u00bbleft\u00bb always_center_on_mobile=\u00bbon\u00bb border_style=\u00bbsolid\u00bb force_fullwidth=\u00bboff\u00bb \/][et_pb_image _builder_version=\u00bb3.0.64&#8243; src=\u00bbhttps:\/\/www.gbchampionship.com\/kubata\/wp-content\/uploads\/2017\/11\/lolo.jpg\u00bb show_in_lightbox=\u00bboff\u00bb url=\u00bb\/kubata\/lolo\u00bb url_new_window=\u00bboff\u00bb use_overlay=\u00bbon\u00bb hover_overlay_color=\u00bbrgba(255,255,255,0.76)\u00bb sticky=\u00bboff\u00bb align=\u00bbleft\u00bb always_center_on_mobile=\u00bbon\u00bb border_style=\u00bbsolid\u00bb force_fullwidth=\u00bboff\u00bb \/][et_pb_image _builder_version=\u00bb3.0.64&#8243; src=\u00bbhttps:\/\/www.gbchampionship.com\/kubata\/wp-content\/uploads\/2017\/12\/carol.jpg\u00bb show_in_lightbox=\u00bboff\u00bb url=\u00bb\/kubata\/carol\u00bb url_new_window=\u00bboff\u00bb use_overlay=\u00bbon\u00bb hover_overlay_color=\u00bbrgba(255,255,255,0.76)\u00bb sticky=\u00bboff\u00bb align=\u00bbleft\u00bb always_center_on_mobile=\u00bbon\u00bb border_style=\u00bbsolid\u00bb force_fullwidth=\u00bboff\u00bb \/][et_pb_image _builder_version=\u00bb3.0.64&#8243; src=\u00bbhttps:\/\/www.gbchampionship.com\/kubata\/wp-content\/uploads\/2017\/09\/jorge.jpg\u00bb show_in_lightbox=\u00bboff\u00bb url=\u00bb\/kubata\/jorge\u00bb url_new_window=\u00bboff\u00bb use_overlay=\u00bbon\u00bb hover_overlay_color=\u00bbrgba(255,255,255,0.76)\u00bb sticky=\u00bboff\u00bb align=\u00bbleft\u00bb always_center_on_mobile=\u00bbon\u00bb border_style=\u00bbsolid\u00bb force_fullwidth=\u00bboff\u00bb \/][\/et_pb_column][et_pb_column type=\u00bb1_4&#8243;][et_pb_image _builder_version=\u00bb3.0.64&#8243; src=\u00bbhttps:\/\/www.gbchampionship.com\/kubata\/wp-content\/uploads\/2017\/09\/pineda.jpg\u00bb show_in_lightbox=\u00bboff\u00bb url=\u00bb\/kubata\/pineda\u00bb url_new_window=\u00bboff\u00bb use_overlay=\u00bbon\u00bb hover_overlay_color=\u00bbrgba(255,255,255,0.76)\u00bb sticky=\u00bboff\u00bb align=\u00bbleft\u00bb always_center_on_mobile=\u00bbon\u00bb border_style=\u00bbsolid\u00bb force_fullwidth=\u00bboff\u00bb \/][et_pb_image _builder_version=\u00bb3.0.64&#8243; src=\u00bbhttps:\/\/www.gbchampionship.com\/kubata\/wp-content\/uploads\/2017\/09\/mika.jpg\u00bb show_in_lightbox=\u00bboff\u00bb url=\u00bb\/kubata\/mika\u00bb url_new_window=\u00bboff\u00bb use_overlay=\u00bbon\u00bb hover_overlay_color=\u00bbrgba(255,255,255,0.76)\u00bb sticky=\u00bboff\u00bb align=\u00bbleft\u00bb always_center_on_mobile=\u00bbon\u00bb border_style=\u00bbsolid\u00bb force_fullwidth=\u00bboff\u00bb \/][et_pb_image _builder_version=\u00bb3.0.64&#8243; src=\u00bbhttps:\/\/www.gbchampionship.com\/kubata\/wp-content\/uploads\/2017\/09\/loli.jpg\u00bb show_in_lightbox=\u00bboff\u00bb url=\u00bb\/kubata\/loli\u00bb url_new_window=\u00bboff\u00bb use_overlay=\u00bbon\u00bb hover_overlay_color=\u00bbrgba(255,255,255,0.76)\u00bb sticky=\u00bboff\u00bb align=\u00bbleft\u00bb always_center_on_mobile=\u00bbon\u00bb border_style=\u00bbsolid\u00bb force_fullwidth=\u00bboff\u00bb \/][et_pb_image _builder_version=\u00bb3.0.64&#8243; src=\u00bbhttps:\/\/www.gbchampionship.com\/kubata\/wp-content\/uploads\/2017\/10\/kyle.jpg\u00bb show_in_lightbox=\u00bboff\u00bb url=\u00bb\/kubata\/kyle\u00bb url_new_window=\u00bboff\u00bb use_overlay=\u00bbon\u00bb hover_overlay_color=\u00bbrgba(255,255,255,0.76)\u00bb sticky=\u00bboff\u00bb align=\u00bbleft\u00bb always_center_on_mobile=\u00bbon\u00bb border_style=\u00bbsolid\u00bb force_fullwidth=\u00bboff\u00bb \/][et_pb_image _builder_version=\u00bb3.0.64&#8243; src=\u00bbhttps:\/\/www.gbchampionship.com\/kubata\/wp-content\/uploads\/2017\/11\/antonio.jpg\u00bb show_in_lightbox=\u00bboff\u00bb url=\u00bb\/kubata\/antonio\u00bb url_new_window=\u00bboff\u00bb use_overlay=\u00bbon\u00bb hover_overlay_color=\u00bbrgba(255,255,255,0.76)\u00bb sticky=\u00bboff\u00bb align=\u00bbleft\u00bb always_center_on_mobile=\u00bbon\u00bb border_style=\u00bbsolid\u00bb force_fullwidth=\u00bboff\u00bb \/][et_pb_image _builder_version=\u00bb3.0.64&#8243; src=\u00bbhttps:\/\/www.gbchampionship.com\/kubata\/wp-content\/uploads\/2017\/11\/gon.jpg\u00bb show_in_lightbox=\u00bboff\u00bb url=\u00bb\/kubata\/gon\u00bb url_new_window=\u00bboff\u00bb use_overlay=\u00bbon\u00bb hover_overlay_color=\u00bbrgba(255,255,255,0.76)\u00bb sticky=\u00bboff\u00bb align=\u00bbleft\u00bb always_center_on_mobile=\u00bbon\u00bb border_style=\u00bbsolid\u00bb force_fullwidth=\u00bboff\u00bb \/][et_pb_image _builder_version=\u00bb3.0.64&#8243; src=\u00bbhttps:\/\/www.gbchampionship.com\/kubata\/wp-content\/uploads\/2017\/12\/julio.jpg\u00bb show_in_lightbox=\u00bboff\u00bb url=\u00bb\/kubata\/julio\u00bb url_new_window=\u00bboff\u00bb use_overlay=\u00bbon\u00bb hover_overlay_color=\u00bbrgba(255,255,255,0.76)\u00bb sticky=\u00bboff\u00bb align=\u00bbleft\u00bb always_center_on_mobile=\u00bbon\u00bb border_style=\u00bbsolid\u00bb force_fullwidth=\u00bboff\u00bb \/][\/et_pb_column][et_pb_column type=\u00bb1_4&#8243;][et_pb_image _builder_version=\u00bb3.0.64&#8243; src=\u00bbhttps:\/\/www.gbchampionship.com\/kubata\/wp-content\/uploads\/2017\/09\/danielo.jpg\u00bb show_in_lightbox=\u00bboff\u00bb url=\u00bb\/kubata\/danielo\u00bb url_new_window=\u00bboff\u00bb use_overlay=\u00bbon\u00bb hover_overlay_color=\u00bbrgba(255,255,255,0.76)\u00bb sticky=\u00bboff\u00bb align=\u00bbleft\u00bb always_center_on_mobile=\u00bbon\u00bb border_style=\u00bbsolid\u00bb force_fullwidth=\u00bboff\u00bb \/][et_pb_image _builder_version=\u00bb3.0.64&#8243; src=\u00bbhttps:\/\/www.gbchampionship.com\/kubata\/wp-content\/uploads\/2017\/09\/kata-1.jpg\u00bb show_in_lightbox=\u00bboff\u00bb url=\u00bb\/kubata\/kata\u00bb url_new_window=\u00bboff\u00bb use_overlay=\u00bbon\u00bb hover_overlay_color=\u00bbrgba(255,255,255,0.76)\u00bb sticky=\u00bboff\u00bb align=\u00bbleft\u00bb always_center_on_mobile=\u00bbon\u00bb border_style=\u00bbsolid\u00bb force_fullwidth=\u00bboff\u00bb \/][et_pb_image _builder_version=\u00bb3.0.64&#8243; src=\u00bbhttps:\/\/www.gbchampionship.com\/kubata\/wp-content\/uploads\/2017\/09\/julito.jpg\u00bb show_in_lightbox=\u00bboff\u00bb url=\u00bb\/kubata\/julito\u00bb url_new_window=\u00bboff\u00bb use_overlay=\u00bbon\u00bb hover_overlay_color=\u00bbrgba(255,255,255,0.76)\u00bb sticky=\u00bboff\u00bb align=\u00bbleft\u00bb always_center_on_mobile=\u00bbon\u00bb border_style=\u00bbsolid\u00bb force_fullwidth=\u00bboff\u00bb \/][et_pb_image _builder_version=\u00bb3.0.64&#8243; src=\u00bbhttps:\/\/www.gbchampionship.com\/kubata\/wp-content\/uploads\/2017\/10\/paul.jpg\u00bb show_in_lightbox=\u00bboff\u00bb url=\u00bb\/kubata\/paul\u00bb url_new_window=\u00bboff\u00bb use_overlay=\u00bbon\u00bb hover_overlay_color=\u00bbrgba(255,255,255,0.76)\u00bb sticky=\u00bboff\u00bb align=\u00bbleft\u00bb always_center_on_mobile=\u00bbon\u00bb border_style=\u00bbsolid\u00bb force_fullwidth=\u00bboff\u00bb \/][et_pb_image _builder_version=\u00bb3.0.64&#8243; src=\u00bbhttps:\/\/www.gbchampionship.com\/kubata\/wp-content\/uploads\/2017\/09\/vikk.jpg\u00bb show_in_lightbox=\u00bboff\u00bb url=\u00bb\/kubata\/viktor\u00bb url_new_window=\u00bboff\u00bb use_overlay=\u00bbon\u00bb hover_overlay_color=\u00bbrgba(255,255,255,0.76)\u00bb sticky=\u00bboff\u00bb align=\u00bbleft\u00bb always_center_on_mobile=\u00bbon\u00bb border_style=\u00bbsolid\u00bb force_fullwidth=\u00bboff\u00bb \/][et_pb_image _builder_version=\u00bb3.0.64&#8243; src=\u00bbhttps:\/\/www.gbchampionship.com\/kubata\/wp-content\/uploads\/2017\/12\/carlosciruj.jpg\u00bb show_in_lightbox=\u00bboff\u00bb url=\u00bb\/kubata\/carlos-cirujano\u00bb url_new_window=\u00bboff\u00bb use_overlay=\u00bbon\u00bb hover_overlay_color=\u00bbrgba(255,255,255,0.76)\u00bb sticky=\u00bboff\u00bb align=\u00bbleft\u00bb always_center_on_mobile=\u00bbon\u00bb border_style=\u00bbsolid\u00bb force_fullwidth=\u00bboff\u00bb \/][et_pb_image _builder_version=\u00bb3.0.64&#8243; src=\u00bbhttps:\/\/www.gbchampionship.com\/kubata\/wp-content\/uploads\/2018\/01\/tommy.jpg\u00bb show_in_lightbox=\u00bboff\u00bb url=\u00bb\/kubata\/tommy\u00bb url_new_window=\u00bboff\u00bb use_overlay=\u00bbon\u00bb hover_overlay_color=\u00bbrgba(255,255,255,0.76)\u00bb sticky=\u00bboff\u00bb align=\u00bbleft\u00bb always_center_on_mobile=\u00bbon\u00bb border_style=\u00bbsolid\u00bb force_fullwidth=\u00bboff\u00bb \/][\/et_pb_column][\/et_pb_row][et_pb_row][et_pb_column type=\u00bb4_4&#8243;][et_pb_text _builder_version=\u00bb3.0.64&#8243; background_layout=\u00bblight\u00bb text_orientation=\u00bbleft\u00bb border_style=\u00bbsolid\u00bb]<\/p>\n<p>Cada semana, dos nuevos entrevistados. \u00bfQuieres participar? Env\u00eda un <strong>Whatsapp<\/strong> a 669126284 y te mandaremos las preguntas.<\/p>\n<p>[\/et_pb_text][\/et_pb_column][\/et_pb_row][\/et_pb_section][et_pb_section bb_built=\u00bb1&#8243; fullwidth=\u00bboff\u00bb specialty=\u00bboff\u00bb _builder_version=\u00bb3.0.64&#8243; global_module=\u00bb29132&#8243;][et_pb_row global_parent=\u00bb29132&#8243;][et_pb_column type=\u00bb4_4&#8243;][et_pb_comments global_parent=\u00bb29132&#8243; _builder_version=\u00bb3.0.64&#8243; show_avatar=\u00bbon\u00bb show_reply=\u00bbon\u00bb show_count=\u00bbon\u00bb background_layout=\u00bblight\u00bb border_style=\u00bbsolid\u00bb custom_button=\u00bboff\u00bb button_letter_spacing=\u00bb0&#8243; button_icon_placement=\u00bbright\u00bb button_letter_spacing_hover=\u00bb0&#8243; \/][\/et_pb_column][\/et_pb_row][\/et_pb_section]<\/p>\n<!-- AddThis Advanced Settings generic via filter on the_content --><!-- AddThis Share Buttons generic via filter on the_content -->","protected":false},"excerpt":{"rendered":"<p><div class=\"et_pb_row et_pb_row_0 et_pb_row_empty\">\n\t\t\t\t\n\t\t\t\t\n\t\t\t\t\n\t\t\t\t\n\t\t\t\t\n\t\t\t<\/div> H\u00e9roes del Kubata En esta secci\u00f3n del Blog Kubatero, y a trav\u00e9s de un estupendo cuestionario creado por iniciativa de Jorge, van a tomar relevancia los aut\u00e9nticos protagonistas del Kubata de Hojalata. Y no son los torneos, ni los resultados, ni los dardos \u00a1eh!, \u00a1son los que los tiran!. Somos afortunados de ya constituir [&hellip;]<\/p>\n<p><!-- AddThis Advanced Settings generic via filter on get_the_excerpt --><!-- AddThis Share Buttons generic via filter on get_the_excerpt --><\/p>\n","protected":false},"author":7,"featured_media":0,"parent":0,"menu_order":0,"comment_status":"open","ping_status":"closed","template":"","meta":{"_et_pb_use_builder":"on","_et_pb_old_content":"","_et_gb_content_width":"","footnotes":""},"class_list":["post-28968","page","type-page","status-publish","hentry"],"yoast_head":"<!-- This site is optimized with the Yoast SEO plugin v24.9 - https:\/\/yoast.com\/wordpress\/plugins\/seo\/ -->\n<title>Los h\u00e9roes - Kubata de Hojalata<\/title>\n<meta name=\"robots\" content=\"index, follow, max-snippet:-1, max-image-preview:large, max-video-preview:-1\" \/>\n<link rel=\"canonical\" href=\"https:\/\/www.gbchampionship.com\/kubata\/los-heroes\/\" \/>\n<meta property=\"og:locale\" content=\"es_ES\" \/>\n<meta property=\"og:type\" content=\"article\" \/>\n<meta property=\"og:title\" content=\"Los h\u00e9roes - Kubata de Hojalata\" \/>\n<meta property=\"og:description\" content=\"H\u00e9roes del Kubata En esta secci\u00f3n del Blog Kubatero, y a trav\u00e9s de un estupendo cuestionario creado por iniciativa de Jorge, van a tomar relevancia los aut\u00e9nticos protagonistas del Kubata de Hojalata. Y no son los torneos, ni los resultados, ni los dardos \u00a1eh!, \u00a1son los que los tiran!. Somos afortunados de ya constituir [&hellip;]\" \/>\n<meta property=\"og:url\" content=\"https:\/\/www.gbchampionship.com\/kubata\/los-heroes\/\" \/>\n<meta property=\"og:site_name\" content=\"Kubata de Hojalata\" \/>\n<meta property=\"article:modified_time\" content=\"2018-01-25T10:34:42+00:00\" \/>\n<meta name=\"twitter:card\" content=\"summary_large_image\" \/>\n<meta name=\"twitter:label1\" content=\"Tiempo de lectura\" \/>\n\t<meta name=\"twitter:data1\" content=\"9 minutos\" \/>\n<script type=\"application\/ld+json\" class=\"yoast-schema-graph\">{\"@context\":\"https:\/\/schema.org\",\"@graph\":[{\"@type\":\"WebPage\",\"@id\":\"https:\/\/www.gbchampionship.com\/kubata\/los-heroes\/\",\"url\":\"https:\/\/www.gbchampionship.com\/kubata\/los-heroes\/\",\"name\":\"Los h\u00e9roes - Kubata de Hojalata\",\"isPartOf\":{\"@id\":\"https:\/\/www.gbchampionship.com\/kubata\/#website\"},\"datePublished\":\"2017-09-08T15:11:22+00:00\",\"dateModified\":\"2018-01-25T10:34:42+00:00\",\"breadcrumb\":{\"@id\":\"https:\/\/www.gbchampionship.com\/kubata\/los-heroes\/#breadcrumb\"},\"inLanguage\":\"es\",\"potentialAction\":[{\"@type\":\"ReadAction\",\"target\":[\"https:\/\/www.gbchampionship.com\/kubata\/los-heroes\/\"]}]},{\"@type\":\"BreadcrumbList\",\"@id\":\"https:\/\/www.gbchampionship.com\/kubata\/los-heroes\/#breadcrumb\",\"itemListElement\":[{\"@type\":\"ListItem\",\"position\":1,\"name\":\"Portada\",\"item\":\"https:\/\/www.gbchampionship.com\/kubata\/\"},{\"@type\":\"ListItem\",\"position\":2,\"name\":\"Los h\u00e9roes\"}]},{\"@type\":\"WebSite\",\"@id\":\"https:\/\/www.gbchampionship.com\/kubata\/#website\",\"url\":\"https:\/\/www.gbchampionship.com\/kubata\/\",\"name\":\"Kubata de Hojalata\",\"description\":\"\",\"potentialAction\":[{\"@type\":\"SearchAction\",\"target\":{\"@type\":\"EntryPoint\",\"urlTemplate\":\"https:\/\/www.gbchampionship.com\/kubata\/?s={search_term_string}\"},\"query-input\":{\"@type\":\"PropertyValueSpecification\",\"valueRequired\":true,\"valueName\":\"search_term_string\"}}],\"inLanguage\":\"es\"}]}<\/script>\n<!-- \/ Yoast SEO plugin. -->","yoast_head_json":{"title":"Los h\u00e9roes - Kubata de Hojalata","robots":{"index":"index","follow":"follow","max-snippet":"max-snippet:-1","max-image-preview":"max-image-preview:large","max-video-preview":"max-video-preview:-1"},"canonical":"https:\/\/www.gbchampionship.com\/kubata\/los-heroes\/","og_locale":"es_ES","og_type":"article","og_title":"Los h\u00e9roes - Kubata de Hojalata","og_description":"H\u00e9roes del Kubata En esta secci\u00f3n del Blog Kubatero, y a trav\u00e9s de un estupendo cuestionario creado por iniciativa de Jorge, van a tomar relevancia los aut\u00e9nticos protagonistas del Kubata de Hojalata. Y no son los torneos, ni los resultados, ni los dardos \u00a1eh!, \u00a1son los que los tiran!. Somos afortunados de ya constituir [&hellip;]","og_url":"https:\/\/www.gbchampionship.com\/kubata\/los-heroes\/","og_site_name":"Kubata de Hojalata","article_modified_time":"2018-01-25T10:34:42+00:00","twitter_card":"summary_large_image","twitter_misc":{"Tiempo de lectura":"9 minutos"},"schema":{"@context":"https:\/\/schema.org","@graph":[{"@type":"WebPage","@id":"https:\/\/www.gbchampionship.com\/kubata\/los-heroes\/","url":"https:\/\/www.gbchampionship.com\/kubata\/los-heroes\/","name":"Los h\u00e9roes - Kubata de Hojalata","isPartOf":{"@id":"https:\/\/www.gbchampionship.com\/kubata\/#website"},"datePublished":"2017-09-08T15:11:22+00:00","dateModified":"2018-01-25T10:34:42+00:00","breadcrumb":{"@id":"https:\/\/www.gbchampionship.com\/kubata\/los-heroes\/#breadcrumb"},"inLanguage":"es","potentialAction":[{"@type":"ReadAction","target":["https:\/\/www.gbchampionship.com\/kubata\/los-heroes\/"]}]},{"@type":"BreadcrumbList","@id":"https:\/\/www.gbchampionship.com\/kubata\/los-heroes\/#breadcrumb","itemListElement":[{"@type":"ListItem","position":1,"name":"Portada","item":"https:\/\/www.gbchampionship.com\/kubata\/"},{"@type":"ListItem","position":2,"name":"Los h\u00e9roes"}]},{"@type":"WebSite","@id":"https:\/\/www.gbchampionship.com\/kubata\/#website","url":"https:\/\/www.gbchampionship.com\/kubata\/","name":"Kubata de Hojalata","description":"","potentialAction":[{"@type":"SearchAction","target":{"@type":"EntryPoint","urlTemplate":"https:\/\/www.gbchampionship.com\/kubata\/?s={search_term_string}"},"query-input":{"@type":"PropertyValueSpecification","valueRequired":true,"valueName":"search_term_string"}}],"inLanguage":"es"}]}},"_links":{"self":[{"href":"https:\/\/www.gbchampionship.com\/kubata\/wp-json\/wp\/v2\/pages\/28968","targetHints":{"allow":["GET"]}}],"collection":[{"href":"https:\/\/www.gbchampionship.com\/kubata\/wp-json\/wp\/v2\/pages"}],"about":[{"href":"https:\/\/www.gbchampionship.com\/kubata\/wp-json\/wp\/v2\/types\/page"}],"author":[{"embeddable":true,"href":"https:\/\/www.gbchampionship.com\/kubata\/wp-json\/wp\/v2\/users\/7"}],"replies":[{"embeddable":true,"href":"https:\/\/www.gbchampionship.com\/kubata\/wp-json\/wp\/v2\/comments?post=28968"}],"version-history":[{"count":38,"href":"https:\/\/www.gbchampionship.com\/kubata\/wp-json\/wp\/v2\/pages\/28968\/revisions"}],"predecessor-version":[{"id":29479,"href":"https:\/\/www.gbchampionship.com\/kubata\/wp-json\/wp\/v2\/pages\/28968\/revisions\/29479"}],"wp:attachment":[{"href":"https:\/\/www.gbchampionship.com\/kubata\/wp-json\/wp\/v2\/media?parent=28968"}],"curies":[{"name":"wp","href":"https:\/\/api.w.org\/{rel}","templated":true}]}}