{"id":29055,"date":"2017-09-12T14:18:30","date_gmt":"2017-09-12T14:18:30","guid":{"rendered":"https:\/\/www.gbchampionship.com\/kubata\/?page_id=29055"},"modified":"2017-09-26T15:46:53","modified_gmt":"2017-09-26T15:46:53","slug":"edu","status":"publish","type":"page","link":"https:\/\/www.gbchampionship.com\/kubata\/edu\/","title":{"rendered":"Edu"},"content":{"rendered":"<p>[et_pb_section bb_built=\u00bb1&#8243;][et_pb_row][et_pb_column type=\u00bb1_4&#8243;][et_pb_image _builder_version=\u00bb3.0.64&#8243; src=\u00bbhttps:\/\/www.gbchampionship.com\/kubata\/wp-content\/uploads\/2017\/09\/edu.jpg\u00bb show_in_lightbox=\u00bboff\u00bb url_new_window=\u00bboff\u00bb use_overlay=\u00bboff\u00bb sticky=\u00bboff\u00bb align=\u00bbleft\u00bb always_center_on_mobile=\u00bbon\u00bb border_style=\u00bbsolid\u00bb force_fullwidth=\u00bboff\u00bb \/][et_pb_button _builder_version=\u00bb3.0.64&#8243; button_text=\u00bbVer m\u00e1s h\u00e9roes\u00bb button_url=\u00bb\/kubata\/los-heroes\/\u00bb url_new_window=\u00bboff\u00bb button_alignment=\u00bbleft\u00bb background_layout=\u00bblight\u00bb custom_button=\u00bboff\u00bb button_letter_spacing=\u00bb0&#8243; button_icon_placement=\u00bbright\u00bb button_letter_spacing_hover=\u00bb0&#8243; \/][\/et_pb_column][et_pb_column type=\u00bb3_4&#8243;][et_pb_text _builder_version=\u00bb3.0.64&#8243; background_layout=\u00bblight\u00bb text_orientation=\u00bbleft\u00bb border_style=\u00bbsolid\u00bb]<\/p>\n<h1>Edu<\/h1>\n<p><strong>1. \u00bfCu\u00e1ntos a\u00f1os llevas en esto de los dardos?<\/strong><br \/>\nDemasiados canutos, cervezas y drogas varias que han hecho mella en mi recuerdo ????????\u200d\u2642 Calculo que unos diez a\u00f1os.<br \/>\n<strong>2. \u00bfCu\u00e1l es tu MPR y PPD aprox.?<\/strong><br \/>\n27 y 3<br \/>\n<strong>3. \u00bfCu\u00e1l ha sido tu mayor victoria en el Kubata?<\/strong><br \/>\nLa gente que he podido conocer, sin duda alguna! ????<br \/>\n<strong>4. \u00bfY cu\u00e1l fuera del Kubata?<\/strong><br \/>\nQuintos en campeonato de Espa\u00f1a, con mi primer equipo Hojalata Tropeyen, el que llevar\u00e9 siempre en mi coraz\u00f3n.<br \/>\n<strong>5. \u00bfEntrenas?<\/strong><br \/>\nLa verdad que no y no es porque no me haga falta. Intento jugar cuando puedo pero como excusa para ver a la gente que quiero y disfrutar de unas copas con ell@s.<br \/>\n<strong>6. \u00bfCu\u00e1l es tu pauta de entrenamiento?<\/strong><br \/>\nCerveza y chupito para cuidar el pH de mi cuerpo!<br \/>\n<strong>7. \u00bfQui\u00e9n es tu \u00eddolo en el Kubata?<\/strong><br \/>\nUff, dif\u00edcil respuesta. Hay varios. Como maestro y capit\u00e1n de capitanes siempre ser\u00e1 Oskar qui\u00e9n me ense\u00f1\u00f3 pr\u00e1cticamente todo lo que s\u00e9 del mundo dardil. Pablo como jugador es de lo m\u00e1s bestia que he visto por el Kuba. Y Varo ha tenido una de las evoluciones m\u00e1s sorprendentes que haya podido ver. Sin embargo me quedar\u00eda con Mika, parece que por muchos dardos qu\u00e9 lance siempre ser\u00e1 el mismo paquete de siempre!! (Desde el cari\u00f1o Mika) ????????????<br \/>\n<strong>8. \u00bfCu\u00e1l es tu n\u00famero favorito?<\/strong><br \/>\nNo tengo n\u00famero favorito, todos me resultan igual de bellos!<br \/>\n<strong>9. \u00bfQu\u00e9 n\u00famero te da m\u00e1s rabia?<\/strong><br \/>\nNinguno en concreto, son m\u00e1s bien zonas. Por mi forma de tiro suele gustarme menos los dobles de arriba y abajo.<br \/>\n<strong>10. \u00bfSabr\u00edas dibujar un c\u00edrculo y poner los n\u00fameros correctamente sin mirar a la diana?<\/strong><br \/>\nCreo que s\u00ed ????<br \/>\n<strong>11. \u00bfQu\u00e9 es lo que te da m\u00e1s rabia al jugar?<\/strong><br \/>\nLas coces y rabietas de Pineda y perder un chupito contra m\u00e1gico!! Jajaja. En realidad lo que m\u00e1s rabia me da soy yo mismo en alguna partida.<br \/>\n<strong>12. \u00bfEn qu\u00e9 momento de la partida disfrutas m\u00e1s jugando a los dardos?<\/strong><br \/>\nCuando hay presi\u00f3n de por medio y cuando mi equipo me hace sonre\u00edr!<br \/>\n<strong>13. \u00bfQui\u00e9n dir\u00edas que es la nueva promesa del Kubata?<\/strong><br \/>\nPablo, aunque ya no es una joven promesa si no una bestia parda hecha y derecha! Tb tengo que volver a recordar la evoluci\u00f3n de Varo, grand\u00edsimo jugador tb.<br \/>\n<strong>14. \u00bfQu\u00e9 prefieres beber mientras juegas?<\/strong><br \/>\nCasi cualquier cerveza que no sea San Miguel, por mucho que triunfe en el mundo entero ???? y chupitos de tequila! Tostado por favor!<br \/>\n<strong>15. \u00bfCon qu\u00e9 jugador llevas un pique personal?<\/strong><br \/>\nM\u00e1gico sin duda! Me lo paso muy bien gan\u00e1ndole chupitos unos tras otros, aunque despu\u00e9s me siento mal por su econom\u00eda! Tb con Julio, al que me encanta decirle que es un cachorro aunque ya no lo sea y me cueste mucho ganarle. Pero shhh, esto \u00faltimo no se lo digas!<br \/>\n<strong>16. \u00bfSabr\u00edas explicarnos tu t\u00e9cnica de tiro?\u00bfQu\u00e9 haces, c\u00f3mo apuntas, c\u00f3mo tiras?<\/strong><br \/>\nAntes ten\u00eda unas cuantas man\u00edas, casi un ritual antes de tirar, solo me faltaba quitarme la doblez de los gallumbos de entre las nalgas al estilo Nadal ???? pero ahora mismo es un desastre mi t\u00e9cnica de tiro, si es que se le puede llamar t\u00e9cnica a mi forma de tirar.<br \/>\n<strong>17. \u00bfHasta qu\u00e9 punto el ruido te molesta a la hora de tirar?<\/strong><br \/>\nNo suele molestarme nada en demas\u00eda, algo que agradezco enormemente a Oskar qui\u00e9n hizo que mi burbuja se hiciese casi impenetrable. Si tuviese que destacar algo ser\u00eda el infernal timbre de voz de alg\u00fan personaje de estos lares<\/p>\n<p>[\/et_pb_text][\/et_pb_column][\/et_pb_row][\/et_pb_section][et_pb_section bb_built=\u00bb1&#8243; fullwidth=\u00bboff\u00bb specialty=\u00bboff\u00bb _builder_version=\u00bb3.0.64&#8243; global_module=\u00bb29132&#8243;][et_pb_row global_parent=\u00bb29132&#8243;][et_pb_column type=\u00bb4_4&#8243;][et_pb_comments global_parent=\u00bb29132&#8243; _builder_version=\u00bb3.0.64&#8243; show_avatar=\u00bbon\u00bb show_reply=\u00bbon\u00bb show_count=\u00bbon\u00bb background_layout=\u00bblight\u00bb border_style=\u00bbsolid\u00bb custom_button=\u00bboff\u00bb button_letter_spacing=\u00bb0&#8243; button_icon_placement=\u00bbright\u00bb button_letter_spacing_hover=\u00bb0&#8243; \/][\/et_pb_column][\/et_pb_row][\/et_pb_section]<\/p>\n<!-- AddThis Advanced Settings generic via filter on the_content --><!-- AddThis Share Buttons generic via filter on the_content -->","protected":false},"excerpt":{"rendered":"<p><div class=\"et_pb_row et_pb_row_0 et_pb_row_empty\">\n\t\t\t\t\n\t\t\t\t\n\t\t\t\t\n\t\t\t\t\n\t\t\t\t\n\t\t\t<\/div> Edu 1. \u00bfCu\u00e1ntos a\u00f1os llevas en esto de los dardos? Demasiados canutos, cervezas y drogas varias que han hecho mella en mi recuerdo ????????\u200d\u2642 Calculo que unos diez a\u00f1os. 2. \u00bfCu\u00e1l es tu MPR y PPD aprox.? 27 y 3 3. \u00bfCu\u00e1l ha sido tu mayor victoria en el Kubata? La gente que he [&hellip;]<\/p>\n<p><!-- AddThis Advanced Settings generic via filter on get_the_excerpt --><!-- AddThis Share Buttons generic via filter on get_the_excerpt --><\/p>\n","protected":false},"author":7,"featured_media":0,"parent":0,"menu_order":0,"comment_status":"open","ping_status":"closed","template":"","meta":{"_et_pb_use_builder":"on","_et_pb_old_content":"","_et_gb_content_width":"","footnotes":""},"class_list":["post-29055","page","type-page","status-publish","hentry"],"yoast_head":"<!-- This site is optimized with the Yoast SEO plugin v24.9 - https:\/\/yoast.com\/wordpress\/plugins\/seo\/ -->\n<title>Edu - Kubata de Hojalata<\/title>\n<meta name=\"robots\" content=\"index, follow, max-snippet:-1, max-image-preview:large, max-video-preview:-1\" \/>\n<link rel=\"canonical\" href=\"https:\/\/www.gbchampionship.com\/kubata\/edu\/\" \/>\n<meta property=\"og:locale\" content=\"es_ES\" \/>\n<meta property=\"og:type\" content=\"article\" \/>\n<meta property=\"og:title\" content=\"Edu - Kubata de Hojalata\" \/>\n<meta property=\"og:description\" content=\"Edu 1. \u00bfCu\u00e1ntos a\u00f1os llevas en esto de los dardos? Demasiados canutos, cervezas y drogas varias que han hecho mella en mi recuerdo ????????\u200d\u2642 Calculo que unos diez a\u00f1os. 2. \u00bfCu\u00e1l es tu MPR y PPD aprox.? 27 y 3 3. \u00bfCu\u00e1l ha sido tu mayor victoria en el Kubata? La gente que he [&hellip;]\" \/>\n<meta property=\"og:url\" content=\"https:\/\/www.gbchampionship.com\/kubata\/edu\/\" \/>\n<meta property=\"og:site_name\" content=\"Kubata de Hojalata\" \/>\n<meta property=\"article:modified_time\" content=\"2017-09-26T15:46:53+00:00\" \/>\n<meta name=\"twitter:card\" content=\"summary_large_image\" \/>\n<meta name=\"twitter:label1\" content=\"Tiempo de lectura\" \/>\n\t<meta name=\"twitter:data1\" content=\"4 minutos\" \/>\n<script type=\"application\/ld+json\" class=\"yoast-schema-graph\">{\"@context\":\"https:\/\/schema.org\",\"@graph\":[{\"@type\":\"WebPage\",\"@id\":\"https:\/\/www.gbchampionship.com\/kubata\/edu\/\",\"url\":\"https:\/\/www.gbchampionship.com\/kubata\/edu\/\",\"name\":\"Edu - Kubata de Hojalata\",\"isPartOf\":{\"@id\":\"https:\/\/www.gbchampionship.com\/kubata\/#website\"},\"datePublished\":\"2017-09-12T14:18:30+00:00\",\"dateModified\":\"2017-09-26T15:46:53+00:00\",\"breadcrumb\":{\"@id\":\"https:\/\/www.gbchampionship.com\/kubata\/edu\/#breadcrumb\"},\"inLanguage\":\"es\",\"potentialAction\":[{\"@type\":\"ReadAction\",\"target\":[\"https:\/\/www.gbchampionship.com\/kubata\/edu\/\"]}]},{\"@type\":\"BreadcrumbList\",\"@id\":\"https:\/\/www.gbchampionship.com\/kubata\/edu\/#breadcrumb\",\"itemListElement\":[{\"@type\":\"ListItem\",\"position\":1,\"name\":\"Portada\",\"item\":\"https:\/\/www.gbchampionship.com\/kubata\/\"},{\"@type\":\"ListItem\",\"position\":2,\"name\":\"Edu\"}]},{\"@type\":\"WebSite\",\"@id\":\"https:\/\/www.gbchampionship.com\/kubata\/#website\",\"url\":\"https:\/\/www.gbchampionship.com\/kubata\/\",\"name\":\"Kubata de Hojalata\",\"description\":\"\",\"potentialAction\":[{\"@type\":\"SearchAction\",\"target\":{\"@type\":\"EntryPoint\",\"urlTemplate\":\"https:\/\/www.gbchampionship.com\/kubata\/?s={search_term_string}\"},\"query-input\":{\"@type\":\"PropertyValueSpecification\",\"valueRequired\":true,\"valueName\":\"search_term_string\"}}],\"inLanguage\":\"es\"}]}<\/script>\n<!-- \/ Yoast SEO plugin. -->","yoast_head_json":{"title":"Edu - Kubata de Hojalata","robots":{"index":"index","follow":"follow","max-snippet":"max-snippet:-1","max-image-preview":"max-image-preview:large","max-video-preview":"max-video-preview:-1"},"canonical":"https:\/\/www.gbchampionship.com\/kubata\/edu\/","og_locale":"es_ES","og_type":"article","og_title":"Edu - Kubata de Hojalata","og_description":"Edu 1. \u00bfCu\u00e1ntos a\u00f1os llevas en esto de los dardos? Demasiados canutos, cervezas y drogas varias que han hecho mella en mi recuerdo ????????\u200d\u2642 Calculo que unos diez a\u00f1os. 2. \u00bfCu\u00e1l es tu MPR y PPD aprox.? 27 y 3 3. \u00bfCu\u00e1l ha sido tu mayor victoria en el Kubata? La gente que he [&hellip;]","og_url":"https:\/\/www.gbchampionship.com\/kubata\/edu\/","og_site_name":"Kubata de Hojalata","article_modified_time":"2017-09-26T15:46:53+00:00","twitter_card":"summary_large_image","twitter_misc":{"Tiempo de lectura":"4 minutos"},"schema":{"@context":"https:\/\/schema.org","@graph":[{"@type":"WebPage","@id":"https:\/\/www.gbchampionship.com\/kubata\/edu\/","url":"https:\/\/www.gbchampionship.com\/kubata\/edu\/","name":"Edu - Kubata de Hojalata","isPartOf":{"@id":"https:\/\/www.gbchampionship.com\/kubata\/#website"},"datePublished":"2017-09-12T14:18:30+00:00","dateModified":"2017-09-26T15:46:53+00:00","breadcrumb":{"@id":"https:\/\/www.gbchampionship.com\/kubata\/edu\/#breadcrumb"},"inLanguage":"es","potentialAction":[{"@type":"ReadAction","target":["https:\/\/www.gbchampionship.com\/kubata\/edu\/"]}]},{"@type":"BreadcrumbList","@id":"https:\/\/www.gbchampionship.com\/kubata\/edu\/#breadcrumb","itemListElement":[{"@type":"ListItem","position":1,"name":"Portada","item":"https:\/\/www.gbchampionship.com\/kubata\/"},{"@type":"ListItem","position":2,"name":"Edu"}]},{"@type":"WebSite","@id":"https:\/\/www.gbchampionship.com\/kubata\/#website","url":"https:\/\/www.gbchampionship.com\/kubata\/","name":"Kubata de Hojalata","description":"","potentialAction":[{"@type":"SearchAction","target":{"@type":"EntryPoint","urlTemplate":"https:\/\/www.gbchampionship.com\/kubata\/?s={search_term_string}"},"query-input":{"@type":"PropertyValueSpecification","valueRequired":true,"valueName":"search_term_string"}}],"inLanguage":"es"}]}},"_links":{"self":[{"href":"https:\/\/www.gbchampionship.com\/kubata\/wp-json\/wp\/v2\/pages\/29055","targetHints":{"allow":["GET"]}}],"collection":[{"href":"https:\/\/www.gbchampionship.com\/kubata\/wp-json\/wp\/v2\/pages"}],"about":[{"href":"https:\/\/www.gbchampionship.com\/kubata\/wp-json\/wp\/v2\/types\/page"}],"author":[{"embeddable":true,"href":"https:\/\/www.gbchampionship.com\/kubata\/wp-json\/wp\/v2\/users\/7"}],"replies":[{"embeddable":true,"href":"https:\/\/www.gbchampionship.com\/kubata\/wp-json\/wp\/v2\/comments?post=29055"}],"version-history":[{"count":4,"href":"https:\/\/www.gbchampionship.com\/kubata\/wp-json\/wp\/v2\/pages\/29055\/revisions"}],"predecessor-version":[{"id":29242,"href":"https:\/\/www.gbchampionship.com\/kubata\/wp-json\/wp\/v2\/pages\/29055\/revisions\/29242"}],"wp:attachment":[{"href":"https:\/\/www.gbchampionship.com\/kubata\/wp-json\/wp\/v2\/media?parent=29055"}],"curies":[{"name":"wp","href":"https:\/\/api.w.org\/{rel}","templated":true}]}}