{"id":29057,"date":"2017-09-12T14:23:37","date_gmt":"2017-09-12T14:23:37","guid":{"rendered":"https:\/\/www.gbchampionship.com\/kubata\/?page_id=29057"},"modified":"2017-09-14T18:01:13","modified_gmt":"2017-09-14T18:01:13","slug":"loli","status":"publish","type":"page","link":"https:\/\/www.gbchampionship.com\/kubata\/loli\/","title":{"rendered":"Loli"},"content":{"rendered":"<p>[et_pb_section bb_built=\u00bb1&#8243;][et_pb_row][et_pb_column type=\u00bb1_4&#8243;][et_pb_image _builder_version=\u00bb3.0.64&#8243; src=\u00bbhttps:\/\/www.gbchampionship.com\/kubata\/wp-content\/uploads\/2017\/09\/loli.jpg\u00bb show_in_lightbox=\u00bboff\u00bb url_new_window=\u00bboff\u00bb use_overlay=\u00bboff\u00bb sticky=\u00bboff\u00bb align=\u00bbleft\u00bb always_center_on_mobile=\u00bbon\u00bb border_style=\u00bbsolid\u00bb force_fullwidth=\u00bboff\u00bb \/][et_pb_button _builder_version=\u00bb3.0.64&#8243; button_text=\u00bbVer m\u00e1s h\u00e9roes\u00bb button_url=\u00bb\/kubata\/los-heroes\/\u00bb url_new_window=\u00bboff\u00bb button_alignment=\u00bbleft\u00bb background_layout=\u00bblight\u00bb custom_button=\u00bboff\u00bb button_letter_spacing=\u00bb0&#8243; button_icon_placement=\u00bbright\u00bb button_letter_spacing_hover=\u00bb0&#8243; \/][\/et_pb_column][et_pb_column type=\u00bb3_4&#8243;][et_pb_text _builder_version=\u00bb3.0.64&#8243; background_layout=\u00bblight\u00bb text_orientation=\u00bbleft\u00bb border_style=\u00bbsolid\u00bb]<\/p>\n<h1>Loli<\/h1>\n<p><strong>1. \u00bfCuantos a\u00f1os llevas en esto de los dardos?<\/strong><br \/>\n7 a\u00f1os<br \/>\n<strong>2. \u00bfCual es tu MPR y PPD aprox.?<\/strong><br \/>\n1.80 y 17.50<br \/>\n<strong>3. \u00bfCu\u00e1l ha sido tu mayor victoria en el Kubata?<\/strong><br \/>\nCompartidas,muchas<br \/>\n<strong>4. \u00bfY cual fuera del Kubata?<\/strong><br \/>\nEn la aixeta, presenciales<br \/>\n<strong>5. \u00bfEntrenas?<\/strong><br \/>\nMucho<br \/>\n<strong>6. \u00bfCual es tu pauta de entrenamiento?<\/strong><br \/>\nCada vez que puedo, vivo arriba del Kubata, juego bastante<br \/>\n<strong>7. \u00bfQui\u00e9n es tu \u00eddolo en el Kubata?<\/strong><br \/>\nAntonio Murillo<br \/>\n<strong>8. \u00bfCual es tu n\u00famero favorito?<\/strong><br \/>\nEl 16<br \/>\n<strong>9. \u00bfQu\u00e9 n\u00famero te da m\u00e1s rabia?<\/strong><br \/>\nEl 20<br \/>\n<strong>10. \u00bfSabr\u00edas dibujar un c\u00edrculo y poner los n\u00fameros correctamente sin mirar a la diana?<\/strong><br \/>\nSi<br \/>\n<strong>11. \u00bfQu\u00e9 es lo que te da m\u00e1s rabia al jugar?<\/strong><br \/>\nMi rapidez me pierde<br \/>\n<strong>12. \u00bfEn qu\u00e9 momento de la partida disfrutas m\u00e1s jugando a los dardos?<\/strong><br \/>\nEn toda si me sale como mando.<br \/>\n<strong>13. \u00bfQui\u00e9n dir\u00edas que es la nueva promesa del Kubata?<\/strong><br \/>\nPablo<br \/>\n<strong>14. \u00bfQu\u00e9 prefieres beber mientras juegas?<\/strong><br \/>\nMartini Bianco sin lim\u00f3n<br \/>\n<strong>15. \u00bfCon qu\u00e9 jugador llevas un pique personal?<\/strong><br \/>\nCon Mika<br \/>\n<strong>16. \u00bfSabr\u00edas explicarnos tu t\u00e9cnica de tiro?\u00bfQu\u00e9 haces, c\u00f3mo apuntas, c\u00f3mo tiras?<\/strong><br \/>\nA veces directo, otras con par\u00e1metros y referencias, seg\u00fan<br \/>\n<strong>17. \u00bfHasta qu\u00e9 punto el ruido te molesta a la hora de tirar?<\/strong><br \/>\nNada, hasta necesitar\u00eda mi m\u00fasica por el rollo de concentraci\u00f3n<\/p>\n<p>[\/et_pb_text][\/et_pb_column][\/et_pb_row][\/et_pb_section][et_pb_section bb_built=\u00bb1&#8243; fullwidth=\u00bboff\u00bb specialty=\u00bboff\u00bb _builder_version=\u00bb3.0.64&#8243; global_module=\u00bb29132&#8243;][et_pb_row global_parent=\u00bb29132&#8243;][et_pb_column type=\u00bb4_4&#8243;][et_pb_comments global_parent=\u00bb29132&#8243; _builder_version=\u00bb3.0.64&#8243; show_avatar=\u00bbon\u00bb show_reply=\u00bbon\u00bb show_count=\u00bbon\u00bb background_layout=\u00bblight\u00bb border_style=\u00bbsolid\u00bb custom_button=\u00bboff\u00bb button_letter_spacing=\u00bb0&#8243; button_icon_placement=\u00bbright\u00bb button_letter_spacing_hover=\u00bb0&#8243; \/][\/et_pb_column][\/et_pb_row][\/et_pb_section]<\/p>\n<!-- AddThis Advanced Settings generic via filter on the_content --><!-- AddThis Share Buttons generic via filter on the_content -->","protected":false},"excerpt":{"rendered":"<p><div class=\"et_pb_row et_pb_row_0 et_pb_row_empty\">\n\t\t\t\t\n\t\t\t\t\n\t\t\t\t\n\t\t\t\t\n\t\t\t\t\n\t\t\t<\/div> Loli 1. \u00bfCuantos a\u00f1os llevas en esto de los dardos? 7 a\u00f1os 2. \u00bfCual es tu MPR y PPD aprox.? 1.80 y 17.50 3. \u00bfCu\u00e1l ha sido tu mayor victoria en el Kubata? Compartidas,muchas 4. \u00bfY cual fuera del Kubata? En la aixeta, presenciales 5. \u00bfEntrenas? Mucho 6. \u00bfCual es tu pauta de entrenamiento? [&hellip;]<\/p>\n<p><!-- AddThis Advanced Settings generic via filter on get_the_excerpt --><!-- AddThis Share Buttons generic via filter on get_the_excerpt --><\/p>\n","protected":false},"author":7,"featured_media":0,"parent":0,"menu_order":0,"comment_status":"open","ping_status":"closed","template":"","meta":{"_et_pb_use_builder":"on","_et_pb_old_content":"","_et_gb_content_width":"","footnotes":""},"class_list":["post-29057","page","type-page","status-publish","hentry"],"yoast_head":"<!-- This site is optimized with the Yoast SEO plugin v24.9 - https:\/\/yoast.com\/wordpress\/plugins\/seo\/ -->\n<title>Loli - Kubata de Hojalata<\/title>\n<meta name=\"robots\" content=\"index, follow, max-snippet:-1, max-image-preview:large, max-video-preview:-1\" \/>\n<link rel=\"canonical\" href=\"https:\/\/www.gbchampionship.com\/kubata\/loli\/\" \/>\n<meta property=\"og:locale\" content=\"es_ES\" \/>\n<meta property=\"og:type\" content=\"article\" \/>\n<meta property=\"og:title\" content=\"Loli - Kubata de Hojalata\" \/>\n<meta property=\"og:description\" content=\"Loli 1. \u00bfCuantos a\u00f1os llevas en esto de los dardos? 7 a\u00f1os 2. \u00bfCual es tu MPR y PPD aprox.? 1.80 y 17.50 3. \u00bfCu\u00e1l ha sido tu mayor victoria en el Kubata? Compartidas,muchas 4. \u00bfY cual fuera del Kubata? En la aixeta, presenciales 5. \u00bfEntrenas? Mucho 6. \u00bfCual es tu pauta de entrenamiento? [&hellip;]\" \/>\n<meta property=\"og:url\" content=\"https:\/\/www.gbchampionship.com\/kubata\/loli\/\" \/>\n<meta property=\"og:site_name\" content=\"Kubata de Hojalata\" \/>\n<meta property=\"article:modified_time\" content=\"2017-09-14T18:01:13+00:00\" \/>\n<meta name=\"twitter:card\" content=\"summary_large_image\" \/>\n<meta name=\"twitter:label1\" content=\"Tiempo de lectura\" \/>\n\t<meta name=\"twitter:data1\" content=\"2 minutos\" \/>\n<script type=\"application\/ld+json\" class=\"yoast-schema-graph\">{\"@context\":\"https:\/\/schema.org\",\"@graph\":[{\"@type\":\"WebPage\",\"@id\":\"https:\/\/www.gbchampionship.com\/kubata\/loli\/\",\"url\":\"https:\/\/www.gbchampionship.com\/kubata\/loli\/\",\"name\":\"Loli - Kubata de Hojalata\",\"isPartOf\":{\"@id\":\"https:\/\/www.gbchampionship.com\/kubata\/#website\"},\"datePublished\":\"2017-09-12T14:23:37+00:00\",\"dateModified\":\"2017-09-14T18:01:13+00:00\",\"breadcrumb\":{\"@id\":\"https:\/\/www.gbchampionship.com\/kubata\/loli\/#breadcrumb\"},\"inLanguage\":\"es\",\"potentialAction\":[{\"@type\":\"ReadAction\",\"target\":[\"https:\/\/www.gbchampionship.com\/kubata\/loli\/\"]}]},{\"@type\":\"BreadcrumbList\",\"@id\":\"https:\/\/www.gbchampionship.com\/kubata\/loli\/#breadcrumb\",\"itemListElement\":[{\"@type\":\"ListItem\",\"position\":1,\"name\":\"Portada\",\"item\":\"https:\/\/www.gbchampionship.com\/kubata\/\"},{\"@type\":\"ListItem\",\"position\":2,\"name\":\"Loli\"}]},{\"@type\":\"WebSite\",\"@id\":\"https:\/\/www.gbchampionship.com\/kubata\/#website\",\"url\":\"https:\/\/www.gbchampionship.com\/kubata\/\",\"name\":\"Kubata de Hojalata\",\"description\":\"\",\"potentialAction\":[{\"@type\":\"SearchAction\",\"target\":{\"@type\":\"EntryPoint\",\"urlTemplate\":\"https:\/\/www.gbchampionship.com\/kubata\/?s={search_term_string}\"},\"query-input\":{\"@type\":\"PropertyValueSpecification\",\"valueRequired\":true,\"valueName\":\"search_term_string\"}}],\"inLanguage\":\"es\"}]}<\/script>\n<!-- \/ Yoast SEO plugin. -->","yoast_head_json":{"title":"Loli - Kubata de Hojalata","robots":{"index":"index","follow":"follow","max-snippet":"max-snippet:-1","max-image-preview":"max-image-preview:large","max-video-preview":"max-video-preview:-1"},"canonical":"https:\/\/www.gbchampionship.com\/kubata\/loli\/","og_locale":"es_ES","og_type":"article","og_title":"Loli - Kubata de Hojalata","og_description":"Loli 1. \u00bfCuantos a\u00f1os llevas en esto de los dardos? 7 a\u00f1os 2. \u00bfCual es tu MPR y PPD aprox.? 1.80 y 17.50 3. \u00bfCu\u00e1l ha sido tu mayor victoria en el Kubata? Compartidas,muchas 4. \u00bfY cual fuera del Kubata? En la aixeta, presenciales 5. \u00bfEntrenas? Mucho 6. \u00bfCual es tu pauta de entrenamiento? [&hellip;]","og_url":"https:\/\/www.gbchampionship.com\/kubata\/loli\/","og_site_name":"Kubata de Hojalata","article_modified_time":"2017-09-14T18:01:13+00:00","twitter_card":"summary_large_image","twitter_misc":{"Tiempo de lectura":"2 minutos"},"schema":{"@context":"https:\/\/schema.org","@graph":[{"@type":"WebPage","@id":"https:\/\/www.gbchampionship.com\/kubata\/loli\/","url":"https:\/\/www.gbchampionship.com\/kubata\/loli\/","name":"Loli - Kubata de Hojalata","isPartOf":{"@id":"https:\/\/www.gbchampionship.com\/kubata\/#website"},"datePublished":"2017-09-12T14:23:37+00:00","dateModified":"2017-09-14T18:01:13+00:00","breadcrumb":{"@id":"https:\/\/www.gbchampionship.com\/kubata\/loli\/#breadcrumb"},"inLanguage":"es","potentialAction":[{"@type":"ReadAction","target":["https:\/\/www.gbchampionship.com\/kubata\/loli\/"]}]},{"@type":"BreadcrumbList","@id":"https:\/\/www.gbchampionship.com\/kubata\/loli\/#breadcrumb","itemListElement":[{"@type":"ListItem","position":1,"name":"Portada","item":"https:\/\/www.gbchampionship.com\/kubata\/"},{"@type":"ListItem","position":2,"name":"Loli"}]},{"@type":"WebSite","@id":"https:\/\/www.gbchampionship.com\/kubata\/#website","url":"https:\/\/www.gbchampionship.com\/kubata\/","name":"Kubata de Hojalata","description":"","potentialAction":[{"@type":"SearchAction","target":{"@type":"EntryPoint","urlTemplate":"https:\/\/www.gbchampionship.com\/kubata\/?s={search_term_string}"},"query-input":{"@type":"PropertyValueSpecification","valueRequired":true,"valueName":"search_term_string"}}],"inLanguage":"es"}]}},"_links":{"self":[{"href":"https:\/\/www.gbchampionship.com\/kubata\/wp-json\/wp\/v2\/pages\/29057","targetHints":{"allow":["GET"]}}],"collection":[{"href":"https:\/\/www.gbchampionship.com\/kubata\/wp-json\/wp\/v2\/pages"}],"about":[{"href":"https:\/\/www.gbchampionship.com\/kubata\/wp-json\/wp\/v2\/types\/page"}],"author":[{"embeddable":true,"href":"https:\/\/www.gbchampionship.com\/kubata\/wp-json\/wp\/v2\/users\/7"}],"replies":[{"embeddable":true,"href":"https:\/\/www.gbchampionship.com\/kubata\/wp-json\/wp\/v2\/comments?post=29057"}],"version-history":[{"count":2,"href":"https:\/\/www.gbchampionship.com\/kubata\/wp-json\/wp\/v2\/pages\/29057\/revisions"}],"predecessor-version":[{"id":29145,"href":"https:\/\/www.gbchampionship.com\/kubata\/wp-json\/wp\/v2\/pages\/29057\/revisions\/29145"}],"wp:attachment":[{"href":"https:\/\/www.gbchampionship.com\/kubata\/wp-json\/wp\/v2\/media?parent=29057"}],"curies":[{"name":"wp","href":"https:\/\/api.w.org\/{rel}","templated":true}]}}