{"id":29065,"date":"2017-09-12T14:49:29","date_gmt":"2017-09-12T14:49:29","guid":{"rendered":"https:\/\/www.gbchampionship.com\/kubata\/?page_id=29065"},"modified":"2017-11-15T19:49:37","modified_gmt":"2017-11-15T19:49:37","slug":"jorge","status":"publish","type":"page","link":"https:\/\/www.gbchampionship.com\/kubata\/jorge\/","title":{"rendered":"Jorge"},"content":{"rendered":"<p>[et_pb_section bb_built=\u00bb1&#8243;][et_pb_row][et_pb_column type=\u00bb1_4&#8243;][et_pb_image _builder_version=\u00bb3.0.64&#8243; src=\u00bbhttps:\/\/www.gbchampionship.com\/kubata\/wp-content\/uploads\/2017\/09\/jorge.jpg\u00bb show_in_lightbox=\u00bboff\u00bb url_new_window=\u00bboff\u00bb use_overlay=\u00bboff\u00bb sticky=\u00bboff\u00bb align=\u00bbleft\u00bb always_center_on_mobile=\u00bbon\u00bb border_style=\u00bbsolid\u00bb force_fullwidth=\u00bboff\u00bb \/][et_pb_button _builder_version=\u00bb3.0.64&#8243; button_text=\u00bbVer m\u00e1s h\u00e9roes\u00bb button_url=\u00bb\/kubata\/los-heroes\/\u00bb url_new_window=\u00bboff\u00bb button_alignment=\u00bbleft\u00bb background_layout=\u00bblight\u00bb custom_button=\u00bboff\u00bb button_letter_spacing=\u00bb0&#8243; button_icon_placement=\u00bbright\u00bb button_letter_spacing_hover=\u00bb0&#8243; \/][\/et_pb_column][et_pb_column type=\u00bb3_4&#8243;][et_pb_text _builder_version=\u00bb3.0.64&#8243; background_layout=\u00bblight\u00bb text_orientation=\u00bbleft\u00bb border_style=\u00bbsolid\u00bb]<\/p>\n<h1>Jorge<\/h1>\n<p><strong>1. \u00bfCuantos a\u00f1os llevas en esto de los dardos?<\/strong><br \/>\nDesde principios del 2016<br \/>\n<strong>2. \u00bfCual es tu MPR y PPD aprox.?<\/strong><br \/>\n1,90 y sobre un 18<br \/>\n<strong>3. \u00bfCu\u00e1l ha sido tu mayor victoria en el Kubata?<\/strong><br \/>\nQuedar segundo en una Kubatalla y el hecho de haber conocido tanta gente y gentuza en este lugar.<br \/>\n<strong>4. \u00bfY cual fuera del Kubata?<\/strong><br \/>\nAsistir a una competici\u00f3n de esas locas y ver c\u00f3mo era apalizado a la primera de cambio.<br \/>\n<strong>5. \u00bfEntrenas?<\/strong><br \/>\nIntento jugar regularmente<br \/>\n<strong>6. \u00bfCual es tu pauta de entrenamiento?<\/strong><br \/>\n1 hora al d\u00eda, al menos 4 d\u00edas a la semana, jugar a la rueda esa de primero el fat, luego triples y luego dobles, con bulls por en medio. Esa es la idea, luego lo de cumplirlo,..<br \/>\n<strong>7. \u00bfQui\u00e9n es tu \u00eddolo en el Kubata?<\/strong><br \/>\nOh gran Mika, se\u00f1or del banquillo, jajaja. Mis \u00eddolos son los que aun yendo borrachos, le dan a los triples que tocan.<br \/>\n<strong>8. \u00bfCual es tu n\u00famero favorito?<\/strong><br \/>\nEl 11 por la cantidad de veces que le doy sin querer<br \/>\n<strong>9. \u00bfQu\u00e9 n\u00famero te da m\u00e1s rabia?<\/strong><br \/>\nEl 3 en su zona m\u00e1s cercana al Bull, concretamente<br \/>\n<strong>10. \u00bfSabr\u00edas dibujar un c\u00edrculo y poner los n\u00fameros correctamente sin mirar a la diana?<\/strong><br \/>\nSi, no sab\u00eda si podr\u00eda, pero lo acabo de dibujar y todo bien.<br \/>\n<strong>11. \u00bfQu\u00e9 es lo que te da m\u00e1s rabia al jugar?<\/strong><br \/>\nJugar en parejas, no dar una y tu compa\u00f1ero mientras te hace mirada de \u00abDale a algo, desgraciado!\u00bb\u00a0 y cara de \u00abVenga, hombre, t\u00fa puedes\u00bb, con medio cricket cerrado.<br \/>\n<strong>12. \u00bfEn qu\u00e9 momento de la partida disfrutas m\u00e1s jugando a los dardos?<\/strong><br \/>\nCuando despu\u00e9s de 3 tiradas absurdas, vienen seguidas 6-7-8 marcas al cricket o revientas a Lowtons. La tensi\u00f3n de toda la partida es genial.<br \/>\n<strong>13. \u00bfQui\u00e9n dir\u00edas que es la nueva promesa del Kubata?<\/strong><br \/>\nEn cuanto Carlos (Cirujano) sepa controlar los nervios, va a ser un figura.<br \/>\n<strong>14. \u00bfQu\u00e9 prefieres beber mientras juegas?<\/strong><br \/>\nCerveza, oh yes.<br \/>\n<strong>15. \u00bfCon qu\u00e9 jugador llevas un pique personal?<\/strong><br \/>\nCon Carlos (Cirujano), quiz\u00e1s porque lo conozco desde que ten\u00eda 2 a\u00f1os.<br \/>\n<strong>16. \u00bfSabr\u00edas explicarnos tu t\u00e9cnica de tiro?\u00bfQu\u00e9 haces, c\u00f3mo apuntas, c\u00f3mo tiras?<\/strong><br \/>\nEn casa, si voy a triple, me concentro en los tres quesitos que lo envuelven, pie adelantado con tiro lateral y concentrado en donde quiero dar, respirar tranquilo y lanzar sin mucho jaleo. Luego en competici\u00f3n se me olvida todo esto y tiro como puedo.<br \/>\n<strong>17. \u00bfHasta qu\u00e9 punto el ruido te molesta a la hora de tirar?<\/strong><br \/>\nMe mola con m\u00fasica, no importa cuan alta est\u00e9. Me cansa un poco cuando parece la zona monguer de una grada de futbol, \u00a1pero es un garito co\u00f1o!<\/p>\n<p>[\/et_pb_text][\/et_pb_column][\/et_pb_row][\/et_pb_section][et_pb_section bb_built=\u00bb1&#8243; fullwidth=\u00bboff\u00bb specialty=\u00bboff\u00bb _builder_version=\u00bb3.0.64&#8243; global_module=\u00bb29132&#8243;][et_pb_row global_parent=\u00bb29132&#8243;][et_pb_column type=\u00bb4_4&#8243;][et_pb_comments global_parent=\u00bb29132&#8243; _builder_version=\u00bb3.0.64&#8243; show_avatar=\u00bbon\u00bb show_reply=\u00bbon\u00bb show_count=\u00bbon\u00bb background_layout=\u00bblight\u00bb border_style=\u00bbsolid\u00bb custom_button=\u00bboff\u00bb button_letter_spacing=\u00bb0&#8243; button_icon_placement=\u00bbright\u00bb button_letter_spacing_hover=\u00bb0&#8243; \/][\/et_pb_column][\/et_pb_row][\/et_pb_section]<\/p>\n<!-- AddThis Advanced Settings generic via filter on the_content --><!-- AddThis Share Buttons generic via filter on the_content -->","protected":false},"excerpt":{"rendered":"<p><div class=\"et_pb_row et_pb_row_0 et_pb_row_empty\">\n\t\t\t\t\n\t\t\t\t\n\t\t\t\t\n\t\t\t\t\n\t\t\t\t\n\t\t\t<\/div> Jorge 1. \u00bfCuantos a\u00f1os llevas en esto de los dardos? Desde principios del 2016 2. \u00bfCual es tu MPR y PPD aprox.? 1,90 y sobre un 18 3. \u00bfCu\u00e1l ha sido tu mayor victoria en el Kubata? Quedar segundo en una Kubatalla y el hecho de haber conocido tanta gente y gentuza en este [&hellip;]<\/p>\n<p><!-- AddThis Advanced Settings generic via filter on get_the_excerpt --><!-- AddThis Share Buttons generic via filter on get_the_excerpt --><\/p>\n","protected":false},"author":7,"featured_media":0,"parent":0,"menu_order":0,"comment_status":"open","ping_status":"closed","template":"","meta":{"_et_pb_use_builder":"on","_et_pb_old_content":"","_et_gb_content_width":"","footnotes":""},"class_list":["post-29065","page","type-page","status-publish","hentry"],"yoast_head":"<!-- This site is optimized with the Yoast SEO plugin v24.9 - https:\/\/yoast.com\/wordpress\/plugins\/seo\/ -->\n<title>Jorge - Kubata de Hojalata<\/title>\n<meta name=\"robots\" content=\"index, follow, max-snippet:-1, max-image-preview:large, max-video-preview:-1\" \/>\n<link rel=\"canonical\" href=\"https:\/\/www.gbchampionship.com\/kubata\/jorge\/\" \/>\n<meta property=\"og:locale\" content=\"es_ES\" \/>\n<meta property=\"og:type\" content=\"article\" \/>\n<meta property=\"og:title\" content=\"Jorge - Kubata de Hojalata\" \/>\n<meta property=\"og:description\" content=\"Jorge 1. \u00bfCuantos a\u00f1os llevas en esto de los dardos? Desde principios del 2016 2. \u00bfCual es tu MPR y PPD aprox.? 1,90 y sobre un 18 3. \u00bfCu\u00e1l ha sido tu mayor victoria en el Kubata? Quedar segundo en una Kubatalla y el hecho de haber conocido tanta gente y gentuza en este [&hellip;]\" \/>\n<meta property=\"og:url\" content=\"https:\/\/www.gbchampionship.com\/kubata\/jorge\/\" \/>\n<meta property=\"og:site_name\" content=\"Kubata de Hojalata\" \/>\n<meta property=\"article:modified_time\" content=\"2017-11-15T19:49:37+00:00\" \/>\n<meta name=\"twitter:card\" content=\"summary_large_image\" \/>\n<meta name=\"twitter:label1\" content=\"Tiempo de lectura\" \/>\n\t<meta name=\"twitter:data1\" content=\"3 minutos\" \/>\n<script type=\"application\/ld+json\" class=\"yoast-schema-graph\">{\"@context\":\"https:\/\/schema.org\",\"@graph\":[{\"@type\":\"WebPage\",\"@id\":\"https:\/\/www.gbchampionship.com\/kubata\/jorge\/\",\"url\":\"https:\/\/www.gbchampionship.com\/kubata\/jorge\/\",\"name\":\"Jorge - Kubata de Hojalata\",\"isPartOf\":{\"@id\":\"https:\/\/www.gbchampionship.com\/kubata\/#website\"},\"datePublished\":\"2017-09-12T14:49:29+00:00\",\"dateModified\":\"2017-11-15T19:49:37+00:00\",\"breadcrumb\":{\"@id\":\"https:\/\/www.gbchampionship.com\/kubata\/jorge\/#breadcrumb\"},\"inLanguage\":\"es\",\"potentialAction\":[{\"@type\":\"ReadAction\",\"target\":[\"https:\/\/www.gbchampionship.com\/kubata\/jorge\/\"]}]},{\"@type\":\"BreadcrumbList\",\"@id\":\"https:\/\/www.gbchampionship.com\/kubata\/jorge\/#breadcrumb\",\"itemListElement\":[{\"@type\":\"ListItem\",\"position\":1,\"name\":\"Portada\",\"item\":\"https:\/\/www.gbchampionship.com\/kubata\/\"},{\"@type\":\"ListItem\",\"position\":2,\"name\":\"Jorge\"}]},{\"@type\":\"WebSite\",\"@id\":\"https:\/\/www.gbchampionship.com\/kubata\/#website\",\"url\":\"https:\/\/www.gbchampionship.com\/kubata\/\",\"name\":\"Kubata de Hojalata\",\"description\":\"\",\"potentialAction\":[{\"@type\":\"SearchAction\",\"target\":{\"@type\":\"EntryPoint\",\"urlTemplate\":\"https:\/\/www.gbchampionship.com\/kubata\/?s={search_term_string}\"},\"query-input\":{\"@type\":\"PropertyValueSpecification\",\"valueRequired\":true,\"valueName\":\"search_term_string\"}}],\"inLanguage\":\"es\"}]}<\/script>\n<!-- \/ Yoast SEO plugin. -->","yoast_head_json":{"title":"Jorge - Kubata de Hojalata","robots":{"index":"index","follow":"follow","max-snippet":"max-snippet:-1","max-image-preview":"max-image-preview:large","max-video-preview":"max-video-preview:-1"},"canonical":"https:\/\/www.gbchampionship.com\/kubata\/jorge\/","og_locale":"es_ES","og_type":"article","og_title":"Jorge - Kubata de Hojalata","og_description":"Jorge 1. \u00bfCuantos a\u00f1os llevas en esto de los dardos? Desde principios del 2016 2. \u00bfCual es tu MPR y PPD aprox.? 1,90 y sobre un 18 3. \u00bfCu\u00e1l ha sido tu mayor victoria en el Kubata? Quedar segundo en una Kubatalla y el hecho de haber conocido tanta gente y gentuza en este [&hellip;]","og_url":"https:\/\/www.gbchampionship.com\/kubata\/jorge\/","og_site_name":"Kubata de Hojalata","article_modified_time":"2017-11-15T19:49:37+00:00","twitter_card":"summary_large_image","twitter_misc":{"Tiempo de lectura":"3 minutos"},"schema":{"@context":"https:\/\/schema.org","@graph":[{"@type":"WebPage","@id":"https:\/\/www.gbchampionship.com\/kubata\/jorge\/","url":"https:\/\/www.gbchampionship.com\/kubata\/jorge\/","name":"Jorge - Kubata de Hojalata","isPartOf":{"@id":"https:\/\/www.gbchampionship.com\/kubata\/#website"},"datePublished":"2017-09-12T14:49:29+00:00","dateModified":"2017-11-15T19:49:37+00:00","breadcrumb":{"@id":"https:\/\/www.gbchampionship.com\/kubata\/jorge\/#breadcrumb"},"inLanguage":"es","potentialAction":[{"@type":"ReadAction","target":["https:\/\/www.gbchampionship.com\/kubata\/jorge\/"]}]},{"@type":"BreadcrumbList","@id":"https:\/\/www.gbchampionship.com\/kubata\/jorge\/#breadcrumb","itemListElement":[{"@type":"ListItem","position":1,"name":"Portada","item":"https:\/\/www.gbchampionship.com\/kubata\/"},{"@type":"ListItem","position":2,"name":"Jorge"}]},{"@type":"WebSite","@id":"https:\/\/www.gbchampionship.com\/kubata\/#website","url":"https:\/\/www.gbchampionship.com\/kubata\/","name":"Kubata de Hojalata","description":"","potentialAction":[{"@type":"SearchAction","target":{"@type":"EntryPoint","urlTemplate":"https:\/\/www.gbchampionship.com\/kubata\/?s={search_term_string}"},"query-input":{"@type":"PropertyValueSpecification","valueRequired":true,"valueName":"search_term_string"}}],"inLanguage":"es"}]}},"_links":{"self":[{"href":"https:\/\/www.gbchampionship.com\/kubata\/wp-json\/wp\/v2\/pages\/29065","targetHints":{"allow":["GET"]}}],"collection":[{"href":"https:\/\/www.gbchampionship.com\/kubata\/wp-json\/wp\/v2\/pages"}],"about":[{"href":"https:\/\/www.gbchampionship.com\/kubata\/wp-json\/wp\/v2\/types\/page"}],"author":[{"embeddable":true,"href":"https:\/\/www.gbchampionship.com\/kubata\/wp-json\/wp\/v2\/users\/7"}],"replies":[{"embeddable":true,"href":"https:\/\/www.gbchampionship.com\/kubata\/wp-json\/wp\/v2\/comments?post=29065"}],"version-history":[{"count":3,"href":"https:\/\/www.gbchampionship.com\/kubata\/wp-json\/wp\/v2\/pages\/29065\/revisions"}],"predecessor-version":[{"id":29399,"href":"https:\/\/www.gbchampionship.com\/kubata\/wp-json\/wp\/v2\/pages\/29065\/revisions\/29399"}],"wp:attachment":[{"href":"https:\/\/www.gbchampionship.com\/kubata\/wp-json\/wp\/v2\/media?parent=29065"}],"curies":[{"name":"wp","href":"https:\/\/api.w.org\/{rel}","templated":true}]}}