{"id":29173,"date":"2017-09-16T14:18:56","date_gmt":"2017-09-16T14:18:56","guid":{"rendered":"https:\/\/www.gbchampionship.com\/kubata\/?page_id=29173"},"modified":"2017-09-16T14:18:56","modified_gmt":"2017-09-16T14:18:56","slug":"kata","status":"publish","type":"page","link":"https:\/\/www.gbchampionship.com\/kubata\/kata\/","title":{"rendered":"Kata"},"content":{"rendered":"<p>[et_pb_section bb_built=\u00bb1&#8243;][et_pb_row][et_pb_column type=\u00bb1_4&#8243;][et_pb_image _builder_version=\u00bb3.0.64&#8243; src=\u00bbhttps:\/\/www.gbchampionship.com\/kubata\/wp-content\/uploads\/2017\/09\/kata-1.jpg\u00bb show_in_lightbox=\u00bboff\u00bb url_new_window=\u00bboff\u00bb use_overlay=\u00bboff\u00bb sticky=\u00bboff\u00bb align=\u00bbleft\u00bb always_center_on_mobile=\u00bbon\u00bb border_style=\u00bbsolid\u00bb force_fullwidth=\u00bboff\u00bb \/][et_pb_button _builder_version=\u00bb3.0.64&#8243; button_text=\u00bbVer m\u00e1s h\u00e9roes\u00bb button_url=\u00bb\/kubata\/los-heroes\/\u00bb url_new_window=\u00bboff\u00bb button_alignment=\u00bbleft\u00bb background_layout=\u00bblight\u00bb custom_button=\u00bboff\u00bb button_letter_spacing=\u00bb0&#8243; button_icon_placement=\u00bbright\u00bb button_letter_spacing_hover=\u00bb0&#8243; \/][\/et_pb_column][et_pb_column type=\u00bb3_4&#8243;][et_pb_text _builder_version=\u00bb3.0.64&#8243; background_layout=\u00bblight\u00bb text_orientation=\u00bbleft\u00bb border_style=\u00bbsolid\u00bb]<\/p>\n<h1>Kata<\/h1>\n<p><strong>1. \u00bfCuantos a\u00f1os llevas en esto de los dardos?<\/strong><br \/>\nPues&#8230; de ni\u00f1o ya tiraba pelotitas con velcro a dianas de algod\u00f3n, cuando empec\u00e9 a beber cerveza un poco mas tarde, y rondar pubs y otros locales de ocio nocturno, se abri\u00f3 ante mi un abanico grande de opciones as\u00ed a lo Locom\u00eda pero con menos glamour, futbolin, billar, maquinas de videojuegos, quiz, maquinas de bingo, maquinas para sacar condon&#8230; a no, estas no&#8230;, finalmente en 2007 decid\u00ed aceptar la oferta de la Farfolla y me rend\u00ed a la \u00fanica opci\u00f3n que te dejaba jugar a algo con una mano para sujetar una cerveza&#8230;<br \/>\n<strong>2. \u00bfCual es tu MPR y PPD aprox.?<\/strong><br \/>\n\u00bflo que?&#8230; uy, eso es muy personal, siguiente pregunta&#8230;.<br \/>\nbueno se rumorea que actualmente el ppd puede estar alrededor de 20, y el mpr igual en 2,2\u20ac pero var\u00eda mas que el valor de las acciones del valencia&#8230;<br \/>\n<strong>3. \u00bfCu\u00e1l ha sido tu mayor victoria en el Kubata?<\/strong><br \/>\npues una vez casi me ligo a&#8230;. ah te refieres a los dardos&#8230;pues la \u00faltima victoria con los thorreznos de hojalata para mi ha sido la mejor, el resto se me han ido olvidando con las resacas<br \/>\n<strong>4. \u00bfY cual fuera del Kubata?<\/strong><br \/>\nCon la Farfolla hicimos grandes victorias contra equipos del Kubata cuando jugabamos en pubs como Kasual o Taverno, grandes derbis llenos de rivalidad y fraternidad, pero como dec\u00eda antes, las resacas se han llevado los detalles<br \/>\n<strong>5. \u00bfEntrenas?<\/strong><br \/>\nel mejor entrenamiento son partidas individuales contra mis compa\u00f1eros u otros rivales, lo de no entrenar es una tradici\u00f3n arrastrada desde mis inicios en los dardos y aun dura, aunque si intento participar en torneos indivudiduales para que mis dedos no se oxiden<br \/>\n<strong>6. \u00bfCual es tu pauta de entrenamiento?<\/strong><br \/>\npauta de entrenamiento&#8230;. no hay, jugar hasta que alcohol me lo impida o Oskar chape la persiana<br \/>\n<strong>7. \u00bfQui\u00e9n es tu \u00eddolo en el Kubata?<\/strong><br \/>\nPues sin contar los grupos que Oskar tiene pintados en la pared, Soldado ser\u00eda mi idolo, el jugador mas guarro y mercenario que ha visto Vadelsa y Phoenix, capaz de jugar desnudo y hacer que desnuden los rivales aunque est\u00e9n jugando a distancia, el culo mas visto del cedro.<br \/>\n<strong>8. \u00bfCual es tu n\u00famero favorito?<\/strong><br \/>\nel doble 10 siempre fue el cierre por excelencia de la Farfolla y aun hoy intentamos cerrar en ese numero cuando queda 20 aunque la partida se cierre en simple. Adem\u00e1s es el numero de Maradona.<br \/>\n<strong>9. \u00bfQu\u00e9 n\u00famero te da m\u00e1s rabia?<\/strong><br \/>\nel triple 1, el triple 5, porque no le doy, y el triple 3 porque le doy mas de lo que me gustaria<br \/>\n<strong>10. \u00bfSabr\u00edas dibujar un c\u00edrculo y poner los n\u00fameros correctamente sin mirar a la diana?<\/strong><br \/>\nNo, nunca se me dieron bien las manualidades, en el colegio y en el instituto los profesores me suspend\u00edan y&#8230;. vamos que no&#8230;.Adem\u00e1s tengo mala memoria, ty soy disl\u00e9xico y de letras<br \/>\n<strong>11. \u00bfQu\u00e9 es lo que te da m\u00e1s rabia al jugar?<\/strong><br \/>\nque solo haya cruzcampo en el bar&#8230;. o heinekken&#8230;<br \/>\n<strong>12. \u00bfEn qu\u00e9 momento de la partida disfrutas m\u00e1s jugando a los dardos?<\/strong><br \/>\nal acabar siempre hayamos ganado o perdido, siempre hay celebraci\u00f3n<br \/>\n<strong>13. \u00bfQui\u00e9n dir\u00edas que es la nueva promesa del Kubata?<\/strong><br \/>\nyo soy una joven promesa de 39 a\u00f1os&#8230;<br \/>\n<strong>14. \u00bfQu\u00e9 prefieres beber mientras juegas?<\/strong><br \/>\ndespues de haber probado a jugar con vino, kubatas, mistela, trina de naranja, agua con gas, chupitos&#8230; he llegado a la conclusi\u00f3n de que la bebida isot\u00f3nica ideal para los dardos es la birra.<br \/>\n<strong>15. \u00bfCon qu\u00e9 jugador llevas un pique personal?<\/strong><br \/>\nque yo sepa con nadie, hay jugadores con los que mola picarte y rivalizar pero siempre de manera sana, con cerveza y alcohol, pero sana, no llega la sangre al rio<br \/>\n<strong>16. \u00bfSabr\u00edas explicarnos tu t\u00e9cnica de tiro?\u00bfQu\u00e9 haces, c\u00f3mo apuntas, c\u00f3mo tiras?<\/strong><br \/>\npues un pasito a la izquierda, otro mas a la izquierda, luego un paso adelante, atras y cuento hasta 3,&#8230;. aparte de eso hace a\u00f1os, en una larga madrugada en el m\u00edtico y ahora desaparecido Cardiac, desarroll\u00e9 la t\u00e9cnica llamada el tiro a la inglesa, con una flexi\u00f3n de piernas una trayectoria ascendente del dardo con arqueo de columna y soltando el dardo en el momento preciso traza una parabola ascendente que provoca perplejidad en el rival&#8230;.<br \/>\n<strong>17. \u00bfHasta qu\u00e9 punto el ruido te molesta a la hora de tirar?<\/strong><br \/>\nen otras ligas hemos jugado con diversas bandas sonoras y habitualmente la musica pachanguera chunda chun suele provocar en mi las ganas de arrancarme los oidos&#8230; aparte de eso gracias a los eruptos de Soldado y otros compa\u00f1eros de equipo estoy acostumbrado a jugar con todo tipo de atm\u00f3sferas sonoras.<\/p>\n<p>[\/et_pb_text][\/et_pb_column][\/et_pb_row][\/et_pb_section][et_pb_section bb_built=\u00bb1&#8243; fullwidth=\u00bboff\u00bb specialty=\u00bboff\u00bb _builder_version=\u00bb3.0.64&#8243; global_module=\u00bb29132&#8243;][et_pb_row global_parent=\u00bb29132&#8243;][et_pb_column type=\u00bb4_4&#8243;][et_pb_comments global_parent=\u00bb29132&#8243; _builder_version=\u00bb3.0.64&#8243; show_avatar=\u00bbon\u00bb show_reply=\u00bbon\u00bb show_count=\u00bbon\u00bb background_layout=\u00bblight\u00bb border_style=\u00bbsolid\u00bb custom_button=\u00bboff\u00bb button_letter_spacing=\u00bb0&#8243; button_icon_placement=\u00bbright\u00bb button_letter_spacing_hover=\u00bb0&#8243; \/][\/et_pb_column][\/et_pb_row][\/et_pb_section]<\/p>\n<!-- AddThis Advanced Settings generic via filter on the_content --><!-- AddThis Share Buttons generic via filter on the_content -->","protected":false},"excerpt":{"rendered":"<p><div class=\"et_pb_row et_pb_row_0 et_pb_row_empty\">\n\t\t\t\t\n\t\t\t\t\n\t\t\t\t\n\t\t\t\t\n\t\t\t\t\n\t\t\t<\/div> Kata 1. \u00bfCuantos a\u00f1os llevas en esto de los dardos? Pues&#8230; de ni\u00f1o ya tiraba pelotitas con velcro a dianas de algod\u00f3n, cuando empec\u00e9 a beber cerveza un poco mas tarde, y rondar pubs y otros locales de ocio nocturno, se abri\u00f3 ante mi un abanico grande de opciones as\u00ed a lo Locom\u00eda pero [&hellip;]<\/p>\n<p><!-- AddThis Advanced Settings generic via filter on get_the_excerpt --><!-- AddThis Share Buttons generic via filter on get_the_excerpt --><\/p>\n","protected":false},"author":7,"featured_media":0,"parent":0,"menu_order":0,"comment_status":"open","ping_status":"closed","template":"","meta":{"_et_pb_use_builder":"on","_et_pb_old_content":"","_et_gb_content_width":"","footnotes":""},"class_list":["post-29173","page","type-page","status-publish","hentry"],"yoast_head":"<!-- This site is optimized with the Yoast SEO plugin v24.9 - https:\/\/yoast.com\/wordpress\/plugins\/seo\/ -->\n<title>Kata - Kubata de Hojalata<\/title>\n<meta name=\"robots\" content=\"index, follow, max-snippet:-1, max-image-preview:large, max-video-preview:-1\" \/>\n<link rel=\"canonical\" href=\"https:\/\/www.gbchampionship.com\/kubata\/kata\/\" \/>\n<meta property=\"og:locale\" content=\"es_ES\" \/>\n<meta property=\"og:type\" content=\"article\" \/>\n<meta property=\"og:title\" content=\"Kata - Kubata de Hojalata\" \/>\n<meta property=\"og:description\" content=\"Kata 1. \u00bfCuantos a\u00f1os llevas en esto de los dardos? Pues... de ni\u00f1o ya tiraba pelotitas con velcro a dianas de algod\u00f3n, cuando empec\u00e9 a beber cerveza un poco mas tarde, y rondar pubs y otros locales de ocio nocturno, se abri\u00f3 ante mi un abanico grande de opciones as\u00ed a lo Locom\u00eda pero [&hellip;]\" \/>\n<meta property=\"og:url\" content=\"https:\/\/www.gbchampionship.com\/kubata\/kata\/\" \/>\n<meta property=\"og:site_name\" content=\"Kubata de Hojalata\" \/>\n<meta name=\"twitter:card\" content=\"summary_large_image\" \/>\n<meta name=\"twitter:label1\" content=\"Tiempo de lectura\" \/>\n\t<meta name=\"twitter:data1\" content=\"5 minutos\" \/>\n<script type=\"application\/ld+json\" class=\"yoast-schema-graph\">{\"@context\":\"https:\/\/schema.org\",\"@graph\":[{\"@type\":\"WebPage\",\"@id\":\"https:\/\/www.gbchampionship.com\/kubata\/kata\/\",\"url\":\"https:\/\/www.gbchampionship.com\/kubata\/kata\/\",\"name\":\"Kata - Kubata de Hojalata\",\"isPartOf\":{\"@id\":\"https:\/\/www.gbchampionship.com\/kubata\/#website\"},\"datePublished\":\"2017-09-16T14:18:56+00:00\",\"breadcrumb\":{\"@id\":\"https:\/\/www.gbchampionship.com\/kubata\/kata\/#breadcrumb\"},\"inLanguage\":\"es\",\"potentialAction\":[{\"@type\":\"ReadAction\",\"target\":[\"https:\/\/www.gbchampionship.com\/kubata\/kata\/\"]}]},{\"@type\":\"BreadcrumbList\",\"@id\":\"https:\/\/www.gbchampionship.com\/kubata\/kata\/#breadcrumb\",\"itemListElement\":[{\"@type\":\"ListItem\",\"position\":1,\"name\":\"Portada\",\"item\":\"https:\/\/www.gbchampionship.com\/kubata\/\"},{\"@type\":\"ListItem\",\"position\":2,\"name\":\"Kata\"}]},{\"@type\":\"WebSite\",\"@id\":\"https:\/\/www.gbchampionship.com\/kubata\/#website\",\"url\":\"https:\/\/www.gbchampionship.com\/kubata\/\",\"name\":\"Kubata de Hojalata\",\"description\":\"\",\"potentialAction\":[{\"@type\":\"SearchAction\",\"target\":{\"@type\":\"EntryPoint\",\"urlTemplate\":\"https:\/\/www.gbchampionship.com\/kubata\/?s={search_term_string}\"},\"query-input\":{\"@type\":\"PropertyValueSpecification\",\"valueRequired\":true,\"valueName\":\"search_term_string\"}}],\"inLanguage\":\"es\"}]}<\/script>\n<!-- \/ Yoast SEO plugin. -->","yoast_head_json":{"title":"Kata - Kubata de Hojalata","robots":{"index":"index","follow":"follow","max-snippet":"max-snippet:-1","max-image-preview":"max-image-preview:large","max-video-preview":"max-video-preview:-1"},"canonical":"https:\/\/www.gbchampionship.com\/kubata\/kata\/","og_locale":"es_ES","og_type":"article","og_title":"Kata - Kubata de Hojalata","og_description":"Kata 1. \u00bfCuantos a\u00f1os llevas en esto de los dardos? Pues... de ni\u00f1o ya tiraba pelotitas con velcro a dianas de algod\u00f3n, cuando empec\u00e9 a beber cerveza un poco mas tarde, y rondar pubs y otros locales de ocio nocturno, se abri\u00f3 ante mi un abanico grande de opciones as\u00ed a lo Locom\u00eda pero [&hellip;]","og_url":"https:\/\/www.gbchampionship.com\/kubata\/kata\/","og_site_name":"Kubata de Hojalata","twitter_card":"summary_large_image","twitter_misc":{"Tiempo de lectura":"5 minutos"},"schema":{"@context":"https:\/\/schema.org","@graph":[{"@type":"WebPage","@id":"https:\/\/www.gbchampionship.com\/kubata\/kata\/","url":"https:\/\/www.gbchampionship.com\/kubata\/kata\/","name":"Kata - Kubata de Hojalata","isPartOf":{"@id":"https:\/\/www.gbchampionship.com\/kubata\/#website"},"datePublished":"2017-09-16T14:18:56+00:00","breadcrumb":{"@id":"https:\/\/www.gbchampionship.com\/kubata\/kata\/#breadcrumb"},"inLanguage":"es","potentialAction":[{"@type":"ReadAction","target":["https:\/\/www.gbchampionship.com\/kubata\/kata\/"]}]},{"@type":"BreadcrumbList","@id":"https:\/\/www.gbchampionship.com\/kubata\/kata\/#breadcrumb","itemListElement":[{"@type":"ListItem","position":1,"name":"Portada","item":"https:\/\/www.gbchampionship.com\/kubata\/"},{"@type":"ListItem","position":2,"name":"Kata"}]},{"@type":"WebSite","@id":"https:\/\/www.gbchampionship.com\/kubata\/#website","url":"https:\/\/www.gbchampionship.com\/kubata\/","name":"Kubata de Hojalata","description":"","potentialAction":[{"@type":"SearchAction","target":{"@type":"EntryPoint","urlTemplate":"https:\/\/www.gbchampionship.com\/kubata\/?s={search_term_string}"},"query-input":{"@type":"PropertyValueSpecification","valueRequired":true,"valueName":"search_term_string"}}],"inLanguage":"es"}]}},"_links":{"self":[{"href":"https:\/\/www.gbchampionship.com\/kubata\/wp-json\/wp\/v2\/pages\/29173","targetHints":{"allow":["GET"]}}],"collection":[{"href":"https:\/\/www.gbchampionship.com\/kubata\/wp-json\/wp\/v2\/pages"}],"about":[{"href":"https:\/\/www.gbchampionship.com\/kubata\/wp-json\/wp\/v2\/types\/page"}],"author":[{"embeddable":true,"href":"https:\/\/www.gbchampionship.com\/kubata\/wp-json\/wp\/v2\/users\/7"}],"replies":[{"embeddable":true,"href":"https:\/\/www.gbchampionship.com\/kubata\/wp-json\/wp\/v2\/comments?post=29173"}],"version-history":[{"count":1,"href":"https:\/\/www.gbchampionship.com\/kubata\/wp-json\/wp\/v2\/pages\/29173\/revisions"}],"predecessor-version":[{"id":29175,"href":"https:\/\/www.gbchampionship.com\/kubata\/wp-json\/wp\/v2\/pages\/29173\/revisions\/29175"}],"wp:attachment":[{"href":"https:\/\/www.gbchampionship.com\/kubata\/wp-json\/wp\/v2\/media?parent=29173"}],"curies":[{"name":"wp","href":"https:\/\/api.w.org\/{rel}","templated":true}]}}