{"id":29348,"date":"2017-11-08T19:40:35","date_gmt":"2017-11-08T19:40:35","guid":{"rendered":"https:\/\/www.gbchampionship.com\/kubata\/?page_id=29348"},"modified":"2017-11-13T09:29:14","modified_gmt":"2017-11-13T09:29:14","slug":"soldado","status":"publish","type":"page","link":"https:\/\/www.gbchampionship.com\/kubata\/soldado\/","title":{"rendered":"Soldado"},"content":{"rendered":"<p>[et_pb_section bb_built=\u00bb1&#8243;][et_pb_row][et_pb_column type=\u00bb1_4&#8243;][et_pb_image _builder_version=\u00bb3.0.64&#8243; src=\u00bbhttps:\/\/www.gbchampionship.com\/kubata\/wp-content\/uploads\/2017\/11\/soldado.jpg\u00bb show_in_lightbox=\u00bboff\u00bb url_new_window=\u00bboff\u00bb use_overlay=\u00bboff\u00bb sticky=\u00bboff\u00bb align=\u00bbleft\u00bb always_center_on_mobile=\u00bbon\u00bb border_style=\u00bbsolid\u00bb force_fullwidth=\u00bboff\u00bb \/][et_pb_button _builder_version=\u00bb3.0.64&#8243; button_text=\u00bbVer m\u00e1s h\u00e9roes\u00bb button_url=\u00bb\/kubata\/los-heroes\/\u00bb url_new_window=\u00bboff\u00bb button_alignment=\u00bbleft\u00bb background_layout=\u00bblight\u00bb custom_button=\u00bboff\u00bb button_letter_spacing=\u00bb0&#8243; button_icon_placement=\u00bbright\u00bb button_letter_spacing_hover=\u00bb0&#8243; \/][\/et_pb_column][et_pb_column type=\u00bb3_4&#8243;][et_pb_text _builder_version=\u00bb3.0.64&#8243; background_layout=\u00bblight\u00bb text_orientation=\u00bbleft\u00bb border_style=\u00bbsolid\u00bb]<\/p>\n<h1>Soldado<\/h1>\n<p><strong>1. \u00bfCuantos a\u00f1os llevas en esto de los dardos?<\/strong><br \/>\nDesde el 2005 en la Farfolla&#8230;.12 a\u00f1os.<br \/>\n<strong>2. \u00bfCual es tu MPR y PPD aprox.?<\/strong><br \/>\nMPR sobre un 2,3 y en PPD un 20 por ah\u00ed<br \/>\n<strong>3. \u00bfCu\u00e1l ha sido tu mayor victoria en el Kubata?<\/strong><br \/>\nLa mayor victoria en el Kubata ha sido conocer a toda la gente que hay por aqu\u00ed en el Kubata. Esa ha sido la mayor de las victorias<br \/>\n<strong>4. \u00bfY cual fuera del Kubata?<\/strong><br \/>\n<strong>De fuera del Kubata tengo recuerdos buenos y eso, pero el Kubata es mi casa. Estar en el Kubata es como estar en pelotas andando por el pasillo de mi casa. Me quedo co nlos buenos recuerdos, pero la casa de uno es la casa de uno.<br \/>\n<\/strong><strong>5. \u00bfEntrenas?<\/strong><br \/>\nSi, suelo bajar al Kubata en la medida de lo posible, lo que me da el presupuesto y si que entreno si<br \/>\n<strong>6. \u00bfCual es tu pauta de entrenamiento?<\/strong><br \/>\nCarajillo, tercio, dardos, tercio tercio, carajillo, tercio,. dardos&#8230;&#8230; hasta que ya no se pueda m\u00e1s.<br \/>\n<strong>7. \u00bfQui\u00e9n es tu \u00eddolo en el Kubata?<\/strong><br \/>\nS\u00f3lo tuve dos \u00eddolos, Demi Moore y Raul Gonz\u00e1lez Blanco. Si estamos hablando de jugadores de dardos, el que he visto hacer maravillas, me quedo con Edu Sanahuja, le he visto hacer barbaridades jugando a los dardos. C\u00f3mo \u00eddolo, como filosofia, como se toma los dardos, Danielo es mi \u00eddolo.<br \/>\n<strong>8. \u00bfCual es tu n\u00famero favorito?<\/strong><br \/>\nDoble 10<br \/>\n<strong>9. \u00bfQu\u00e9 n\u00famero te da m\u00e1s rabia?<\/strong><br \/>\n<strong>El triple 3, lo tengo gafado.<br \/>\n<\/strong><strong>10. \u00bfSabr\u00edas dibujar un c\u00edrculo y poner los n\u00fameros correctamente sin mirar a la diana?<\/strong><br \/>\nCuando llevo 3 o 4 cervezas es imposible dibujar un c\u00edrculo, dibujar\u00eda un rect\u00e1ngulo, un hex\u00e1gono o un tetra-t\u00e1tono, imposible. Y los n\u00fameros de memoria&#8230; se que el 1 est\u00e1 al lado del 20 y el 3 al lado del 19, el resto me costar\u00eda.<br \/>\n<strong>11. \u00bfQu\u00e9 es lo que te da m\u00e1s rabia al jugar?<\/strong><br \/>\nCuando se acerca el t\u00edpico subnormal de turno que va hasta las trancas y se pone en medio. Y encima te habla de c\u00f3mo solucionar el mundo y uf&#8230;Le cae la maza<br \/>\n<strong>12. \u00bfEn qu\u00e9 momento de la partida disfrutas m\u00e1s jugando a los dardos?<\/strong><br \/>\nCuando m\u00e1s disfruto es el momento en el que llego dos horas antes de la partida y estoy ya escuchando a Extremoduro y bebiendo cerveza y me voy poniendo a tono. Esas dos horas antes de la partida es cuando m\u00e1s lo gozo.<br \/>\n<strong>13. \u00bfQui\u00e9n dir\u00edas que es la nueva promesa del Kubata?<\/strong><br \/>\nPues no lo se, la verdad, la gente nueva que he ido conociendo y he dicho, joder, c\u00f3mo le dan, el que m\u00e1s flipao me he quedado ha sido Pablito Cort\u00e9s. No se puede decir que es una promesa porque es un fen\u00f3meno ya,<br \/>\n<strong>14. \u00bfQu\u00e9 prefieres beber mientras juegas?<\/strong><br \/>\nCerveza, cerveza, cerveza,\u00a0cerveza y cerveza y de vez en cuando un carajillo.<br \/>\n<strong>15. \u00bfCon qu\u00e9 jugador llevas un pique personal?<\/strong><br \/>\n<strong>Con Julil Vidal, intento reventarlo cada vez que juego con \u00e9l<br \/>\n16. \u00bfSabr\u00edas explicarnos tu t\u00e9cnica de tiro?\u00bfQu\u00e9 haces, c\u00f3mo apuntas, c\u00f3mo tiras?<\/strong><br \/>\n<strong>Intentar tirar recto y poco m\u00e1s. Mano recta, brazo reco y que vayan recto, viene siendo la erecci\u00f3n, todo recto. erecto, siempre erecto.<br \/>\n<\/strong><strong>17. \u00bfHasta qu\u00e9 punto el ruido te molesta a la hora de tirar?<\/strong><br \/>\nEl ruido la verdad es que no me molesta nada. El \u00fanico ru\u00eddo que me puede molestar es cuando me ponen Europe o Medina Azahara\u00a0 o Kiss, pero si me ponen Extremoduro a todo volumem, es una maravilla.<\/p>\n<p>[\/et_pb_text][\/et_pb_column][\/et_pb_row][\/et_pb_section][et_pb_section bb_built=\u00bb1&#8243; fullwidth=\u00bboff\u00bb specialty=\u00bboff\u00bb _builder_version=\u00bb3.0.64&#8243; global_module=\u00bb29132&#8243;][et_pb_row global_parent=\u00bb29132&#8243;][et_pb_column type=\u00bb4_4&#8243;][et_pb_comments global_parent=\u00bb29132&#8243; _builder_version=\u00bb3.0.64&#8243; show_avatar=\u00bbon\u00bb show_reply=\u00bbon\u00bb show_count=\u00bbon\u00bb background_layout=\u00bblight\u00bb border_style=\u00bbsolid\u00bb custom_button=\u00bboff\u00bb button_letter_spacing=\u00bb0&#8243; button_icon_placement=\u00bbright\u00bb button_letter_spacing_hover=\u00bb0&#8243; \/][\/et_pb_column][\/et_pb_row][\/et_pb_section]<\/p>\n<!-- AddThis Advanced Settings generic via filter on the_content --><!-- AddThis Share Buttons generic via filter on the_content -->","protected":false},"excerpt":{"rendered":"<p><div class=\"et_pb_row et_pb_row_0 et_pb_row_empty\">\n\t\t\t\t\n\t\t\t\t\n\t\t\t\t\n\t\t\t\t\n\t\t\t\t\n\t\t\t<\/div> Soldado 1. \u00bfCuantos a\u00f1os llevas en esto de los dardos? Desde el 2005 en la Farfolla&#8230;.12 a\u00f1os. 2. \u00bfCual es tu MPR y PPD aprox.? MPR sobre un 2,3 y en PPD un 20 por ah\u00ed 3. \u00bfCu\u00e1l ha sido tu mayor victoria en el Kubata? La mayor victoria en el Kubata ha sido [&hellip;]<\/p>\n<p><!-- AddThis Advanced Settings generic via filter on get_the_excerpt --><!-- AddThis Share Buttons generic via filter on get_the_excerpt --><\/p>\n","protected":false},"author":8,"featured_media":0,"parent":0,"menu_order":0,"comment_status":"open","ping_status":"closed","template":"","meta":{"_et_pb_use_builder":"on","_et_pb_old_content":"","_et_gb_content_width":"","footnotes":""},"class_list":["post-29348","page","type-page","status-publish","hentry"],"yoast_head":"<!-- This site is optimized with the Yoast SEO plugin v24.9 - https:\/\/yoast.com\/wordpress\/plugins\/seo\/ -->\n<title>Soldado - Kubata de Hojalata<\/title>\n<meta name=\"robots\" content=\"index, follow, max-snippet:-1, max-image-preview:large, max-video-preview:-1\" \/>\n<link rel=\"canonical\" href=\"https:\/\/www.gbchampionship.com\/kubata\/soldado\/\" \/>\n<meta property=\"og:locale\" content=\"es_ES\" \/>\n<meta property=\"og:type\" content=\"article\" \/>\n<meta property=\"og:title\" content=\"Soldado - Kubata de Hojalata\" \/>\n<meta property=\"og:description\" content=\"Soldado 1. \u00bfCuantos a\u00f1os llevas en esto de los dardos? Desde el 2005 en la Farfolla....12 a\u00f1os. 2. \u00bfCual es tu MPR y PPD aprox.? MPR sobre un 2,3 y en PPD un 20 por ah\u00ed 3. \u00bfCu\u00e1l ha sido tu mayor victoria en el Kubata? La mayor victoria en el Kubata ha sido [&hellip;]\" \/>\n<meta property=\"og:url\" content=\"https:\/\/www.gbchampionship.com\/kubata\/soldado\/\" \/>\n<meta property=\"og:site_name\" content=\"Kubata de Hojalata\" \/>\n<meta property=\"article:modified_time\" content=\"2017-11-13T09:29:14+00:00\" \/>\n<meta name=\"twitter:card\" content=\"summary_large_image\" \/>\n<meta name=\"twitter:label1\" content=\"Tiempo de lectura\" \/>\n\t<meta name=\"twitter:data1\" content=\"4 minutos\" \/>\n<script type=\"application\/ld+json\" class=\"yoast-schema-graph\">{\"@context\":\"https:\/\/schema.org\",\"@graph\":[{\"@type\":\"WebPage\",\"@id\":\"https:\/\/www.gbchampionship.com\/kubata\/soldado\/\",\"url\":\"https:\/\/www.gbchampionship.com\/kubata\/soldado\/\",\"name\":\"Soldado - Kubata de Hojalata\",\"isPartOf\":{\"@id\":\"https:\/\/www.gbchampionship.com\/kubata\/#website\"},\"datePublished\":\"2017-11-08T19:40:35+00:00\",\"dateModified\":\"2017-11-13T09:29:14+00:00\",\"breadcrumb\":{\"@id\":\"https:\/\/www.gbchampionship.com\/kubata\/soldado\/#breadcrumb\"},\"inLanguage\":\"es\",\"potentialAction\":[{\"@type\":\"ReadAction\",\"target\":[\"https:\/\/www.gbchampionship.com\/kubata\/soldado\/\"]}]},{\"@type\":\"BreadcrumbList\",\"@id\":\"https:\/\/www.gbchampionship.com\/kubata\/soldado\/#breadcrumb\",\"itemListElement\":[{\"@type\":\"ListItem\",\"position\":1,\"name\":\"Portada\",\"item\":\"https:\/\/www.gbchampionship.com\/kubata\/\"},{\"@type\":\"ListItem\",\"position\":2,\"name\":\"Soldado\"}]},{\"@type\":\"WebSite\",\"@id\":\"https:\/\/www.gbchampionship.com\/kubata\/#website\",\"url\":\"https:\/\/www.gbchampionship.com\/kubata\/\",\"name\":\"Kubata de Hojalata\",\"description\":\"\",\"potentialAction\":[{\"@type\":\"SearchAction\",\"target\":{\"@type\":\"EntryPoint\",\"urlTemplate\":\"https:\/\/www.gbchampionship.com\/kubata\/?s={search_term_string}\"},\"query-input\":{\"@type\":\"PropertyValueSpecification\",\"valueRequired\":true,\"valueName\":\"search_term_string\"}}],\"inLanguage\":\"es\"}]}<\/script>\n<!-- \/ Yoast SEO plugin. -->","yoast_head_json":{"title":"Soldado - Kubata de Hojalata","robots":{"index":"index","follow":"follow","max-snippet":"max-snippet:-1","max-image-preview":"max-image-preview:large","max-video-preview":"max-video-preview:-1"},"canonical":"https:\/\/www.gbchampionship.com\/kubata\/soldado\/","og_locale":"es_ES","og_type":"article","og_title":"Soldado - Kubata de Hojalata","og_description":"Soldado 1. \u00bfCuantos a\u00f1os llevas en esto de los dardos? Desde el 2005 en la Farfolla....12 a\u00f1os. 2. \u00bfCual es tu MPR y PPD aprox.? MPR sobre un 2,3 y en PPD un 20 por ah\u00ed 3. \u00bfCu\u00e1l ha sido tu mayor victoria en el Kubata? La mayor victoria en el Kubata ha sido [&hellip;]","og_url":"https:\/\/www.gbchampionship.com\/kubata\/soldado\/","og_site_name":"Kubata de Hojalata","article_modified_time":"2017-11-13T09:29:14+00:00","twitter_card":"summary_large_image","twitter_misc":{"Tiempo de lectura":"4 minutos"},"schema":{"@context":"https:\/\/schema.org","@graph":[{"@type":"WebPage","@id":"https:\/\/www.gbchampionship.com\/kubata\/soldado\/","url":"https:\/\/www.gbchampionship.com\/kubata\/soldado\/","name":"Soldado - Kubata de Hojalata","isPartOf":{"@id":"https:\/\/www.gbchampionship.com\/kubata\/#website"},"datePublished":"2017-11-08T19:40:35+00:00","dateModified":"2017-11-13T09:29:14+00:00","breadcrumb":{"@id":"https:\/\/www.gbchampionship.com\/kubata\/soldado\/#breadcrumb"},"inLanguage":"es","potentialAction":[{"@type":"ReadAction","target":["https:\/\/www.gbchampionship.com\/kubata\/soldado\/"]}]},{"@type":"BreadcrumbList","@id":"https:\/\/www.gbchampionship.com\/kubata\/soldado\/#breadcrumb","itemListElement":[{"@type":"ListItem","position":1,"name":"Portada","item":"https:\/\/www.gbchampionship.com\/kubata\/"},{"@type":"ListItem","position":2,"name":"Soldado"}]},{"@type":"WebSite","@id":"https:\/\/www.gbchampionship.com\/kubata\/#website","url":"https:\/\/www.gbchampionship.com\/kubata\/","name":"Kubata de Hojalata","description":"","potentialAction":[{"@type":"SearchAction","target":{"@type":"EntryPoint","urlTemplate":"https:\/\/www.gbchampionship.com\/kubata\/?s={search_term_string}"},"query-input":{"@type":"PropertyValueSpecification","valueRequired":true,"valueName":"search_term_string"}}],"inLanguage":"es"}]}},"_links":{"self":[{"href":"https:\/\/www.gbchampionship.com\/kubata\/wp-json\/wp\/v2\/pages\/29348","targetHints":{"allow":["GET"]}}],"collection":[{"href":"https:\/\/www.gbchampionship.com\/kubata\/wp-json\/wp\/v2\/pages"}],"about":[{"href":"https:\/\/www.gbchampionship.com\/kubata\/wp-json\/wp\/v2\/types\/page"}],"author":[{"embeddable":true,"href":"https:\/\/www.gbchampionship.com\/kubata\/wp-json\/wp\/v2\/users\/8"}],"replies":[{"embeddable":true,"href":"https:\/\/www.gbchampionship.com\/kubata\/wp-json\/wp\/v2\/comments?post=29348"}],"version-history":[{"count":2,"href":"https:\/\/www.gbchampionship.com\/kubata\/wp-json\/wp\/v2\/pages\/29348\/revisions"}],"predecessor-version":[{"id":29366,"href":"https:\/\/www.gbchampionship.com\/kubata\/wp-json\/wp\/v2\/pages\/29348\/revisions\/29366"}],"wp:attachment":[{"href":"https:\/\/www.gbchampionship.com\/kubata\/wp-json\/wp\/v2\/media?parent=29348"}],"curies":[{"name":"wp","href":"https:\/\/api.w.org\/{rel}","templated":true}]}}