{"id":29357,"date":"2017-11-09T18:44:01","date_gmt":"2017-11-09T18:44:01","guid":{"rendered":"https:\/\/www.gbchampionship.com\/kubata\/?page_id=29357"},"modified":"2017-11-24T15:50:24","modified_gmt":"2017-11-24T15:50:24","slug":"enigma-soldado","status":"publish","type":"page","link":"https:\/\/www.gbchampionship.com\/kubata\/enigma-soldado\/","title":{"rendered":"El enigma de Soldado"},"content":{"rendered":"<p>[et_pb_section bb_built=\u00bb1&#8243;][et_pb_row][et_pb_column type=\u00bb1_2&#8243;][et_pb_image _builder_version=\u00bb3.0.64&#8243; src=\u00bbhttps:\/\/www.gbchampionship.com\/kubata\/wp-content\/uploads\/2017\/11\/enigmasoldado.jpg\u00bb show_in_lightbox=\u00bboff\u00bb url_new_window=\u00bboff\u00bb use_overlay=\u00bboff\u00bb sticky=\u00bboff\u00bb align=\u00bbleft\u00bb always_center_on_mobile=\u00bbon\u00bb border_style=\u00bbsolid\u00bb force_fullwidth=\u00bboff\u00bb \/][\/et_pb_column][et_pb_column type=\u00bb1_2&#8243;][et_pb_text _builder_version=\u00bb3.0.64&#8243; background_layout=\u00bblight\u00bb text_orientation=\u00bbleft\u00bb border_style=\u00bbsolid\u00bb]<\/p>\n<h1>El Enigma de Soldado<\/h1>\n<p>La \u00faltima tirada. Nada decidido a\u00fan. Llega ese momento en el que la estrategia, m\u00e1s que nunca, puede marcar la diferencia. Decidir el resultado, gloria o fracaso. La intuici\u00f3n te gu\u00eda en ocasiones, no eres de esos genios de la estrategia que de un vistazo al marcador diagnostican con precisi\u00f3n el tratamiento ganador.<\/p>\n<p>\u200eSoldado se dirige a la barra. Vas por delante 30 puntos, tienes abierto el 15 y Soldado el 16. Algo te dice que en la estrategia de tus tres \u00faltimos dardos, adem\u00e1s del marcador, es muy importante el rival. Lo miras. Soldado le pega un sorbo a su tanque de cerveza. Parece confiado. Pide un carajillo!. Horror. Lo que ya ten\u00edas decidido hacer con tus tres dardos, se transforma en una duda fertilizada por el aplomo que muestra Soldado, que se encuentra mirando el movil.<\/p>\n<p>\u00bfEstar\u00e1 enviando otra de sus fotos, acostado junto a otra obra con plazo de acabado incierto? \u00bf Quiz\u00e1s wassapeando un \u00bb Lo tengo en el bote\u00bb?<br \/>\nTe situas en la linea de tiro. Soldado bebe su tanque de cerveza mientras parece ajustar el cintur\u00f3n de sus pantalones. Te entra el p\u00e1nico. \u00bf Est\u00e1 ajustandose el cintur\u00f3n, o realmente lo est\u00e1 aflojando, preparandose para su internacionalmente conocido Striptease De La Victoria?<br \/>\nHa llegado el momento de decidir el destino de tus tres \u00faltimos dardos. Luego lanzar\u00e1 Soldado.<\/p>\n<p>\u200e\u00bfQu\u00e9 har\u00e1s?<\/p>\n<p>[\/et_pb_text][\/et_pb_column][\/et_pb_row][\/et_pb_section][et_pb_section bb_built=\u00bb1&#8243; fullwidth=\u00bboff\u00bb specialty=\u00bboff\u00bb _builder_version=\u00bb3.0.64&#8243; global_module=\u00bb29132&#8243;][et_pb_row global_parent=\u00bb29132&#8243;][et_pb_column type=\u00bb4_4&#8243;][et_pb_comments global_parent=\u00bb29132&#8243; _builder_version=\u00bb3.0.64&#8243; show_avatar=\u00bbon\u00bb show_reply=\u00bbon\u00bb show_count=\u00bbon\u00bb background_layout=\u00bblight\u00bb border_style=\u00bbsolid\u00bb custom_button=\u00bboff\u00bb button_letter_spacing=\u00bb0&#8243; button_icon_placement=\u00bbright\u00bb button_letter_spacing_hover=\u00bb0&#8243; \/][\/et_pb_column][\/et_pb_row][\/et_pb_section]<\/p>\n<!-- AddThis Advanced Settings generic via filter on the_content --><!-- AddThis Share Buttons generic via filter on the_content -->","protected":false},"excerpt":{"rendered":"<p><div class=\"et_pb_row et_pb_row_0 et_pb_row_empty\">\n\t\t\t\t\n\t\t\t\t\n\t\t\t\t\n\t\t\t\t\n\t\t\t\t\n\t\t\t<\/div> El Enigma de Soldado La \u00faltima tirada. Nada decidido a\u00fan. Llega ese momento en el que la estrategia, m\u00e1s que nunca, puede marcar la diferencia. Decidir el resultado, gloria o fracaso. La intuici\u00f3n te gu\u00eda en ocasiones, no eres de esos genios de la estrategia que de un vistazo al marcador diagnostican con precisi\u00f3n [&hellip;]<\/p>\n<p><!-- AddThis Advanced Settings generic via filter on get_the_excerpt --><!-- AddThis Share Buttons generic via filter on get_the_excerpt --><\/p>\n","protected":false},"author":8,"featured_media":0,"parent":0,"menu_order":0,"comment_status":"open","ping_status":"closed","template":"","meta":{"_et_pb_use_builder":"on","_et_pb_old_content":"","_et_gb_content_width":"","footnotes":""},"class_list":["post-29357","page","type-page","status-publish","hentry"],"yoast_head":"<!-- This site is optimized with the Yoast SEO plugin v24.9 - https:\/\/yoast.com\/wordpress\/plugins\/seo\/ -->\n<title>El enigma de Soldado - Kubata de Hojalata<\/title>\n<meta name=\"robots\" content=\"index, follow, max-snippet:-1, max-image-preview:large, max-video-preview:-1\" \/>\n<link rel=\"canonical\" href=\"https:\/\/www.gbchampionship.com\/kubata\/enigma-soldado\/\" \/>\n<meta property=\"og:locale\" content=\"es_ES\" \/>\n<meta property=\"og:type\" content=\"article\" \/>\n<meta property=\"og:title\" content=\"El enigma de Soldado - Kubata de Hojalata\" \/>\n<meta property=\"og:description\" content=\"El Enigma de Soldado La \u00faltima tirada. Nada decidido a\u00fan. Llega ese momento en el que la estrategia, m\u00e1s que nunca, puede marcar la diferencia. Decidir el resultado, gloria o fracaso. La intuici\u00f3n te gu\u00eda en ocasiones, no eres de esos genios de la estrategia que de un vistazo al marcador diagnostican con precisi\u00f3n [&hellip;]\" \/>\n<meta property=\"og:url\" content=\"https:\/\/www.gbchampionship.com\/kubata\/enigma-soldado\/\" \/>\n<meta property=\"og:site_name\" content=\"Kubata de Hojalata\" \/>\n<meta property=\"article:modified_time\" content=\"2017-11-24T15:50:24+00:00\" \/>\n<meta name=\"twitter:card\" content=\"summary_large_image\" \/>\n<meta name=\"twitter:label1\" content=\"Tiempo de lectura\" \/>\n\t<meta name=\"twitter:data1\" content=\"2 minutos\" \/>\n<script type=\"application\/ld+json\" class=\"yoast-schema-graph\">{\"@context\":\"https:\/\/schema.org\",\"@graph\":[{\"@type\":\"WebPage\",\"@id\":\"https:\/\/www.gbchampionship.com\/kubata\/enigma-soldado\/\",\"url\":\"https:\/\/www.gbchampionship.com\/kubata\/enigma-soldado\/\",\"name\":\"El enigma de Soldado - Kubata de Hojalata\",\"isPartOf\":{\"@id\":\"https:\/\/www.gbchampionship.com\/kubata\/#website\"},\"datePublished\":\"2017-11-09T18:44:01+00:00\",\"dateModified\":\"2017-11-24T15:50:24+00:00\",\"breadcrumb\":{\"@id\":\"https:\/\/www.gbchampionship.com\/kubata\/enigma-soldado\/#breadcrumb\"},\"inLanguage\":\"es\",\"potentialAction\":[{\"@type\":\"ReadAction\",\"target\":[\"https:\/\/www.gbchampionship.com\/kubata\/enigma-soldado\/\"]}]},{\"@type\":\"BreadcrumbList\",\"@id\":\"https:\/\/www.gbchampionship.com\/kubata\/enigma-soldado\/#breadcrumb\",\"itemListElement\":[{\"@type\":\"ListItem\",\"position\":1,\"name\":\"Portada\",\"item\":\"https:\/\/www.gbchampionship.com\/kubata\/\"},{\"@type\":\"ListItem\",\"position\":2,\"name\":\"El enigma de Soldado\"}]},{\"@type\":\"WebSite\",\"@id\":\"https:\/\/www.gbchampionship.com\/kubata\/#website\",\"url\":\"https:\/\/www.gbchampionship.com\/kubata\/\",\"name\":\"Kubata de Hojalata\",\"description\":\"\",\"potentialAction\":[{\"@type\":\"SearchAction\",\"target\":{\"@type\":\"EntryPoint\",\"urlTemplate\":\"https:\/\/www.gbchampionship.com\/kubata\/?s={search_term_string}\"},\"query-input\":{\"@type\":\"PropertyValueSpecification\",\"valueRequired\":true,\"valueName\":\"search_term_string\"}}],\"inLanguage\":\"es\"}]}<\/script>\n<!-- \/ Yoast SEO plugin. -->","yoast_head_json":{"title":"El enigma de Soldado - Kubata de Hojalata","robots":{"index":"index","follow":"follow","max-snippet":"max-snippet:-1","max-image-preview":"max-image-preview:large","max-video-preview":"max-video-preview:-1"},"canonical":"https:\/\/www.gbchampionship.com\/kubata\/enigma-soldado\/","og_locale":"es_ES","og_type":"article","og_title":"El enigma de Soldado - Kubata de Hojalata","og_description":"El Enigma de Soldado La \u00faltima tirada. Nada decidido a\u00fan. Llega ese momento en el que la estrategia, m\u00e1s que nunca, puede marcar la diferencia. Decidir el resultado, gloria o fracaso. La intuici\u00f3n te gu\u00eda en ocasiones, no eres de esos genios de la estrategia que de un vistazo al marcador diagnostican con precisi\u00f3n [&hellip;]","og_url":"https:\/\/www.gbchampionship.com\/kubata\/enigma-soldado\/","og_site_name":"Kubata de Hojalata","article_modified_time":"2017-11-24T15:50:24+00:00","twitter_card":"summary_large_image","twitter_misc":{"Tiempo de lectura":"2 minutos"},"schema":{"@context":"https:\/\/schema.org","@graph":[{"@type":"WebPage","@id":"https:\/\/www.gbchampionship.com\/kubata\/enigma-soldado\/","url":"https:\/\/www.gbchampionship.com\/kubata\/enigma-soldado\/","name":"El enigma de Soldado - Kubata de Hojalata","isPartOf":{"@id":"https:\/\/www.gbchampionship.com\/kubata\/#website"},"datePublished":"2017-11-09T18:44:01+00:00","dateModified":"2017-11-24T15:50:24+00:00","breadcrumb":{"@id":"https:\/\/www.gbchampionship.com\/kubata\/enigma-soldado\/#breadcrumb"},"inLanguage":"es","potentialAction":[{"@type":"ReadAction","target":["https:\/\/www.gbchampionship.com\/kubata\/enigma-soldado\/"]}]},{"@type":"BreadcrumbList","@id":"https:\/\/www.gbchampionship.com\/kubata\/enigma-soldado\/#breadcrumb","itemListElement":[{"@type":"ListItem","position":1,"name":"Portada","item":"https:\/\/www.gbchampionship.com\/kubata\/"},{"@type":"ListItem","position":2,"name":"El enigma de Soldado"}]},{"@type":"WebSite","@id":"https:\/\/www.gbchampionship.com\/kubata\/#website","url":"https:\/\/www.gbchampionship.com\/kubata\/","name":"Kubata de Hojalata","description":"","potentialAction":[{"@type":"SearchAction","target":{"@type":"EntryPoint","urlTemplate":"https:\/\/www.gbchampionship.com\/kubata\/?s={search_term_string}"},"query-input":{"@type":"PropertyValueSpecification","valueRequired":true,"valueName":"search_term_string"}}],"inLanguage":"es"}]}},"_links":{"self":[{"href":"https:\/\/www.gbchampionship.com\/kubata\/wp-json\/wp\/v2\/pages\/29357","targetHints":{"allow":["GET"]}}],"collection":[{"href":"https:\/\/www.gbchampionship.com\/kubata\/wp-json\/wp\/v2\/pages"}],"about":[{"href":"https:\/\/www.gbchampionship.com\/kubata\/wp-json\/wp\/v2\/types\/page"}],"author":[{"embeddable":true,"href":"https:\/\/www.gbchampionship.com\/kubata\/wp-json\/wp\/v2\/users\/8"}],"replies":[{"embeddable":true,"href":"https:\/\/www.gbchampionship.com\/kubata\/wp-json\/wp\/v2\/comments?post=29357"}],"version-history":[{"count":3,"href":"https:\/\/www.gbchampionship.com\/kubata\/wp-json\/wp\/v2\/pages\/29357\/revisions"}],"predecessor-version":[{"id":29414,"href":"https:\/\/www.gbchampionship.com\/kubata\/wp-json\/wp\/v2\/pages\/29357\/revisions\/29414"}],"wp:attachment":[{"href":"https:\/\/www.gbchampionship.com\/kubata\/wp-json\/wp\/v2\/media?parent=29357"}],"curies":[{"name":"wp","href":"https:\/\/api.w.org\/{rel}","templated":true}]}}