{"id":29376,"date":"2017-11-13T09:42:36","date_gmt":"2017-11-13T09:42:36","guid":{"rendered":"https:\/\/www.gbchampionship.com\/kubata\/?page_id=29376"},"modified":"2017-12-07T07:52:21","modified_gmt":"2017-12-07T07:52:21","slug":"miquel","status":"publish","type":"page","link":"https:\/\/www.gbchampionship.com\/kubata\/miquel\/","title":{"rendered":"Miquel"},"content":{"rendered":"<p>[et_pb_section bb_built=\u00bb1&#8243;][et_pb_row][et_pb_column type=\u00bb1_4&#8243;][et_pb_image _builder_version=\u00bb3.0.64&#8243; src=\u00bbhttps:\/\/www.gbchampionship.com\/kubata\/wp-content\/uploads\/2017\/11\/migue.jpg\u00bb show_in_lightbox=\u00bboff\u00bb url_new_window=\u00bboff\u00bb use_overlay=\u00bboff\u00bb sticky=\u00bboff\u00bb align=\u00bbleft\u00bb always_center_on_mobile=\u00bbon\u00bb border_style=\u00bbsolid\u00bb force_fullwidth=\u00bboff\u00bb \/][et_pb_button _builder_version=\u00bb3.0.64&#8243; button_text=\u00bbVer m\u00e1s h\u00e9roes\u00bb button_url=\u00bb\/kubata\/los-heroes\/\u00bb url_new_window=\u00bboff\u00bb button_alignment=\u00bbleft\u00bb background_layout=\u00bblight\u00bb custom_button=\u00bboff\u00bb button_letter_spacing=\u00bb0&#8243; button_icon_placement=\u00bbright\u00bb button_letter_spacing_hover=\u00bb0&#8243; \/][\/et_pb_column][et_pb_column type=\u00bb3_4&#8243;][et_pb_text _builder_version=\u00bb3.0.64&#8243; background_layout=\u00bblight\u00bb text_orientation=\u00bbleft\u00bb border_style=\u00bbsolid\u00bb]<\/p>\n<h1>Miquel<\/h1>\n<p><strong>1. \u00bfCuantos a\u00f1os llevas en esto de los dardos?<\/strong><br \/>\njugando ligas llevar\u00e9 unos 6 a\u00f1os lo cual tambi\u00e9n se incluye el coger dardos x primera vez.<br \/>\n<strong>2. \u00bfCual es tu MPR y PPD aprox.?<\/strong><br \/>\ndiana entera tal vez un 26 \u00f3 27 y partida un 22 \u00f3 23. Y criket un 2.7<br \/>\n<strong>3. \u00bfCu\u00e1l ha sido tu mayor victoria en el Kubata?<\/strong><br \/>\nEl clasificarnos al europeo de peniche fue lo m\u00e1s importante pero vamos cualquier victoria es importante<br \/>\n<strong>4. \u00bfY cual fuera del Kubata?<\/strong><br \/>\nEl tercer puesto en calella por parejas con vindel,en un torneo interno del punt eliminar a Wallace creo k ser\u00eda dif\u00edcil repetirlo<br \/>\n<strong>5. \u00bfEntrenas?<\/strong><br \/>\nSip<br \/>\n<strong>6. \u00bfCual es tu pauta de entrenamiento?<\/strong><br \/>\nPrimero calentar un poco haciendo agrupaci\u00f3n de dardos, luego ruedas a sencillos dobles y triples en caso de fallar mucho un doble o triple me oblig\u00f3 una vez le doy a repetirlo 3 veces y despu\u00e9s jugar contra los chinos de la Diana. Todo esto acompa\u00f1ado por un buen tanque<br \/>\n<strong>7. \u00bfQui\u00e9n es tu \u00eddolo en el Kubata?<\/strong><br \/>\nOscar el hecho de que estemos tan unidos es gracias el por tener el kubata<br \/>\n<strong>8. \u00bfCual es tu n\u00famero favorito?<\/strong><br \/>\nNo sabr\u00eda decir seguramente el 20 es al final al que m\u00e1s le tiras<br \/>\n<strong>9. \u00bfQu\u00e9 n\u00famero te da m\u00e1s rabia?<\/strong><br \/>\nNo sabr\u00eda decir pero tal vez los k menos costumbre tengo de tirar un 9 triple tal vez<br \/>\n<strong>10. \u00bfSabr\u00edas dibujar un c\u00edrculo y poner los n\u00fameros correctamente sin mirar a la diana?<\/strong><br \/>\nPoner los n\u00fameros si pero un c\u00edrculo me resultar\u00eda complicado<br \/>\n<strong>11. \u00bfQu\u00e9 es lo que te da m\u00e1s rabia al jugar?<\/strong><br \/>\nQue falle varias rondas el dardo de cierre y al final acabe cerrando el rival<br \/>\n<strong>12. \u00bfEn qu\u00e9 momento de la partida disfrutas m\u00e1s jugando a los dardos?<\/strong><br \/>\nCuando empiezo a meter dardos y el rival responde y se la devuelves y es re\u00f1ida la partida pero finalmente se gana y cuando haces cierres algo fuera de com\u00fan como un 177 que hice el \u00faltimo partido de liga<br \/>\n<strong>13. \u00bfQui\u00e9n dir\u00edas que es la nueva promesa del Kubata?<\/strong><br \/>\nNo lo sabr\u00eda decir pero creo si siguen practicando ser\u00eda Raul el bro del tuno y edgar podr\u00edan llegar a donde ellos quisieran<br \/>\n<strong>14. \u00bfQu\u00e9 prefieres beber mientras juegas?<\/strong><br \/>\nCerveza y pillar el punto que te da igual todo y Coca-Cola.<br \/>\n<strong>15. \u00bfCon qu\u00e9 jugador llevas un pique personal?<\/strong><br \/>\nPique no llevo con nadie pero si k me gusta competir y ganar a pablo a carlos de mi equipo y aulaso que gracias a \u00e9l entre en este mundillo<br \/>\n<strong>16. \u00bfSabr\u00edas explicarnos tu t\u00e9cnica de tiro?\u00bfQu\u00e9 haces, c\u00f3mo apuntas, c\u00f3mo tiras?<\/strong><br \/>\nMi tecnica es tomarmelo con calma y no presionarme. Me pongo en la l\u00ednea cojo el dardo y apunto con el dardo al objetivo y luego simplemente es tirar estirando el brazo k no se me qued\u00e9 a medio camino<br \/>\n<strong>17. \u00bfHasta qu\u00e9 punto el ruido te molesta a la hora de tirar?<\/strong><br \/>\nNo me molesta mucho la verdad es m\u00e1s si se hace el silencio de golpe me pone algo nervioso as\u00ed k un ruido logico esta bien tampoco es k me est\u00e9n gritando en la oreja cosa que nunca me a pasado creo<\/p>\n<p>[\/et_pb_text][\/et_pb_column][\/et_pb_row][\/et_pb_section][et_pb_section bb_built=\u00bb1&#8243; fullwidth=\u00bboff\u00bb specialty=\u00bboff\u00bb _builder_version=\u00bb3.0.64&#8243; global_module=\u00bb29132&#8243;][et_pb_row global_parent=\u00bb29132&#8243;][et_pb_column type=\u00bb4_4&#8243;][et_pb_comments global_parent=\u00bb29132&#8243; _builder_version=\u00bb3.0.64&#8243; show_avatar=\u00bbon\u00bb show_reply=\u00bbon\u00bb show_count=\u00bbon\u00bb background_layout=\u00bblight\u00bb border_style=\u00bbsolid\u00bb custom_button=\u00bboff\u00bb button_letter_spacing=\u00bb0&#8243; button_icon_placement=\u00bbright\u00bb button_letter_spacing_hover=\u00bb0&#8243; \/][\/et_pb_column][\/et_pb_row][\/et_pb_section]<\/p>\n<!-- AddThis Advanced Settings generic via filter on the_content --><!-- AddThis Share Buttons generic via filter on the_content -->","protected":false},"excerpt":{"rendered":"<p><div class=\"et_pb_row et_pb_row_0 et_pb_row_empty\">\n\t\t\t\t\n\t\t\t\t\n\t\t\t\t\n\t\t\t\t\n\t\t\t\t\n\t\t\t<\/div> Miquel 1. \u00bfCuantos a\u00f1os llevas en esto de los dardos? jugando ligas llevar\u00e9 unos 6 a\u00f1os lo cual tambi\u00e9n se incluye el coger dardos x primera vez. 2. \u00bfCual es tu MPR y PPD aprox.? diana entera tal vez un 26 \u00f3 27 y partida un 22 \u00f3 23. Y criket un 2.7 3. [&hellip;]<\/p>\n<p><!-- AddThis Advanced Settings generic via filter on get_the_excerpt --><!-- AddThis Share Buttons generic via filter on get_the_excerpt --><\/p>\n","protected":false},"author":8,"featured_media":0,"parent":0,"menu_order":0,"comment_status":"open","ping_status":"closed","template":"","meta":{"_et_pb_use_builder":"on","_et_pb_old_content":"","_et_gb_content_width":"","footnotes":""},"class_list":["post-29376","page","type-page","status-publish","hentry"],"yoast_head":"<!-- This site is optimized with the Yoast SEO plugin v24.9 - https:\/\/yoast.com\/wordpress\/plugins\/seo\/ -->\n<title>Miquel - Kubata de Hojalata<\/title>\n<meta name=\"robots\" content=\"index, follow, max-snippet:-1, max-image-preview:large, max-video-preview:-1\" \/>\n<link rel=\"canonical\" href=\"https:\/\/www.gbchampionship.com\/kubata\/miquel\/\" \/>\n<meta property=\"og:locale\" content=\"es_ES\" \/>\n<meta property=\"og:type\" content=\"article\" \/>\n<meta property=\"og:title\" content=\"Miquel - Kubata de Hojalata\" \/>\n<meta property=\"og:description\" content=\"Miquel 1. \u00bfCuantos a\u00f1os llevas en esto de los dardos? jugando ligas llevar\u00e9 unos 6 a\u00f1os lo cual tambi\u00e9n se incluye el coger dardos x primera vez. 2. \u00bfCual es tu MPR y PPD aprox.? diana entera tal vez un 26 \u00f3 27 y partida un 22 \u00f3 23. Y criket un 2.7 3. [&hellip;]\" \/>\n<meta property=\"og:url\" content=\"https:\/\/www.gbchampionship.com\/kubata\/miquel\/\" \/>\n<meta property=\"og:site_name\" content=\"Kubata de Hojalata\" \/>\n<meta property=\"article:modified_time\" content=\"2017-12-07T07:52:21+00:00\" \/>\n<meta name=\"twitter:card\" content=\"summary_large_image\" \/>\n<meta name=\"twitter:label1\" content=\"Tiempo de lectura\" \/>\n\t<meta name=\"twitter:data1\" content=\"4 minutos\" \/>\n<script type=\"application\/ld+json\" class=\"yoast-schema-graph\">{\"@context\":\"https:\/\/schema.org\",\"@graph\":[{\"@type\":\"WebPage\",\"@id\":\"https:\/\/www.gbchampionship.com\/kubata\/miquel\/\",\"url\":\"https:\/\/www.gbchampionship.com\/kubata\/miquel\/\",\"name\":\"Miquel - Kubata de Hojalata\",\"isPartOf\":{\"@id\":\"https:\/\/www.gbchampionship.com\/kubata\/#website\"},\"datePublished\":\"2017-11-13T09:42:36+00:00\",\"dateModified\":\"2017-12-07T07:52:21+00:00\",\"breadcrumb\":{\"@id\":\"https:\/\/www.gbchampionship.com\/kubata\/miquel\/#breadcrumb\"},\"inLanguage\":\"es\",\"potentialAction\":[{\"@type\":\"ReadAction\",\"target\":[\"https:\/\/www.gbchampionship.com\/kubata\/miquel\/\"]}]},{\"@type\":\"BreadcrumbList\",\"@id\":\"https:\/\/www.gbchampionship.com\/kubata\/miquel\/#breadcrumb\",\"itemListElement\":[{\"@type\":\"ListItem\",\"position\":1,\"name\":\"Portada\",\"item\":\"https:\/\/www.gbchampionship.com\/kubata\/\"},{\"@type\":\"ListItem\",\"position\":2,\"name\":\"Miquel\"}]},{\"@type\":\"WebSite\",\"@id\":\"https:\/\/www.gbchampionship.com\/kubata\/#website\",\"url\":\"https:\/\/www.gbchampionship.com\/kubata\/\",\"name\":\"Kubata de Hojalata\",\"description\":\"\",\"potentialAction\":[{\"@type\":\"SearchAction\",\"target\":{\"@type\":\"EntryPoint\",\"urlTemplate\":\"https:\/\/www.gbchampionship.com\/kubata\/?s={search_term_string}\"},\"query-input\":{\"@type\":\"PropertyValueSpecification\",\"valueRequired\":true,\"valueName\":\"search_term_string\"}}],\"inLanguage\":\"es\"}]}<\/script>\n<!-- \/ Yoast SEO plugin. -->","yoast_head_json":{"title":"Miquel - Kubata de Hojalata","robots":{"index":"index","follow":"follow","max-snippet":"max-snippet:-1","max-image-preview":"max-image-preview:large","max-video-preview":"max-video-preview:-1"},"canonical":"https:\/\/www.gbchampionship.com\/kubata\/miquel\/","og_locale":"es_ES","og_type":"article","og_title":"Miquel - Kubata de Hojalata","og_description":"Miquel 1. \u00bfCuantos a\u00f1os llevas en esto de los dardos? jugando ligas llevar\u00e9 unos 6 a\u00f1os lo cual tambi\u00e9n se incluye el coger dardos x primera vez. 2. \u00bfCual es tu MPR y PPD aprox.? diana entera tal vez un 26 \u00f3 27 y partida un 22 \u00f3 23. Y criket un 2.7 3. [&hellip;]","og_url":"https:\/\/www.gbchampionship.com\/kubata\/miquel\/","og_site_name":"Kubata de Hojalata","article_modified_time":"2017-12-07T07:52:21+00:00","twitter_card":"summary_large_image","twitter_misc":{"Tiempo de lectura":"4 minutos"},"schema":{"@context":"https:\/\/schema.org","@graph":[{"@type":"WebPage","@id":"https:\/\/www.gbchampionship.com\/kubata\/miquel\/","url":"https:\/\/www.gbchampionship.com\/kubata\/miquel\/","name":"Miquel - Kubata de Hojalata","isPartOf":{"@id":"https:\/\/www.gbchampionship.com\/kubata\/#website"},"datePublished":"2017-11-13T09:42:36+00:00","dateModified":"2017-12-07T07:52:21+00:00","breadcrumb":{"@id":"https:\/\/www.gbchampionship.com\/kubata\/miquel\/#breadcrumb"},"inLanguage":"es","potentialAction":[{"@type":"ReadAction","target":["https:\/\/www.gbchampionship.com\/kubata\/miquel\/"]}]},{"@type":"BreadcrumbList","@id":"https:\/\/www.gbchampionship.com\/kubata\/miquel\/#breadcrumb","itemListElement":[{"@type":"ListItem","position":1,"name":"Portada","item":"https:\/\/www.gbchampionship.com\/kubata\/"},{"@type":"ListItem","position":2,"name":"Miquel"}]},{"@type":"WebSite","@id":"https:\/\/www.gbchampionship.com\/kubata\/#website","url":"https:\/\/www.gbchampionship.com\/kubata\/","name":"Kubata de Hojalata","description":"","potentialAction":[{"@type":"SearchAction","target":{"@type":"EntryPoint","urlTemplate":"https:\/\/www.gbchampionship.com\/kubata\/?s={search_term_string}"},"query-input":{"@type":"PropertyValueSpecification","valueRequired":true,"valueName":"search_term_string"}}],"inLanguage":"es"}]}},"_links":{"self":[{"href":"https:\/\/www.gbchampionship.com\/kubata\/wp-json\/wp\/v2\/pages\/29376","targetHints":{"allow":["GET"]}}],"collection":[{"href":"https:\/\/www.gbchampionship.com\/kubata\/wp-json\/wp\/v2\/pages"}],"about":[{"href":"https:\/\/www.gbchampionship.com\/kubata\/wp-json\/wp\/v2\/types\/page"}],"author":[{"embeddable":true,"href":"https:\/\/www.gbchampionship.com\/kubata\/wp-json\/wp\/v2\/users\/8"}],"replies":[{"embeddable":true,"href":"https:\/\/www.gbchampionship.com\/kubata\/wp-json\/wp\/v2\/comments?post=29376"}],"version-history":[{"count":3,"href":"https:\/\/www.gbchampionship.com\/kubata\/wp-json\/wp\/v2\/pages\/29376\/revisions"}],"predecessor-version":[{"id":29426,"href":"https:\/\/www.gbchampionship.com\/kubata\/wp-json\/wp\/v2\/pages\/29376\/revisions\/29426"}],"wp:attachment":[{"href":"https:\/\/www.gbchampionship.com\/kubata\/wp-json\/wp\/v2\/media?parent=29376"}],"curies":[{"name":"wp","href":"https:\/\/api.w.org\/{rel}","templated":true}]}}