{"id":29448,"date":"2017-12-11T17:14:07","date_gmt":"2017-12-11T17:14:07","guid":{"rendered":"https:\/\/www.gbchampionship.com\/kubata\/?page_id=29448"},"modified":"2017-12-19T15:13:44","modified_gmt":"2017-12-19T15:13:44","slug":"carol","status":"publish","type":"page","link":"https:\/\/www.gbchampionship.com\/kubata\/carol\/","title":{"rendered":"Carol"},"content":{"rendered":"<p>[et_pb_section bb_built=\u00bb1&#8243;][et_pb_row][et_pb_column type=\u00bb1_4&#8243;][et_pb_image _builder_version=\u00bb3.0.64&#8243; src=\u00bbhttps:\/\/www.gbchampionship.com\/kubata\/wp-content\/uploads\/2017\/12\/carol.jpg\u00bb show_in_lightbox=\u00bboff\u00bb url_new_window=\u00bboff\u00bb use_overlay=\u00bboff\u00bb sticky=\u00bboff\u00bb align=\u00bbleft\u00bb always_center_on_mobile=\u00bbon\u00bb border_style=\u00bbsolid\u00bb force_fullwidth=\u00bboff\u00bb \/][et_pb_button _builder_version=\u00bb3.0.64&#8243; button_text=\u00bbVer m\u00e1s h\u00e9roes\u00bb button_url=\u00bb\/kubata\/los-heroes\/\u00bb url_new_window=\u00bboff\u00bb button_alignment=\u00bbleft\u00bb background_layout=\u00bblight\u00bb custom_button=\u00bboff\u00bb button_letter_spacing=\u00bb0&#8243; button_icon_placement=\u00bbright\u00bb button_letter_spacing_hover=\u00bb0&#8243; \/][\/et_pb_column][et_pb_column type=\u00bb3_4&#8243;][et_pb_text _builder_version=\u00bb3.0.64&#8243; background_layout=\u00bblight\u00bb text_orientation=\u00bbleft\u00bb border_style=\u00bbsolid\u00bb]<\/p>\n<h1>Carol<\/h1>\n<p><strong>1. \u00bfCuantos a\u00f1os llevas en esto de los dardos?<\/strong><br \/>\nPoco menos de un a\u00f1o, desde Marzo del 2017 mas o menos.<br \/>\n<strong>2. \u00bfCual es tu MPR y PPD aprox.?<\/strong><br \/>\nSoy un poco inestable, de normal 16 y 1.5, pero hay d\u00edas que estoy inspirada y me puedo marcar un 2.5 en cricket, esos dias son pocos.<br \/>\n<strong>3. \u00bfCu\u00e1l ha sido tu mayor victoria en el Kubata?<\/strong><br \/>\nVictoria como tal una kubatalla (antes de que empezara la temporada de phoenix) que qued\u00e9 tercera en individual (o eso me dijo Oskar), victoria personal un peque\u00f1o torneo (no era kubatalla) en el que juge contra Miquel Barron sin saber quien era y, aunque no le gan\u00e9, le plant\u00e9 cara, o eso creo.<br \/>\n<strong>4. \u00bfY cual fuera del Kubata?<\/strong><br \/>\nUna vez jugando contra Carlos S\u00e1nchez y Sul un 501, me dijeron de jugar por cortes\u00eda y les cerre con T20 T20 D4, nos quedamos los tres flipando, no se me olvidar\u00e1 nunca.<br \/>\n<strong>5. \u00bfEntrenas?<\/strong><br \/>\nCuando puedo, viernes y s\u00e1bado suelo jugar, ultimamente llevo los dardos siempre encima por si se me presenta la oportunidad.<br \/>\n<strong>6. \u00bfCual es tu pauta de entrenamiento?<\/strong><br \/>\nDe normal intento dar tres veces al mismo numero en una tirada, da igual simple doble o triple, tirando a los numeros del cricket, otras veces simplemente tiro al centro.<br \/>\n<strong>7. \u00bfQui\u00e9n es tu \u00eddolo en el Kubata?<\/strong><br \/>\nUfff, es que todos juegan tan bien que no podr\u00eda elegir solo a uno, me gusta mucho como juega Edu de los New Kids y tambien Miquel de los Positive.<br \/>\n<strong>8. \u00bfCual es tu n\u00famero favorito?<\/strong><br \/>\nEl 19 y el 17 de me dan bastante bien, y ultimamente el 18 lo llevo en el punto de mira pero creo que es porque como se me daba tan mal me he centrado demasiado en \u00e9l.<br \/>\n<strong>9. \u00bfQu\u00e9 n\u00famero te da m\u00e1s rabia?<\/strong><br \/>\n\u00bfEl centro cuenta? Si no el que mas rabia me da es el 20, demasiado alto.<br \/>\n<strong>10. \u00bfSabr\u00edas dibujar un c\u00edrculo y poner los n\u00fameros correctamente sin mirar a la diana?<\/strong><br \/>\n<a href=\"https:\/\/www.gbchampionship.com\/kubata\/wp-content\/uploads\/2017\/12\/caroldiana.jpg\"><img loading=\"lazy\" decoding=\"async\" class=\"alignnone size-medium wp-image-29461\" src=\"https:\/\/www.gbchampionship.com\/kubata\/wp-content\/uploads\/2017\/12\/caroldiana-168x300.jpg\" alt=\"\" width=\"168\" height=\"300\" srcset=\"https:\/\/www.gbchampionship.com\/kubata\/wp-content\/uploads\/2017\/12\/caroldiana-168x300.jpg 168w, https:\/\/www.gbchampionship.com\/kubata\/wp-content\/uploads\/2017\/12\/caroldiana-768x1368.jpg 768w, https:\/\/www.gbchampionship.com\/kubata\/wp-content\/uploads\/2017\/12\/caroldiana-575x1024.jpg 575w, https:\/\/www.gbchampionship.com\/kubata\/wp-content\/uploads\/2017\/12\/caroldiana.jpg 898w\" sizes=\"(max-width: 168px) 100vw, 168px\" \/><\/a><br \/>\nUfff, podr\u00eda intentarlo, pero a sabes, luego lo hago y te mando una foto.<br \/>\n<strong>11. \u00bfQu\u00e9 es lo que te da m\u00e1s rabia al jugar?<\/strong><br \/>\nQue me traicionen los nervios.<br \/>\n<strong>12. \u00bfEn qu\u00e9 momento de la partida disfrutas m\u00e1s jugando a los dardos?<\/strong><br \/>\nCuando vamos los dos oponentes tan a la par que la partida puede dar un giro en cualquier momento, la tensi\u00f3n se puede cortar con un cuchillo y estais los dos deseando que el otro no le de al n\u00famero certero porque te jode vivo y, obviamente, quieres ganar.<br \/>\n<strong>13. \u00bfQui\u00e9n dir\u00edas que es la nueva promesa del Kubata?<\/strong><br \/>\nJajajaja cuando Sul se ponga bien del todo volver\u00e1 con fuerza, pero en estos momento Ruben, el hermano de Tuno, no se cuanto tiempo lleva jugando pero creo que no mucho y se le da muy bien<br \/>\n<strong>14. \u00bfQu\u00e9 prefieres beber mientras juegas?<\/strong><br \/>\nNo me gusta la cerveza, eso como dato, de normal bebo peche con naranja.<br \/>\n<strong>15. \u00bfCon qu\u00e9 jugador llevas un pique personal?<\/strong><br \/>\nCarlos Sanchez de los New Kids por el simple hecho de que es con quien mas entreno y sabe que los nervios me traicionan y como ponerme nerviosa, es una gran satisfacci\u00f3n ganarle&#8230; Las pocas veces que lo hago&#8230;<br \/>\n<strong>16. \u00bfSabr\u00edas explicarnos tu t\u00e9cnica de tiro?\u00bfQu\u00e9 haces, c\u00f3mo apuntas, c\u00f3mo tiras?<\/strong><br \/>\nNo se, simplemente intento no moverme a la hora de lanzar el dardo y que vaya recto.<br \/>\n<strong>17. \u00bfHasta qu\u00e9 punto el ruido te molesta a la hora de tirar?<\/strong><br \/>\nNo me molesta, a ver, si tengo a alguien al lado gritando o algo por el estilo si pero conversacones de fondo o m\u00fasica alta no me molesta.<\/p>\n<p>[\/et_pb_text][\/et_pb_column][\/et_pb_row][\/et_pb_section][et_pb_section bb_built=\u00bb1&#8243; fullwidth=\u00bboff\u00bb specialty=\u00bboff\u00bb _builder_version=\u00bb3.0.64&#8243; global_module=\u00bb29132&#8243;][et_pb_row global_parent=\u00bb29132&#8243;][et_pb_column type=\u00bb4_4&#8243;][et_pb_comments global_parent=\u00bb29132&#8243; _builder_version=\u00bb3.0.64&#8243; show_avatar=\u00bbon\u00bb show_reply=\u00bbon\u00bb show_count=\u00bbon\u00bb background_layout=\u00bblight\u00bb border_style=\u00bbsolid\u00bb custom_button=\u00bboff\u00bb button_letter_spacing=\u00bb0&#8243; button_icon_placement=\u00bbright\u00bb button_letter_spacing_hover=\u00bb0&#8243; \/][\/et_pb_column][\/et_pb_row][\/et_pb_section]<\/p>\n<!-- AddThis Advanced Settings generic via filter on the_content --><!-- AddThis Share Buttons generic via filter on the_content -->","protected":false},"excerpt":{"rendered":"<p><div class=\"et_pb_row et_pb_row_0 et_pb_row_empty\">\n\t\t\t\t\n\t\t\t\t\n\t\t\t\t\n\t\t\t\t\n\t\t\t\t\n\t\t\t<\/div> Carol 1. \u00bfCuantos a\u00f1os llevas en esto de los dardos? Poco menos de un a\u00f1o, desde Marzo del 2017 mas o menos. 2. \u00bfCual es tu MPR y PPD aprox.? Soy un poco inestable, de normal 16 y 1.5, pero hay d\u00edas que estoy inspirada y me puedo marcar un 2.5 en cricket, esos [&hellip;]<\/p>\n<p><!-- AddThis Advanced Settings generic via filter on get_the_excerpt --><!-- AddThis Share Buttons generic via filter on get_the_excerpt --><\/p>\n","protected":false},"author":8,"featured_media":0,"parent":0,"menu_order":0,"comment_status":"open","ping_status":"closed","template":"","meta":{"_et_pb_use_builder":"on","_et_pb_old_content":"","_et_gb_content_width":"","footnotes":""},"class_list":["post-29448","page","type-page","status-publish","hentry"],"yoast_head":"<!-- This site is optimized with the Yoast SEO plugin v24.9 - https:\/\/yoast.com\/wordpress\/plugins\/seo\/ -->\n<title>Carol - Kubata de Hojalata<\/title>\n<meta name=\"robots\" content=\"index, follow, max-snippet:-1, max-image-preview:large, max-video-preview:-1\" \/>\n<link rel=\"canonical\" href=\"https:\/\/www.gbchampionship.com\/kubata\/carol\/\" \/>\n<meta property=\"og:locale\" content=\"es_ES\" \/>\n<meta property=\"og:type\" content=\"article\" \/>\n<meta property=\"og:title\" content=\"Carol - Kubata de Hojalata\" \/>\n<meta property=\"og:description\" content=\"Carol 1. \u00bfCuantos a\u00f1os llevas en esto de los dardos? Poco menos de un a\u00f1o, desde Marzo del 2017 mas o menos. 2. \u00bfCual es tu MPR y PPD aprox.? Soy un poco inestable, de normal 16 y 1.5, pero hay d\u00edas que estoy inspirada y me puedo marcar un 2.5 en cricket, esos [&hellip;]\" \/>\n<meta property=\"og:url\" content=\"https:\/\/www.gbchampionship.com\/kubata\/carol\/\" \/>\n<meta property=\"og:site_name\" content=\"Kubata de Hojalata\" \/>\n<meta property=\"article:modified_time\" content=\"2017-12-19T15:13:44+00:00\" \/>\n<meta property=\"og:image\" content=\"https:\/\/www.gbchampionship.com\/kubata\/wp-content\/uploads\/2017\/12\/caroldiana.jpg\" \/>\n\t<meta property=\"og:image:width\" content=\"898\" \/>\n\t<meta property=\"og:image:height\" content=\"1600\" \/>\n\t<meta property=\"og:image:type\" content=\"image\/jpeg\" \/>\n<meta name=\"twitter:card\" content=\"summary_large_image\" \/>\n<meta name=\"twitter:label1\" content=\"Tiempo de lectura\" \/>\n\t<meta name=\"twitter:data1\" content=\"4 minutos\" \/>\n<script type=\"application\/ld+json\" class=\"yoast-schema-graph\">{\"@context\":\"https:\/\/schema.org\",\"@graph\":[{\"@type\":\"WebPage\",\"@id\":\"https:\/\/www.gbchampionship.com\/kubata\/carol\/\",\"url\":\"https:\/\/www.gbchampionship.com\/kubata\/carol\/\",\"name\":\"Carol - Kubata de Hojalata\",\"isPartOf\":{\"@id\":\"https:\/\/www.gbchampionship.com\/kubata\/#website\"},\"primaryImageOfPage\":{\"@id\":\"https:\/\/www.gbchampionship.com\/kubata\/carol\/#primaryimage\"},\"image\":{\"@id\":\"https:\/\/www.gbchampionship.com\/kubata\/carol\/#primaryimage\"},\"thumbnailUrl\":\"https:\/\/www.gbchampionship.com\/kubata\/wp-content\/uploads\/2017\/12\/caroldiana-168x300.jpg\",\"datePublished\":\"2017-12-11T17:14:07+00:00\",\"dateModified\":\"2017-12-19T15:13:44+00:00\",\"breadcrumb\":{\"@id\":\"https:\/\/www.gbchampionship.com\/kubata\/carol\/#breadcrumb\"},\"inLanguage\":\"es\",\"potentialAction\":[{\"@type\":\"ReadAction\",\"target\":[\"https:\/\/www.gbchampionship.com\/kubata\/carol\/\"]}]},{\"@type\":\"ImageObject\",\"inLanguage\":\"es\",\"@id\":\"https:\/\/www.gbchampionship.com\/kubata\/carol\/#primaryimage\",\"url\":\"https:\/\/www.gbchampionship.com\/kubata\/wp-content\/uploads\/2017\/12\/caroldiana.jpg\",\"contentUrl\":\"https:\/\/www.gbchampionship.com\/kubata\/wp-content\/uploads\/2017\/12\/caroldiana.jpg\",\"width\":898,\"height\":1600},{\"@type\":\"BreadcrumbList\",\"@id\":\"https:\/\/www.gbchampionship.com\/kubata\/carol\/#breadcrumb\",\"itemListElement\":[{\"@type\":\"ListItem\",\"position\":1,\"name\":\"Portada\",\"item\":\"https:\/\/www.gbchampionship.com\/kubata\/\"},{\"@type\":\"ListItem\",\"position\":2,\"name\":\"Carol\"}]},{\"@type\":\"WebSite\",\"@id\":\"https:\/\/www.gbchampionship.com\/kubata\/#website\",\"url\":\"https:\/\/www.gbchampionship.com\/kubata\/\",\"name\":\"Kubata de Hojalata\",\"description\":\"\",\"potentialAction\":[{\"@type\":\"SearchAction\",\"target\":{\"@type\":\"EntryPoint\",\"urlTemplate\":\"https:\/\/www.gbchampionship.com\/kubata\/?s={search_term_string}\"},\"query-input\":{\"@type\":\"PropertyValueSpecification\",\"valueRequired\":true,\"valueName\":\"search_term_string\"}}],\"inLanguage\":\"es\"}]}<\/script>\n<!-- \/ Yoast SEO plugin. -->","yoast_head_json":{"title":"Carol - Kubata de Hojalata","robots":{"index":"index","follow":"follow","max-snippet":"max-snippet:-1","max-image-preview":"max-image-preview:large","max-video-preview":"max-video-preview:-1"},"canonical":"https:\/\/www.gbchampionship.com\/kubata\/carol\/","og_locale":"es_ES","og_type":"article","og_title":"Carol - Kubata de Hojalata","og_description":"Carol 1. \u00bfCuantos a\u00f1os llevas en esto de los dardos? Poco menos de un a\u00f1o, desde Marzo del 2017 mas o menos. 2. \u00bfCual es tu MPR y PPD aprox.? Soy un poco inestable, de normal 16 y 1.5, pero hay d\u00edas que estoy inspirada y me puedo marcar un 2.5 en cricket, esos [&hellip;]","og_url":"https:\/\/www.gbchampionship.com\/kubata\/carol\/","og_site_name":"Kubata de Hojalata","article_modified_time":"2017-12-19T15:13:44+00:00","og_image":[{"width":898,"height":1600,"url":"https:\/\/www.gbchampionship.com\/kubata\/wp-content\/uploads\/2017\/12\/caroldiana.jpg","type":"image\/jpeg"}],"twitter_card":"summary_large_image","twitter_misc":{"Tiempo de lectura":"4 minutos"},"schema":{"@context":"https:\/\/schema.org","@graph":[{"@type":"WebPage","@id":"https:\/\/www.gbchampionship.com\/kubata\/carol\/","url":"https:\/\/www.gbchampionship.com\/kubata\/carol\/","name":"Carol - Kubata de Hojalata","isPartOf":{"@id":"https:\/\/www.gbchampionship.com\/kubata\/#website"},"primaryImageOfPage":{"@id":"https:\/\/www.gbchampionship.com\/kubata\/carol\/#primaryimage"},"image":{"@id":"https:\/\/www.gbchampionship.com\/kubata\/carol\/#primaryimage"},"thumbnailUrl":"https:\/\/www.gbchampionship.com\/kubata\/wp-content\/uploads\/2017\/12\/caroldiana-168x300.jpg","datePublished":"2017-12-11T17:14:07+00:00","dateModified":"2017-12-19T15:13:44+00:00","breadcrumb":{"@id":"https:\/\/www.gbchampionship.com\/kubata\/carol\/#breadcrumb"},"inLanguage":"es","potentialAction":[{"@type":"ReadAction","target":["https:\/\/www.gbchampionship.com\/kubata\/carol\/"]}]},{"@type":"ImageObject","inLanguage":"es","@id":"https:\/\/www.gbchampionship.com\/kubata\/carol\/#primaryimage","url":"https:\/\/www.gbchampionship.com\/kubata\/wp-content\/uploads\/2017\/12\/caroldiana.jpg","contentUrl":"https:\/\/www.gbchampionship.com\/kubata\/wp-content\/uploads\/2017\/12\/caroldiana.jpg","width":898,"height":1600},{"@type":"BreadcrumbList","@id":"https:\/\/www.gbchampionship.com\/kubata\/carol\/#breadcrumb","itemListElement":[{"@type":"ListItem","position":1,"name":"Portada","item":"https:\/\/www.gbchampionship.com\/kubata\/"},{"@type":"ListItem","position":2,"name":"Carol"}]},{"@type":"WebSite","@id":"https:\/\/www.gbchampionship.com\/kubata\/#website","url":"https:\/\/www.gbchampionship.com\/kubata\/","name":"Kubata de Hojalata","description":"","potentialAction":[{"@type":"SearchAction","target":{"@type":"EntryPoint","urlTemplate":"https:\/\/www.gbchampionship.com\/kubata\/?s={search_term_string}"},"query-input":{"@type":"PropertyValueSpecification","valueRequired":true,"valueName":"search_term_string"}}],"inLanguage":"es"}]}},"_links":{"self":[{"href":"https:\/\/www.gbchampionship.com\/kubata\/wp-json\/wp\/v2\/pages\/29448","targetHints":{"allow":["GET"]}}],"collection":[{"href":"https:\/\/www.gbchampionship.com\/kubata\/wp-json\/wp\/v2\/pages"}],"about":[{"href":"https:\/\/www.gbchampionship.com\/kubata\/wp-json\/wp\/v2\/types\/page"}],"author":[{"embeddable":true,"href":"https:\/\/www.gbchampionship.com\/kubata\/wp-json\/wp\/v2\/users\/8"}],"replies":[{"embeddable":true,"href":"https:\/\/www.gbchampionship.com\/kubata\/wp-json\/wp\/v2\/comments?post=29448"}],"version-history":[{"count":2,"href":"https:\/\/www.gbchampionship.com\/kubata\/wp-json\/wp\/v2\/pages\/29448\/revisions"}],"predecessor-version":[{"id":29462,"href":"https:\/\/www.gbchampionship.com\/kubata\/wp-json\/wp\/v2\/pages\/29448\/revisions\/29462"}],"wp:attachment":[{"href":"https:\/\/www.gbchampionship.com\/kubata\/wp-json\/wp\/v2\/media?parent=29448"}],"curies":[{"name":"wp","href":"https:\/\/api.w.org\/{rel}","templated":true}]}}