{"id":29450,"date":"2017-12-11T17:17:23","date_gmt":"2017-12-11T17:17:23","guid":{"rendered":"https:\/\/www.gbchampionship.com\/kubata\/?page_id=29450"},"modified":"2017-12-11T17:17:23","modified_gmt":"2017-12-11T17:17:23","slug":"carlos-sanchez","status":"publish","type":"page","link":"https:\/\/www.gbchampionship.com\/kubata\/carlos-sanchez\/","title":{"rendered":"Carlos S\u00e1nchez"},"content":{"rendered":"<p>[et_pb_section bb_built=\u00bb1&#8243;][et_pb_row][et_pb_column type=\u00bb1_4&#8243;][et_pb_image _builder_version=\u00bb3.0.64&#8243; src=\u00bbhttps:\/\/www.gbchampionship.com\/kubata\/wp-content\/uploads\/2017\/12\/carlossan.jpg\u00bb show_in_lightbox=\u00bboff\u00bb url_new_window=\u00bboff\u00bb use_overlay=\u00bboff\u00bb sticky=\u00bboff\u00bb align=\u00bbleft\u00bb always_center_on_mobile=\u00bbon\u00bb border_style=\u00bbsolid\u00bb force_fullwidth=\u00bboff\u00bb \/][et_pb_button _builder_version=\u00bb3.0.64&#8243; button_text=\u00bbVer m\u00e1s h\u00e9roes\u00bb button_url=\u00bb\/kubata\/los-heroes\/\u00bb url_new_window=\u00bboff\u00bb button_alignment=\u00bbleft\u00bb background_layout=\u00bblight\u00bb custom_button=\u00bboff\u00bb button_letter_spacing=\u00bb0&#8243; button_icon_placement=\u00bbright\u00bb button_letter_spacing_hover=\u00bb0&#8243; \/][\/et_pb_column][et_pb_column type=\u00bb3_4&#8243;][et_pb_text _builder_version=\u00bb3.0.64&#8243; background_layout=\u00bblight\u00bb text_orientation=\u00bbleft\u00bb border_style=\u00bbsolid\u00bb]<\/p>\n<h1>Carlos S\u00e1nchez<\/h1>\n<p><strong>1. \u00bfCuantos a\u00f1os llevas en esto de los dardos?<\/strong><br \/>\nPues, aproximadamente a\u00f1o y medio creo.<br \/>\n<strong>2. \u00bfCual es tu MPR y PPD aprox.?<\/strong><br \/>\nUn 19 m\u00e1s menos y un 2&#8217;30, por ah\u00ed anda la cosa<br \/>\n<strong>3. \u00bfCu\u00e1l ha sido tu mayor victoria en el Kubata?<\/strong><br \/>\nGanar la liga con los new kids.<br \/>\n<strong>4. \u00bfY cual fuera del Kubata?<\/strong><br \/>\nEn el Nacional de vadelsa, contra unos chiquillos, una larga historia&#8230;<br \/>\n<strong>5. \u00bfEntrenas?<\/strong><br \/>\nDeber\u00eda, pero no, no lo hago.<br \/>\n<strong>6. \u00bfCual es tu pauta de entrenamiento?<\/strong><br \/>\nAsumo que queda anulada por la respuesta anterior, en caso contrario, cuando me paso por el kubata o por el dejavu, pues tiro unos cuantos dardos con quien haya por ah\u00ed.<br \/>\n<strong>7. \u00bfQui\u00e9n es tu \u00eddolo en el Kubata?<\/strong><br \/>\nEs dif\u00edcil, hay mucha gente buena, pero creo que me quedo con el cabroncete de Edu.<br \/>\n<strong>8. \u00bfCual es tu n\u00famero favorito?<\/strong><br \/>\nEl 19.<br \/>\n<strong>9. \u00bfQu\u00e9 n\u00famero te da m\u00e1s rabia?<\/strong><br \/>\nLa verdad no tengo ning\u00fan n\u00famero que me d\u00e9 rabia, pero oye, si tengo que elegir uno, el 20, que como todos, es m\u00e1s f\u00e1cil hacer 9 marcas al 1 que al 20.<br \/>\n<strong>10. \u00bfSabr\u00edas dibujar un c\u00edrculo y poner los n\u00fameros correctamente sin mirar a la diana?<\/strong><br \/>\nCreo que s\u00ed.<br \/>\n<strong>11. \u00bfQu\u00e9 es lo que te da m\u00e1s rabia al jugar?<\/strong><br \/>\nQue se me crucen por delante o me mareen.<br \/>\n<strong>12. \u00bfEn qu\u00e9 momento de la partida disfrutas m\u00e1s jugando a los dardos?<\/strong><br \/>\nNo tengo un momento favorito o una parte en la que disfrute m\u00e1s, realmente me gusta jugar y sobretodo en pareja si vamos compenetrados.<br \/>\n<strong>13. \u00bfQui\u00e9n dir\u00edas que es la nueva promesa del Kubata?<\/strong><br \/>\nYo dir\u00eda que el hermano de tuno, le he visto jugar estos d\u00edas y la verdad es que tiene pinta de rascar en breves.<br \/>\n<strong>14. \u00bfQu\u00e9 prefieres beber mientras juegas?<\/strong><br \/>\nCerveza o whisky con cola.<br \/>\n<strong>15. \u00bfCon qu\u00e9 jugador llevas un pique personal?<\/strong><br \/>\nDentro del equipo con Pini, por ser el 4 mejor jugador, pero realmente con nadie llevo un pique personal.<br \/>\n<strong>16. \u00bfSabr\u00edas explicarnos tu t\u00e9cnica de tiro?\u00bfQu\u00e9 haces, c\u00f3mo apuntas, c\u00f3mo tiras?<\/strong><br \/>\nColoco el pie derecho paralelo a la l\u00ednea, me coloco muy a la izquierda de la diana y lanzo, no sabr\u00eda explicarme bien.<br \/>\n<strong>17. \u00bfHasta qu\u00e9 punto el ruido te molesta a la hora de tirar?<\/strong><br \/>\nMientras sea m\u00fasica, a toda virolla, pero si es gente hablando muy fuerte y dem\u00e1s, me molesta a la hora de concentrarme.<\/p>\n<p>[\/et_pb_text][\/et_pb_column][\/et_pb_row][\/et_pb_section][et_pb_section bb_built=\u00bb1&#8243; fullwidth=\u00bboff\u00bb specialty=\u00bboff\u00bb _builder_version=\u00bb3.0.64&#8243; global_module=\u00bb29132&#8243;][et_pb_row global_parent=\u00bb29132&#8243;][et_pb_column type=\u00bb4_4&#8243;][et_pb_comments global_parent=\u00bb29132&#8243; _builder_version=\u00bb3.0.64&#8243; show_avatar=\u00bbon\u00bb show_reply=\u00bbon\u00bb show_count=\u00bbon\u00bb background_layout=\u00bblight\u00bb border_style=\u00bbsolid\u00bb custom_button=\u00bboff\u00bb button_letter_spacing=\u00bb0&#8243; button_icon_placement=\u00bbright\u00bb button_letter_spacing_hover=\u00bb0&#8243; \/][\/et_pb_column][\/et_pb_row][\/et_pb_section]<\/p>\n<!-- AddThis Advanced Settings generic via filter on the_content --><!-- AddThis Share Buttons generic via filter on the_content -->","protected":false},"excerpt":{"rendered":"<p><div class=\"et_pb_row et_pb_row_0 et_pb_row_empty\">\n\t\t\t\t\n\t\t\t\t\n\t\t\t\t\n\t\t\t\t\n\t\t\t\t\n\t\t\t<\/div> Carlos S\u00e1nchez 1. \u00bfCuantos a\u00f1os llevas en esto de los dardos? Pues, aproximadamente a\u00f1o y medio creo. 2. \u00bfCual es tu MPR y PPD aprox.? Un 19 m\u00e1s menos y un 2&#8217;30, por ah\u00ed anda la cosa 3. \u00bfCu\u00e1l ha sido tu mayor victoria en el Kubata? Ganar la liga con los new kids. [&hellip;]<\/p>\n<p><!-- AddThis Advanced Settings generic via filter on get_the_excerpt --><!-- AddThis Share Buttons generic via filter on get_the_excerpt --><\/p>\n","protected":false},"author":8,"featured_media":0,"parent":0,"menu_order":0,"comment_status":"open","ping_status":"closed","template":"","meta":{"_et_pb_use_builder":"on","_et_pb_old_content":"","_et_gb_content_width":"","footnotes":""},"class_list":["post-29450","page","type-page","status-publish","hentry"],"yoast_head":"<!-- This site is optimized with the Yoast SEO plugin v24.9 - https:\/\/yoast.com\/wordpress\/plugins\/seo\/ -->\n<title>Carlos S\u00e1nchez - Kubata de Hojalata<\/title>\n<meta name=\"robots\" content=\"index, follow, max-snippet:-1, max-image-preview:large, max-video-preview:-1\" \/>\n<link rel=\"canonical\" href=\"https:\/\/www.gbchampionship.com\/kubata\/carlos-sanchez\/\" \/>\n<meta property=\"og:locale\" content=\"es_ES\" \/>\n<meta property=\"og:type\" content=\"article\" \/>\n<meta property=\"og:title\" content=\"Carlos S\u00e1nchez - Kubata de Hojalata\" \/>\n<meta property=\"og:description\" content=\"Carlos S\u00e1nchez 1. \u00bfCuantos a\u00f1os llevas en esto de los dardos? Pues, aproximadamente a\u00f1o y medio creo. 2. \u00bfCual es tu MPR y PPD aprox.? Un 19 m\u00e1s menos y un 2&#039;30, por ah\u00ed anda la cosa 3. \u00bfCu\u00e1l ha sido tu mayor victoria en el Kubata? Ganar la liga con los new kids. [&hellip;]\" \/>\n<meta property=\"og:url\" content=\"https:\/\/www.gbchampionship.com\/kubata\/carlos-sanchez\/\" \/>\n<meta property=\"og:site_name\" content=\"Kubata de Hojalata\" \/>\n<meta name=\"twitter:card\" content=\"summary_large_image\" \/>\n<meta name=\"twitter:label1\" content=\"Tiempo de lectura\" \/>\n\t<meta name=\"twitter:data1\" content=\"3 minutos\" \/>\n<script type=\"application\/ld+json\" class=\"yoast-schema-graph\">{\"@context\":\"https:\/\/schema.org\",\"@graph\":[{\"@type\":\"WebPage\",\"@id\":\"https:\/\/www.gbchampionship.com\/kubata\/carlos-sanchez\/\",\"url\":\"https:\/\/www.gbchampionship.com\/kubata\/carlos-sanchez\/\",\"name\":\"Carlos S\u00e1nchez - Kubata de Hojalata\",\"isPartOf\":{\"@id\":\"https:\/\/www.gbchampionship.com\/kubata\/#website\"},\"datePublished\":\"2017-12-11T17:17:23+00:00\",\"breadcrumb\":{\"@id\":\"https:\/\/www.gbchampionship.com\/kubata\/carlos-sanchez\/#breadcrumb\"},\"inLanguage\":\"es\",\"potentialAction\":[{\"@type\":\"ReadAction\",\"target\":[\"https:\/\/www.gbchampionship.com\/kubata\/carlos-sanchez\/\"]}]},{\"@type\":\"BreadcrumbList\",\"@id\":\"https:\/\/www.gbchampionship.com\/kubata\/carlos-sanchez\/#breadcrumb\",\"itemListElement\":[{\"@type\":\"ListItem\",\"position\":1,\"name\":\"Portada\",\"item\":\"https:\/\/www.gbchampionship.com\/kubata\/\"},{\"@type\":\"ListItem\",\"position\":2,\"name\":\"Carlos S\u00e1nchez\"}]},{\"@type\":\"WebSite\",\"@id\":\"https:\/\/www.gbchampionship.com\/kubata\/#website\",\"url\":\"https:\/\/www.gbchampionship.com\/kubata\/\",\"name\":\"Kubata de Hojalata\",\"description\":\"\",\"potentialAction\":[{\"@type\":\"SearchAction\",\"target\":{\"@type\":\"EntryPoint\",\"urlTemplate\":\"https:\/\/www.gbchampionship.com\/kubata\/?s={search_term_string}\"},\"query-input\":{\"@type\":\"PropertyValueSpecification\",\"valueRequired\":true,\"valueName\":\"search_term_string\"}}],\"inLanguage\":\"es\"}]}<\/script>\n<!-- \/ Yoast SEO plugin. -->","yoast_head_json":{"title":"Carlos S\u00e1nchez - Kubata de Hojalata","robots":{"index":"index","follow":"follow","max-snippet":"max-snippet:-1","max-image-preview":"max-image-preview:large","max-video-preview":"max-video-preview:-1"},"canonical":"https:\/\/www.gbchampionship.com\/kubata\/carlos-sanchez\/","og_locale":"es_ES","og_type":"article","og_title":"Carlos S\u00e1nchez - Kubata de Hojalata","og_description":"Carlos S\u00e1nchez 1. \u00bfCuantos a\u00f1os llevas en esto de los dardos? Pues, aproximadamente a\u00f1o y medio creo. 2. \u00bfCual es tu MPR y PPD aprox.? Un 19 m\u00e1s menos y un 2'30, por ah\u00ed anda la cosa 3. \u00bfCu\u00e1l ha sido tu mayor victoria en el Kubata? Ganar la liga con los new kids. [&hellip;]","og_url":"https:\/\/www.gbchampionship.com\/kubata\/carlos-sanchez\/","og_site_name":"Kubata de Hojalata","twitter_card":"summary_large_image","twitter_misc":{"Tiempo de lectura":"3 minutos"},"schema":{"@context":"https:\/\/schema.org","@graph":[{"@type":"WebPage","@id":"https:\/\/www.gbchampionship.com\/kubata\/carlos-sanchez\/","url":"https:\/\/www.gbchampionship.com\/kubata\/carlos-sanchez\/","name":"Carlos S\u00e1nchez - Kubata de Hojalata","isPartOf":{"@id":"https:\/\/www.gbchampionship.com\/kubata\/#website"},"datePublished":"2017-12-11T17:17:23+00:00","breadcrumb":{"@id":"https:\/\/www.gbchampionship.com\/kubata\/carlos-sanchez\/#breadcrumb"},"inLanguage":"es","potentialAction":[{"@type":"ReadAction","target":["https:\/\/www.gbchampionship.com\/kubata\/carlos-sanchez\/"]}]},{"@type":"BreadcrumbList","@id":"https:\/\/www.gbchampionship.com\/kubata\/carlos-sanchez\/#breadcrumb","itemListElement":[{"@type":"ListItem","position":1,"name":"Portada","item":"https:\/\/www.gbchampionship.com\/kubata\/"},{"@type":"ListItem","position":2,"name":"Carlos S\u00e1nchez"}]},{"@type":"WebSite","@id":"https:\/\/www.gbchampionship.com\/kubata\/#website","url":"https:\/\/www.gbchampionship.com\/kubata\/","name":"Kubata de Hojalata","description":"","potentialAction":[{"@type":"SearchAction","target":{"@type":"EntryPoint","urlTemplate":"https:\/\/www.gbchampionship.com\/kubata\/?s={search_term_string}"},"query-input":{"@type":"PropertyValueSpecification","valueRequired":true,"valueName":"search_term_string"}}],"inLanguage":"es"}]}},"_links":{"self":[{"href":"https:\/\/www.gbchampionship.com\/kubata\/wp-json\/wp\/v2\/pages\/29450","targetHints":{"allow":["GET"]}}],"collection":[{"href":"https:\/\/www.gbchampionship.com\/kubata\/wp-json\/wp\/v2\/pages"}],"about":[{"href":"https:\/\/www.gbchampionship.com\/kubata\/wp-json\/wp\/v2\/types\/page"}],"author":[{"embeddable":true,"href":"https:\/\/www.gbchampionship.com\/kubata\/wp-json\/wp\/v2\/users\/8"}],"replies":[{"embeddable":true,"href":"https:\/\/www.gbchampionship.com\/kubata\/wp-json\/wp\/v2\/comments?post=29450"}],"version-history":[{"count":1,"href":"https:\/\/www.gbchampionship.com\/kubata\/wp-json\/wp\/v2\/pages\/29450\/revisions"}],"predecessor-version":[{"id":29451,"href":"https:\/\/www.gbchampionship.com\/kubata\/wp-json\/wp\/v2\/pages\/29450\/revisions\/29451"}],"wp:attachment":[{"href":"https:\/\/www.gbchampionship.com\/kubata\/wp-json\/wp\/v2\/media?parent=29450"}],"curies":[{"name":"wp","href":"https:\/\/api.w.org\/{rel}","templated":true}]}}